{"id":29040,"date":"2025-02-14T03:02:00","date_gmt":"2025-02-14T00:02:00","guid":{"rendered":"https:\/\/stileuropa.com\/hesabim\/"},"modified":"2025-03-12T14:41:37","modified_gmt":"2025-03-12T11:41:37","slug":"hesabim","status":"publish","type":"page","link":"https:\/\/stileuropa.com\/tr\/hesabim\/","title":{"rendered":"Hesab\u0131m"},"content":{"rendered":"\t\t<div data-elementor-type=\"wp-page\" data-elementor-id=\"29040\" class=\"elementor elementor-29040 elementor-29030\" data-elementor-post-type=\"page\">\n\t\t\t\t<div class=\"elementor-element elementor-element-b1ddf8f e-con-full e-flex e-con e-parent\" data-id=\"b1ddf8f\" data-element_type=\"container\">\n\t\t\t\t<div class=\"elementor-element elementor-element-d540019 elementor-widget elementor-widget-shortcode\" data-id=\"d540019\" data-element_type=\"widget\" data-widget_type=\"shortcode.default\">\n\t\t\t\t<div class=\"elementor-widget-container\">\n\t\t\t\t\t\t\t<div class=\"elementor-shortcode\"><div class=\"woocommerce\">\n<div class=\"jet-woo-builder-woocommerce-myaccount-login-page\">\n\n\t<div class=\"woocommerce-notices-wrapper\"><\/div>\n\t<div id=\"customer_login\">\n\t\t\t\t<div data-elementor-type=\"jet-woo-builder-myaccount\" data-elementor-id=\"29014\" class=\"elementor elementor-29014 elementor-28991\" data-elementor-post-type=\"jet-woo-builder\">\n\t\t\t\t<div class=\"elementor-element elementor-element-12f9277 e-grid e-con-boxed e-con e-parent\" data-id=\"12f9277\" data-element_type=\"container\">\n\t\t\t\t\t<div class=\"e-con-inner\">\n\t\t\t\t<div class=\"elementor-element elementor-element-e3fe489 elementor-widget elementor-widget-jet-myaccount-login-form\" data-id=\"e3fe489\" data-element_type=\"widget\" data-widget_type=\"jet-myaccount-login-form.default\">\n\t\t\t\t<div class=\"elementor-widget-container\">\n\t\t\t\t\t<div class=\"elementor-jet-myaccount-login-form jet-woo-builder\">\n<h2>Giri\u015f Yap<\/h2>\n\n<form class=\"woocommerce-form woocommerce-form-login login\" method=\"post\" novalidate>\n\n\t\n\t<p class=\"woocommerce-form-row woocommerce-form-row--wide form-row form-row-wide\">\n\t\t<label for=\"username\">Kullan\u0131c\u0131 ad\u0131 veya e-posta adresi&nbsp;<span class=\"required\">*<\/span><\/label>\n\t\t<input type=\"text\" class=\"woocommerce-Input woocommerce-Input--text input-text\" name=\"username\" id=\"username\" autocomplete=\"username\" value=\"\" \/>\t<\/p>\n\t<p class=\"woocommerce-form-row woocommerce-form-row--wide form-row form-row-wide\">\n\t\t<label for=\"password\">Parola&nbsp;<span class=\"required\">*<\/span><\/label>\n\t\t<input class=\"woocommerce-Input woocommerce-Input--text input-text\" type=\"password\" name=\"password\" id=\"password\" autocomplete=\"current-password\" \/>\n\t<\/p>\n\n\t\n\t<p class=\"form-row\">\n\t\t<label class=\"woocommerce-form__label woocommerce-form__label-for-checkbox woocommerce-form-login__rememberme\">\n\t\t\t<input class=\"woocommerce-form__input woocommerce-form__input-checkbox\" name=\"rememberme\" type=\"checkbox\" id=\"rememberme\" value=\"forever\" \/> <span>Beni hat\u0131rla<\/span>\n\t\t<\/label>\n\t\t<input type=\"hidden\" id=\"woocommerce-login-nonce\" name=\"woocommerce-login-nonce\" value=\"b4a2a826f0\" \/><input type=\"hidden\" name=\"_wp_http_referer\" value=\"\/tr\/wp-json\/wp\/v2\/pages\/29040\" \/>\t\t<button type=\"submit\" class=\"woocommerce-button button woocommerce-form-login__submit \" name=\"login\" value=\"Giri\u015f Yap\">Giri\u015f Yap<\/button>\n\t<\/p>\n\t<p class=\"woocommerce-LostPassword lost_password\">\n\t\t<a href=\"https:\/\/stileuropa.com\/tr\/hesabim\/lost-password\/\">Parolan\u0131z\u0131 m\u0131 unuttunuz?<\/a>\n\t<\/p>\n\n\t\n<\/form><\/div>\t\t\t\t<\/div>\n\t\t\t\t<\/div>\n\t\t\t\t<div class=\"elementor-element elementor-element-2dad8b0 elementor-widget elementor-widget-jet-myaccount-registration-form\" data-id=\"2dad8b0\" data-element_type=\"widget\" data-widget_type=\"jet-myaccount-registration-form.default\">\n\t\t\t\t<div class=\"elementor-widget-container\">\n\t\t\t\t\t<div class=\"elementor-jet-myaccount-registration-form jet-woo-builder\">\n<h2>\u00dcye Ol<\/h2>\n\n<form method=\"post\" class=\"woocommerce-form woocommerce-form-register register\"  >\n\n\t\n\t\n\t<p class=\"woocommerce-form-row woocommerce-form-row--wide form-row form-row-wide\">\n\t\t<label for=\"reg_email\">E-posta adresi&nbsp;<span class=\"required\">*<\/span><\/label>\n\t\t<input type=\"email\" class=\"woocommerce-Input woocommerce-Input--text input-text\" name=\"email\" id=\"reg_email\" autocomplete=\"email\" value=\"\" \/>\t<\/p>\n\n\t\n\t\t<p class=\"woocommerce-form-row woocommerce-form-row--wide form-row form-row-wide\">\n\t\t\t<label for=\"reg_password\">Parola&nbsp;<span class=\"required\">*<\/span><\/label>\n\t\t\t<input type=\"password\" class=\"woocommerce-Input woocommerce-Input--text input-text\" name=\"password\" id=\"reg_password\" autocomplete=\"new-password\" \/>\n\t\t<\/p>\n\n\t\n\t<wc-order-attribution-inputs><\/wc-order-attribution-inputs><div class=\"woocommerce-privacy-policy-text\"><p>Your personal data will be used to support your experience throughout this website, to manage access to your account, and for other purposes described in our <a href=\"\" class=\"woocommerce-privacy-policy-link\" target=\"_blank\">gizlilik ilkesi<\/a>.<\/p>\n<\/div>\n\t<p class=\"woocommerce-form-row form-row\">\n\t\t<input type=\"hidden\" id=\"woocommerce-register-nonce\" name=\"woocommerce-register-nonce\" value=\"8b83d33704\" \/><input type=\"hidden\" name=\"_wp_http_referer\" value=\"\/tr\/wp-json\/wp\/v2\/pages\/29040\" \/>\t\t<button type=\"submit\" class=\"woocommerce-Button woocommerce-button button woocommerce-form-register__submit \" name=\"register\" value=\"\u00dcye Ol\">\u00dcye Ol<\/button>\n\t<\/p>\n\n\t\n<\/form><\/div>\t\t\t\t<\/div>\n\t\t\t\t<\/div>\n\t\t\t\t\t<\/div>\n\t\t\t\t<\/div>\n\t\t\t\t<\/div>\n\t\t\t<\/div>\n\n\t\n<\/div>\n\n<\/div><\/div>\n\t\t\t\t\t\t<\/div>\n\t\t\t\t<\/div>\n\t\t\t\t<\/div>\n\t\t\t\t<\/div>\n\t\t","protected":false},"excerpt":{"rendered":"","protected":false},"author":1,"featured_media":0,"parent":0,"menu_order":0,"comment_status":"closed","ping_status":"closed","template":"","meta":{"footnotes":""},"class_list":["post-29040","page","type-page","status-publish","hentry"],"yoast_head":"<!-- This site is optimized with the Yoast SEO plugin v24.9 - https:\/\/yoast.com\/wordpress\/plugins\/seo\/ -->\n<title>Hesab\u0131m - StilEuropa<\/title>\n<meta name=\"robots\" content=\"index, follow, max-snippet:-1, max-image-preview:large, max-video-preview:-1\" \/>\n<link rel=\"canonical\" href=\"https:\/\/stileuropa.com\/my-account\/\" \/>\n<meta property=\"og:locale\" content=\"tr_TR\" \/>\n<meta property=\"og:type\" content=\"article\" \/>\n<meta property=\"og:title\" content=\"Hesab\u0131m - StilEuropa\" \/>\n<meta property=\"og:url\" content=\"https:\/\/stileuropa.com\/my-account\/\" \/>\n<meta property=\"og:site_name\" content=\"StilEuropa\" \/>\n<meta property=\"article:modified_time\" content=\"2025-03-12T11:41:37+00:00\" \/>\n<meta name=\"twitter:card\" content=\"summary_large_image\" \/>\n<script type=\"application\/ld+json\" class=\"yoast-schema-graph\">{\"@context\":\"https:\/\/schema.org\",\"@graph\":[{\"@type\":\"WebPage\",\"@id\":\"https:\/\/stileuropa.com\/my-account\/\",\"url\":\"https:\/\/stileuropa.com\/my-account\/\",\"name\":\"Hesab\u0131m - StilEuropa\",\"isPartOf\":{\"@id\":\"https:\/\/stileuropa.com\/#website\"},\"datePublished\":\"2025-02-14T00:02:00+00:00\",\"dateModified\":\"2025-03-12T11:41:37+00:00\",\"breadcrumb\":{\"@id\":\"https:\/\/stileuropa.com\/my-account\/#breadcrumb\"},\"inLanguage\":\"tr\",\"potentialAction\":[{\"@type\":\"ReadAction\",\"target\":[\"https:\/\/stileuropa.com\/my-account\/\"]}]},{\"@type\":\"BreadcrumbList\",\"@id\":\"https:\/\/stileuropa.com\/my-account\/#breadcrumb\",\"itemListElement\":[{\"@type\":\"ListItem\",\"position\":1,\"name\":\"Home\",\"item\":\"https:\/\/stileuropa.com\/\"},{\"@type\":\"ListItem\",\"position\":2,\"name\":\"Hesab\u0131m\"}]},{\"@type\":\"WebSite\",\"@id\":\"https:\/\/stileuropa.com\/#website\",\"url\":\"https:\/\/stileuropa.com\/\",\"name\":\"StilEuropa\",\"description\":\"\",\"publisher\":{\"@id\":\"https:\/\/stileuropa.com\/#organization\"},\"potentialAction\":[{\"@type\":\"SearchAction\",\"target\":{\"@type\":\"EntryPoint\",\"urlTemplate\":\"https:\/\/stileuropa.com\/?s={search_term_string}\"},\"query-input\":{\"@type\":\"PropertyValueSpecification\",\"valueRequired\":true,\"valueName\":\"search_term_string\"}}],\"inLanguage\":\"tr\"},{\"@type\":\"Organization\",\"@id\":\"https:\/\/stileuropa.com\/#organization\",\"name\":\"StilEuropa\",\"url\":\"https:\/\/stileuropa.com\/\",\"logo\":{\"@type\":\"ImageObject\",\"inLanguage\":\"tr\",\"@id\":\"https:\/\/stileuropa.com\/#\/schema\/logo\/image\/\",\"url\":\"https:\/\/stileuropa.com\/wp-content\/uploads\/2024\/08\/styleuropa-logo-black.webp\",\"contentUrl\":\"https:\/\/stileuropa.com\/wp-content\/uploads\/2024\/08\/styleuropa-logo-black.webp\",\"width\":501,\"height\":53,\"caption\":\"StilEuropa\"},\"image\":{\"@id\":\"https:\/\/stileuropa.com\/#\/schema\/logo\/image\/\"}}]}<\/script>\n<!-- \/ Yoast SEO plugin. -->","yoast_head_json":{"title":"Hesab\u0131m - StilEuropa","robots":{"index":"index","follow":"follow","max-snippet":"max-snippet:-1","max-image-preview":"max-image-preview:large","max-video-preview":"max-video-preview:-1"},"canonical":"https:\/\/stileuropa.com\/my-account\/","og_locale":"tr_TR","og_type":"article","og_title":"Hesab\u0131m - StilEuropa","og_url":"https:\/\/stileuropa.com\/my-account\/","og_site_name":"StilEuropa","article_modified_time":"2025-03-12T11:41:37+00:00","twitter_card":"summary_large_image","schema":{"@context":"https:\/\/schema.org","@graph":[{"@type":"WebPage","@id":"https:\/\/stileuropa.com\/my-account\/","url":"https:\/\/stileuropa.com\/my-account\/","name":"Hesab\u0131m - StilEuropa","isPartOf":{"@id":"https:\/\/stileuropa.com\/#website"},"datePublished":"2025-02-14T00:02:00+00:00","dateModified":"2025-03-12T11:41:37+00:00","breadcrumb":{"@id":"https:\/\/stileuropa.com\/my-account\/#breadcrumb"},"inLanguage":"tr","potentialAction":[{"@type":"ReadAction","target":["https:\/\/stileuropa.com\/my-account\/"]}]},{"@type":"BreadcrumbList","@id":"https:\/\/stileuropa.com\/my-account\/#breadcrumb","itemListElement":[{"@type":"ListItem","position":1,"name":"Home","item":"https:\/\/stileuropa.com\/"},{"@type":"ListItem","position":2,"name":"Hesab\u0131m"}]},{"@type":"WebSite","@id":"https:\/\/stileuropa.com\/#website","url":"https:\/\/stileuropa.com\/","name":"StilEuropa","description":"","publisher":{"@id":"https:\/\/stileuropa.com\/#organization"},"potentialAction":[{"@type":"SearchAction","target":{"@type":"EntryPoint","urlTemplate":"https:\/\/stileuropa.com\/?s={search_term_string}"},"query-input":{"@type":"PropertyValueSpecification","valueRequired":true,"valueName":"search_term_string"}}],"inLanguage":"tr"},{"@type":"Organization","@id":"https:\/\/stileuropa.com\/#organization","name":"StilEuropa","url":"https:\/\/stileuropa.com\/","logo":{"@type":"ImageObject","inLanguage":"tr","@id":"https:\/\/stileuropa.com\/#\/schema\/logo\/image\/","url":"https:\/\/stileuropa.com\/wp-content\/uploads\/2024\/08\/styleuropa-logo-black.webp","contentUrl":"https:\/\/stileuropa.com\/wp-content\/uploads\/2024\/08\/styleuropa-logo-black.webp","width":501,"height":53,"caption":"StilEuropa"},"image":{"@id":"https:\/\/stileuropa.com\/#\/schema\/logo\/image\/"}}]}},"_links":{"self":[{"href":"https:\/\/stileuropa.com\/tr\/wp-json\/wp\/v2\/pages\/29040","targetHints":{"allow":["GET"]}}],"collection":[{"href":"https:\/\/stileuropa.com\/tr\/wp-json\/wp\/v2\/pages"}],"about":[{"href":"https:\/\/stileuropa.com\/tr\/wp-json\/wp\/v2\/types\/page"}],"author":[{"embeddable":true,"href":"https:\/\/stileuropa.com\/tr\/wp-json\/wp\/v2\/users\/1"}],"replies":[{"embeddable":true,"href":"https:\/\/stileuropa.com\/tr\/wp-json\/wp\/v2\/comments?post=29040"}],"version-history":[{"count":0,"href":"https:\/\/stileuropa.com\/tr\/wp-json\/wp\/v2\/pages\/29040\/revisions"}],"wp:attachment":[{"href":"https:\/\/stileuropa.com\/tr\/wp-json\/wp\/v2\/media?parent=29040"}],"curies":[{"name":"wp","href":"https:\/\/api.w.org\/{rel}","templated":true}]}}