{"id":10332,"date":"2024-07-09T04:02:53","date_gmt":"2024-07-09T01:02:53","guid":{"rendered":"https:\/\/stileuropa.com\/sartlar-ve-kosullar\/"},"modified":"2025-01-07T19:05:00","modified_gmt":"2025-01-07T16:05:00","slug":"sartlar-ve-kosullar","status":"publish","type":"page","link":"https:\/\/stileuropa.com\/tr\/sartlar-ve-kosullar\/","title":{"rendered":"\u015eartlar ve Ko\u015fullar"},"content":{"rendered":"\t\t<div data-elementor-type=\"wp-page\" data-elementor-id=\"10332\" class=\"elementor elementor-10332 elementor-647\" data-elementor-post-type=\"page\">\n\t\t\t\t<div class=\"elementor-element elementor-element-c9e0e90 e-flex e-con-boxed e-con e-parent\" data-id=\"c9e0e90\" data-element_type=\"container\" data-settings=\"{&quot;background_background&quot;:&quot;classic&quot;}\">\n\t\t\t\t\t<div class=\"e-con-inner\">\n\t\t\t\t<div class=\"elementor-element elementor-element-4d0ca34 elementor-widget elementor-widget-heading\" data-id=\"4d0ca34\" data-element_type=\"widget\" data-widget_type=\"heading.default\">\n\t\t\t\t<div class=\"elementor-widget-container\">\n\t\t\t\t\t<h1 class=\"elementor-heading-title elementor-size-default\">\u015eartlar ve Ko\u015fullar<\/h1>\t\t\t\t<\/div>\n\t\t\t\t<\/div>\n\t\t\t\t\t<\/div>\n\t\t\t\t<\/div>\n\t\t<div class=\"elementor-element elementor-element-d57af48 e-flex e-con-boxed e-con e-child\" data-id=\"d57af48\" data-element_type=\"container\">\n\t\t\t\t\t<div class=\"e-con-inner\">\n\t\t<div class=\"elementor-element elementor-element-202f445 e-con-full e-flex e-con e-child\" data-id=\"202f445\" data-element_type=\"container\">\n\t\t\t\t<div class=\"elementor-element elementor-element-3863ac2 elementor-widget elementor-widget-text-editor\" data-id=\"3863ac2\" data-element_type=\"widget\" data-widget_type=\"text-editor.default\">\n\t\t\t\t<div class=\"elementor-widget-container\">\n\t\t\t\t\t\t\t\t\t<p>Bu \u015eartlar ve Ko\u015fullar, <a href=\"http:\/\/www.stileuropa.com\" target=\"_new\" rel=\"noreferrer\">stileuropa.com<\/a> web sitemizi kullanman\u0131z\u0131 ve sitemizden \u00fcr\u00fcn sat\u0131n alman\u0131z\u0131 y\u00f6netir. Web sitemize eri\u015ferek veya kullanarak, bu \u015fartlara uymay\u0131 kabul edersiniz. <\/p>\n\t\t\t\t\t\t\t\t<\/div>\n\t\t\t\t<\/div>\n\t\t\t\t<div class=\"elementor-element elementor-element-cf6f71f elementor-widget elementor-widget-heading\" data-id=\"cf6f71f\" data-element_type=\"widget\" data-widget_type=\"heading.default\">\n\t\t\t\t<div class=\"elementor-widget-container\">\n\t\t\t\t\t<h2 class=\"elementor-heading-title elementor-size-default\"><b>Genel \u015eartlar<\/b><\/h2>\t\t\t\t<\/div>\n\t\t\t\t<\/div>\n\t\t\t\t<div class=\"elementor-element elementor-element-7f12d16 elementor-widget elementor-widget-text-editor\" data-id=\"7f12d16\" data-element_type=\"widget\" data-widget_type=\"text-editor.default\">\n\t\t\t\t<div class=\"elementor-widget-container\">\n\t\t\t\t\t\t\t\t\t<ul>\n<li>Stileuropa ile bir sipari\u015f vererek, bu \u015eartlar ve Ko\u015fullara hukuken ba\u011fl\u0131 kalmay\u0131 kabul edersiniz.<\/li>\n<li>Web sitemizden sipari\u015f vermek i\u00e7in en az 18 ya\u015f\u0131nda olmal\u0131s\u0131n\u0131z.<\/li>\n<li>Bize sa\u011flanan t\u00fcm ki\u015fisel bilgiler do\u011fru, eksiksiz ve g\u00fcncel olmal\u0131d\u0131r.<\/li>\n<\/ul>\n\t\t\t\t\t\t\t\t<\/div>\n\t\t\t\t<\/div>\n\t\t\t\t<div class=\"elementor-element elementor-element-6c60b5b elementor-widget elementor-widget-heading\" data-id=\"6c60b5b\" data-element_type=\"widget\" data-widget_type=\"heading.default\">\n\t\t\t\t<div class=\"elementor-widget-container\">\n\t\t\t\t\t<h2 class=\"elementor-heading-title elementor-size-default\"><b>Sipari\u015fler ve Kabul <\/b><\/h2>\t\t\t\t<\/div>\n\t\t\t\t<\/div>\n\t\t\t\t<div class=\"elementor-element elementor-element-a961117 elementor-widget elementor-widget-text-editor\" data-id=\"a961117\" data-element_type=\"widget\" data-widget_type=\"text-editor.default\">\n\t\t\t\t<div class=\"elementor-widget-container\">\n\t\t\t\t\t\t\t\t\t<ul>\n<li>T\u00fcm sipari\u015fler, kabul ve stok durumuna tabidir. Bizimle verilen herhangi bir sipari\u015fi reddetme hakk\u0131n\u0131 sakl\u0131 tutar\u0131z. <\/li>\n<li>Sipari\u015finizi verdikten sonra bir e-posta onay\u0131 alacaks\u0131n\u0131z. Bu onay, sipari\u015finizi kabul etti\u011fimiz anlam\u0131na gelmez; sadece sipari\u015finizi ald\u0131\u011f\u0131m\u0131z\u0131 do\u011frulayan bir bildirimdir. <\/li>\n<li>\u0130ste\u011fimize ba\u011fl\u0131 olarak, da\u011f\u0131t\u0131c\u0131lar, yeniden sat\u0131c\u0131lar veya yetkisiz taraflar taraf\u0131ndan verilmi\u015f gibi g\u00f6r\u00fcnen sipari\u015fler de dahil olmak \u00fczere, herhangi bir sipari\u015fi iptal etme veya reddetme hakk\u0131n\u0131 sakl\u0131 tutar\u0131z.<\/li>\n<\/ul>\n\t\t\t\t\t\t\t\t<\/div>\n\t\t\t\t<\/div>\n\t\t\t\t<div class=\"elementor-element elementor-element-b4ba8ce elementor-widget elementor-widget-heading\" data-id=\"b4ba8ce\" data-element_type=\"widget\" data-widget_type=\"heading.default\">\n\t\t\t\t<div class=\"elementor-widget-container\">\n\t\t\t\t\t<h2 class=\"elementor-heading-title elementor-size-default\"><b>Fiyatland\u0131rma ve \u00d6deme <\/b><\/h2>\t\t\t\t<\/div>\n\t\t\t\t<\/div>\n\t\t\t\t<div class=\"elementor-element elementor-element-c935a1a elementor-widget elementor-widget-text-editor\" data-id=\"c935a1a\" data-element_type=\"widget\" data-widget_type=\"text-editor.default\">\n\t\t\t\t<div class=\"elementor-widget-container\">\n\t\t\t\t\t\t\t\t\t<ul>\n<li>Web sitemizdeki t\u00fcm fiyatlar, KDV ve di\u011fer ge\u00e7erli vergiler d\u00e2hil olarak belirtilmi\u015ftir.<\/li>\n<li>\u00c7e\u015fitli \u00f6deme y\u00f6ntemlerini kabul etmekteyiz; bunlar aras\u0131nda kredi\/banka kartlar\u0131 ve PayPal bulunmaktad\u0131r. Sipari\u015finizin sevkiyat\u0131ndan \u00f6nce \u00f6deme tamamen yap\u0131lmal\u0131d\u0131r. <\/li>\n<li>Web sitemizdeki t\u00fcm fiyatlar\u0131n do\u011fru olmas\u0131n\u0131 sa\u011flamak i\u00e7in \u00e7aba g\u00f6steriyoruz. Ancak hatalar meydana gelebilir. Sipari\u015f verdi\u011finiz \u00fcr\u00fcnlerin fiyat\u0131nda bir hata tespit edersek, sizi m\u00fcmk\u00fcn olan en k\u0131sa s\u00fcrede bilgilendirecek ve sipari\u015finizi do\u011fru fiyatla yeniden onaylama veya iptal etme se\u00e7ene\u011fi sunaca\u011f\u0131z.  <\/li>\n<\/ul>\n<p>Daha ayr\u0131nt\u0131l\u0131 bilgi i\u00e7in l\u00fctfen <a href=\"https:\/\/stileuropa.com\/tr\/odeme\/\" rel=\"noreferrer\">\u00d6deme<\/a> sayfam\u0131z\u0131 ziyaret edin.<\/p>\t\t\t\t\t\t\t\t<\/div>\n\t\t\t\t<\/div>\n\t\t\t\t<div class=\"elementor-element elementor-element-2014d58 elementor-widget elementor-widget-heading\" data-id=\"2014d58\" data-element_type=\"widget\" data-widget_type=\"heading.default\">\n\t\t\t\t<div class=\"elementor-widget-container\">\n\t\t\t\t\t<h2 class=\"elementor-heading-title elementor-size-default\"><b>Teslimat <\/b><\/h2>\t\t\t\t<\/div>\n\t\t\t\t<\/div>\n\t\t\t\t<div class=\"elementor-element elementor-element-8ba376c elementor-widget elementor-widget-text-editor\" data-id=\"8ba376c\" data-element_type=\"widget\" data-widget_type=\"text-editor.default\">\n\t\t\t\t<div class=\"elementor-widget-container\">\n\t\t\t\t\t\t\t\t\t<p><ul><li>Euro B\u00f6lgesi i\u00e7indeki 6 \u00fclkeye (Almanya, Avusturya, Bel\u00e7ika, \u00c7ekya, Hollanda ve Romanya) teslimat ve kurulum hizmeti sunuyoruz.&nbsp;<\/li><li>Teslimat s\u00fcreleri, var\u0131\u015f noktas\u0131na ve \u00fcr\u00fcn\u00fcn stok durumuna ba\u011fl\u0131 olarak de\u011fi\u015fiklik g\u00f6stermektedir. \u20ac1.000 ve \u00fczeri al\u0131\u015fveri\u015flerde kampanya kapsam\u0131nda teslimat ve kurulum \u00fccretsizdir. \u20ac1.000 alt\u0131ndaki al\u0131\u015fveri\u015flerde ise \u20ac300 teslimat ve kurulum bedeli uygulanmaktad\u0131r.<\/li><\/ul><\/p>\n<p>Daha ayr\u0131nt\u0131l\u0131 bilgi i\u00e7in l\u00fctfen <a href=\"https:\/\/stileuropa.com\/tr\/gonderim-ve-teslimat\/\" rel=\"noreferrer\">G\u00f6nderim ve Teslimat<\/a> sayfam\u0131z\u0131 ziyaret edin.<\/p>\t\t\t\t\t\t\t\t<\/div>\n\t\t\t\t<\/div>\n\t\t\t\t<div class=\"elementor-element elementor-element-68b0702 elementor-widget elementor-widget-heading\" data-id=\"68b0702\" data-element_type=\"widget\" data-widget_type=\"heading.default\">\n\t\t\t\t<div class=\"elementor-widget-container\">\n\t\t\t\t\t<h2 class=\"elementor-heading-title elementor-size-default\"><b>\u0130ade ve Geri \u00d6deme<\/b><\/h2>\t\t\t\t<\/div>\n\t\t\t\t<\/div>\n\t\t\t\t<div class=\"elementor-element elementor-element-d2fac8e elementor-widget elementor-widget-text-editor\" data-id=\"d2fac8e\" data-element_type=\"widget\" data-widget_type=\"text-editor.default\">\n\t\t\t\t<div class=\"elementor-widget-container\">\n\t\t\t\t\t\t\t\t\t<p>Ald\u0131\u011f\u0131n\u0131z \u00fcr\u00fcnden memnun de\u011filseniz, \u00fcr\u00fcnleri teslim ald\u0131\u011f\u0131n\u0131z tarihten itibaren 7 g\u00fcn i\u00e7inde, orijinal durum ve ambalaj\u0131nda olmak \u015fart\u0131yla tam geri \u00f6deme almak \u00fczere iade edebilirsiniz. \u0130ade i\u015flemini ba\u015flatmak i\u00e7in l\u00fctfen sipari\u015f detaylar\u0131n\u0131zla birlikte m\u00fc\u015fteri hizmetleri ekibimizle <a href=\"mailto:info@stileuropa.com\">info@stileuropa.com<\/a> adresinden ileti\u015fime ge\u00e7in.<\/p><p>Daha ayr\u0131nt\u0131l\u0131 bilgi i\u00e7in l\u00fctfen <a href=\"https:\/\/stileuropa.com\/tr\/iade-talepler\/\" rel=\"noreferrer\">\u0130ade ve Talepler <\/a>sayfam\u0131z\u0131 ziyaret edin.<\/p>\t\t\t\t\t\t\t\t<\/div>\n\t\t\t\t<\/div>\n\t\t\t\t<div class=\"elementor-element elementor-element-20e99a4 elementor-widget elementor-widget-heading\" data-id=\"20e99a4\" data-element_type=\"widget\" data-widget_type=\"heading.default\">\n\t\t\t\t<div class=\"elementor-widget-container\">\n\t\t\t\t\t<h2 class=\"elementor-heading-title elementor-size-default\"><b>Garanti<\/b><\/h2>\t\t\t\t<\/div>\n\t\t\t\t<\/div>\n\t\t\t\t<div class=\"elementor-element elementor-element-6f3db4e elementor-widget elementor-widget-text-editor\" data-id=\"6f3db4e\" data-element_type=\"widget\" data-widget_type=\"text-editor.default\">\n\t\t\t\t<div class=\"elementor-widget-container\">\n\t\t\t\t\t\t\t\t\t<p>\u00dcr\u00fcnlerimiz, \u00fcretim hatalar\u0131na kar\u015f\u0131 standart iki y\u0131l garanti ile birlikte gelmektedir. Garanti ko\u015fullar\u0131, \u00fcr\u00fcne ba\u011fl\u0131 olarak de\u011fi\u015fiklik g\u00f6stermektedir.<\/p><p>Daha ayr\u0131nt\u0131l\u0131 bilgi i\u00e7in l\u00fctfen <a href=\"https:\/\/stileuropa.com\/warranty\/\" rel=\"noreferrer\">Garanti<\/a> sayfam\u0131z\u0131 ziyaret edin.<\/p>\t\t\t\t\t\t\t\t<\/div>\n\t\t\t\t<\/div>\n\t\t\t\t<div class=\"elementor-element elementor-element-e787476 elementor-widget elementor-widget-heading\" data-id=\"e787476\" data-element_type=\"widget\" data-widget_type=\"heading.default\">\n\t\t\t\t<div class=\"elementor-widget-container\">\n\t\t\t\t\t<h2 class=\"elementor-heading-title elementor-size-default\"><b>SSS<\/b><\/h2>\t\t\t\t<\/div>\n\t\t\t\t<\/div>\n\t\t\t\t<div class=\"elementor-element elementor-element-56ed821 elementor-widget elementor-widget-text-editor\" data-id=\"56ed821\" data-element_type=\"widget\" data-widget_type=\"text-editor.default\">\n\t\t\t\t<div class=\"elementor-widget-container\">\n\t\t\t\t\t\t\t\t\t<p>\u00dcr\u00fcnlerimiz ve hizmetlerimizle ilgili s\u0131k\u00e7a sorulan sorular i\u00e7in l\u00fctfen <a href=\"https:\/\/stileuropa.com\/tr\/sss\/\" rel=\"noreferrer\">SSS<\/a> (S\u0131k\u00e7a Sorulan Sorular) sayfam\u0131z\u0131 ziyaret edin.<\/p>\n\t\t\t\t\t\t\t\t<\/div>\n\t\t\t\t<\/div>\n\t\t\t\t<div class=\"elementor-element elementor-element-e640d3d elementor-widget elementor-widget-heading\" data-id=\"e640d3d\" data-element_type=\"widget\" data-widget_type=\"heading.default\">\n\t\t\t\t<div class=\"elementor-widget-container\">\n\t\t\t\t\t<h2 class=\"elementor-heading-title elementor-size-default\"><b>Sorumluluk<\/b><\/h2>\t\t\t\t<\/div>\n\t\t\t\t<\/div>\n\t\t\t\t<div class=\"elementor-element elementor-element-ef92b9a elementor-widget elementor-widget-text-editor\" data-id=\"ef92b9a\" data-element_type=\"widget\" data-widget_type=\"text-editor.default\">\n\t\t\t\t<div class=\"elementor-widget-container\">\n\t\t\t\t\t\t\t\t\t<p>Stileuropa&#8217;n\u0131n web sitemizden \u00fcr\u00fcn sat\u0131n alman\u0131zla ilgili herhangi bir talep i\u00e7in sorumlulu\u011fu, \u00fcr\u00fcnler i\u00e7in \u00f6dedi\u011finiz tutar ile s\u0131n\u0131rl\u0131d\u0131r. \u00dcr\u00fcnlerimizin veya web sitemizin kullan\u0131m\u0131ndan kaynaklanan dolayl\u0131, tesad\u00fcfi veya sonu\u00e7 olarak ortaya \u00e7\u0131kan zararlar i\u00e7in sorumlu de\u011filiz. <\/p>\n\t\t\t\t\t\t\t\t<\/div>\n\t\t\t\t<\/div>\n\t\t\t\t<div class=\"elementor-element elementor-element-fe600bc elementor-widget elementor-widget-heading\" data-id=\"fe600bc\" data-element_type=\"widget\" data-widget_type=\"heading.default\">\n\t\t\t\t<div class=\"elementor-widget-container\">\n\t\t\t\t\t<h2 class=\"elementor-heading-title elementor-size-default\"><b>Fikri M\u00fclkiyet<\/b><\/h2>\t\t\t\t<\/div>\n\t\t\t\t<\/div>\n\t\t\t\t<div class=\"elementor-element elementor-element-daa849f elementor-widget elementor-widget-text-editor\" data-id=\"daa849f\" data-element_type=\"widget\" data-widget_type=\"text-editor.default\">\n\t\t\t\t<div class=\"elementor-widget-container\">\n\t\t\t\t\t\t\t\t\t<p>Web sitemizdeki t\u00fcm i\u00e7erik, metin, grafikler, logolar, g\u00f6rseller ve yaz\u0131l\u0131mlar dahil olmak \u00fczere, Stileuropa&#8217;n\u0131n veya lisans verenlerinin m\u00fclkiyetindedir ve telif hakk\u0131 ile di\u011fer fikri m\u00fclkiyet yasalar\u0131yla korunmaktad\u0131r. Web sitemizdeki herhangi bir i\u00e7eri\u011fi, a\u00e7\u0131k yaz\u0131l\u0131 iznimiz olmadan \u00e7o\u011faltamaz, da\u011f\u0131tamaz veya t\u00fcrev eserler olu\u015fturamazs\u0131n\u0131z. <\/p>\n\t\t\t\t\t\t\t\t<\/div>\n\t\t\t\t<\/div>\n\t\t\t\t<div class=\"elementor-element elementor-element-fd86b22 elementor-widget elementor-widget-heading\" data-id=\"fd86b22\" data-element_type=\"widget\" data-widget_type=\"heading.default\">\n\t\t\t\t<div class=\"elementor-widget-container\">\n\t\t\t\t\t<h2 class=\"elementor-heading-title elementor-size-default\"><b>Ge\u00e7erli Hukuk<\/b><\/h2>\t\t\t\t<\/div>\n\t\t\t\t<\/div>\n\t\t\t\t<div class=\"elementor-element elementor-element-f58c87a elementor-widget elementor-widget-text-editor\" data-id=\"f58c87a\" data-element_type=\"widget\" data-widget_type=\"text-editor.default\">\n\t\t\t\t<div class=\"elementor-widget-container\">\n\t\t\t\t\t\t\t\t\t<p>Bu \u015eartlar ve Ko\u015fullar, T\u00fcrkiye yasalar\u0131na tabi olup, bu yasalar uyar\u0131nca yorumlanacakt\u0131r ve herhangi bir uyu\u015fmazl\u0131k, T\u00fcrkiye mahkemelerinin m\u00fcnhas\u0131r yarg\u0131 yetkisine tabi olacakt\u0131r.<\/p>\n\t\t\t\t\t\t\t\t<\/div>\n\t\t\t\t<\/div>\n\t\t\t\t<div class=\"elementor-element elementor-element-181b1f8 elementor-widget elementor-widget-heading\" data-id=\"181b1f8\" data-element_type=\"widget\" data-widget_type=\"heading.default\">\n\t\t\t\t<div class=\"elementor-widget-container\">\n\t\t\t\t\t<h2 class=\"elementor-heading-title elementor-size-default\"><b>\u015eartlar ve Ko\u015fullarda De\u011fi\u015fiklikler<\/b><\/h2>\t\t\t\t<\/div>\n\t\t\t\t<\/div>\n\t\t\t\t<div class=\"elementor-element elementor-element-cf82181 elementor-widget elementor-widget-text-editor\" data-id=\"cf82181\" data-element_type=\"widget\" data-widget_type=\"text-editor.default\">\n\t\t\t\t<div class=\"elementor-widget-container\">\n\t\t\t\t\t\t\t\t\t<p>Bu \u015eartlar ve Ko\u015fullar\u0131 \u00f6nceden haber vermeksizin istedi\u011fimiz zaman g\u00fcncelleme veya de\u011fi\u015ftirme hakk\u0131n\u0131 sakl\u0131 tutar\u0131z. Herhangi bir de\u011fi\u015fiklikten sonra web sitemizi kullanmaya devam etmeniz, yeni \u015fartlar\u0131 kabul etti\u011finizi g\u00f6sterir. <\/p>\n\t\t\t\t\t\t\t\t<\/div>\n\t\t\t\t<\/div>\n\t\t\t\t<\/div>\n\t\t\t\t\t<\/div>\n\t\t\t\t<\/div>\n\t\t\t\t<\/div>\n\t\t","protected":false},"excerpt":{"rendered":"<p>\u015eartlar ve Ko\u015fullar Bu \u015eartlar ve Ko\u015fullar, stileuropa.com web sitemizi kullanman\u0131z\u0131 ve sitemizden \u00fcr\u00fcn sat\u0131n alman\u0131z\u0131 y\u00f6netir. Web sitemize eri\u015ferek veya kullanarak, bu \u015fartlara uymay\u0131 kabul edersiniz. Genel \u015eartlar Stileuropa ile bir sipari\u015f vererek, bu \u015eartlar ve Ko\u015fullara hukuken ba\u011fl\u0131 kalmay\u0131 kabul edersiniz. Web sitemizden sipari\u015f vermek i\u00e7in en az 18 ya\u015f\u0131nda olmal\u0131s\u0131n\u0131z. Bize sa\u011flanan [&hellip;]<\/p>\n","protected":false},"author":1,"featured_media":0,"parent":0,"menu_order":0,"comment_status":"closed","ping_status":"closed","template":"","meta":{"footnotes":""},"class_list":["post-10332","page","type-page","status-publish","hentry"],"yoast_head":"<!-- This site is optimized with the Yoast SEO plugin v24.9 - https:\/\/yoast.com\/wordpress\/plugins\/seo\/ -->\n<title>\u015eartlar ve Ko\u015fullar - StilEuropa<\/title>\n<meta name=\"description\" content=\"Bu \u015eartlar ve Ko\u015fullar, stileuropa.com web sitemizi kullanman\u0131z\u0131 ve sitemizden \u00fcr\u00fcn sat\u0131n alman\u0131z\u0131 y\u00f6netir. Web sitemize eri\u015ferek veya kullanarak...\" \/>\n<meta name=\"robots\" content=\"index, follow, max-snippet:-1, max-image-preview:large, max-video-preview:-1\" \/>\n<link rel=\"canonical\" href=\"https:\/\/stileuropa.com\/tr\/sartlar-ve-kosullar\/\" \/>\n<meta property=\"og:locale\" content=\"tr_TR\" \/>\n<meta property=\"og:type\" content=\"article\" \/>\n<meta property=\"og:title\" content=\"\u015eartlar ve Ko\u015fullar - StilEuropa\" \/>\n<meta property=\"og:description\" content=\"Bu \u015eartlar ve Ko\u015fullar, stileuropa.com web sitemizi kullanman\u0131z\u0131 ve sitemizden \u00fcr\u00fcn sat\u0131n alman\u0131z\u0131 y\u00f6netir. Web sitemize eri\u015ferek veya kullanarak...\" \/>\n<meta property=\"og:url\" content=\"https:\/\/stileuropa.com\/tr\/sartlar-ve-kosullar\/\" \/>\n<meta property=\"og:site_name\" content=\"StilEuropa\" \/>\n<meta property=\"article:modified_time\" content=\"2025-01-07T16:05:00+00:00\" \/>\n<meta name=\"twitter:card\" content=\"summary_large_image\" \/>\n<meta name=\"twitter:label1\" content=\"Tahmini okuma s\u00fcresi\" \/>\n\t<meta name=\"twitter:data1\" content=\"4 dakika\" \/>\n<script type=\"application\/ld+json\" class=\"yoast-schema-graph\">{\"@context\":\"https:\/\/schema.org\",\"@graph\":[{\"@type\":\"WebPage\",\"@id\":\"https:\/\/stileuropa.com\/tr\/sartlar-ve-kosullar\/\",\"url\":\"https:\/\/stileuropa.com\/tr\/sartlar-ve-kosullar\/\",\"name\":\"\u015eartlar ve Ko\u015fullar - StilEuropa\",\"isPartOf\":{\"@id\":\"https:\/\/stileuropa.com\/#website\"},\"datePublished\":\"2024-07-09T01:02:53+00:00\",\"dateModified\":\"2025-01-07T16:05:00+00:00\",\"description\":\"Bu \u015eartlar ve Ko\u015fullar, stileuropa.com web sitemizi kullanman\u0131z\u0131 ve sitemizden \u00fcr\u00fcn sat\u0131n alman\u0131z\u0131 y\u00f6netir. Web sitemize eri\u015ferek veya kullanarak...\",\"breadcrumb\":{\"@id\":\"https:\/\/stileuropa.com\/tr\/sartlar-ve-kosullar\/#breadcrumb\"},\"inLanguage\":\"tr\",\"potentialAction\":[{\"@type\":\"ReadAction\",\"target\":[\"https:\/\/stileuropa.com\/tr\/sartlar-ve-kosullar\/\"]}]},{\"@type\":\"BreadcrumbList\",\"@id\":\"https:\/\/stileuropa.com\/tr\/sartlar-ve-kosullar\/#breadcrumb\",\"itemListElement\":[{\"@type\":\"ListItem\",\"position\":1,\"name\":\"Home\",\"item\":\"https:\/\/stileuropa.com\/\"},{\"@type\":\"ListItem\",\"position\":2,\"name\":\"\u015eartlar ve Ko\u015fullar\"}]},{\"@type\":\"WebSite\",\"@id\":\"https:\/\/stileuropa.com\/#website\",\"url\":\"https:\/\/stileuropa.com\/\",\"name\":\"StilEuropa\",\"description\":\"\",\"publisher\":{\"@id\":\"https:\/\/stileuropa.com\/#organization\"},\"potentialAction\":[{\"@type\":\"SearchAction\",\"target\":{\"@type\":\"EntryPoint\",\"urlTemplate\":\"https:\/\/stileuropa.com\/?s={search_term_string}\"},\"query-input\":{\"@type\":\"PropertyValueSpecification\",\"valueRequired\":true,\"valueName\":\"search_term_string\"}}],\"inLanguage\":\"tr\"},{\"@type\":\"Organization\",\"@id\":\"https:\/\/stileuropa.com\/#organization\",\"name\":\"StilEuropa\",\"url\":\"https:\/\/stileuropa.com\/\",\"logo\":{\"@type\":\"ImageObject\",\"inLanguage\":\"tr\",\"@id\":\"https:\/\/stileuropa.com\/#\/schema\/logo\/image\/\",\"url\":\"https:\/\/stileuropa.com\/wp-content\/uploads\/2024\/08\/styleuropa-logo-black.webp\",\"contentUrl\":\"https:\/\/stileuropa.com\/wp-content\/uploads\/2024\/08\/styleuropa-logo-black.webp\",\"width\":501,\"height\":53,\"caption\":\"StilEuropa\"},\"image\":{\"@id\":\"https:\/\/stileuropa.com\/#\/schema\/logo\/image\/\"}}]}<\/script>\n<!-- \/ Yoast SEO plugin. -->","yoast_head_json":{"title":"\u015eartlar ve Ko\u015fullar - StilEuropa","description":"Bu \u015eartlar ve Ko\u015fullar, stileuropa.com web sitemizi kullanman\u0131z\u0131 ve sitemizden \u00fcr\u00fcn sat\u0131n alman\u0131z\u0131 y\u00f6netir. Web sitemize eri\u015ferek veya kullanarak...","robots":{"index":"index","follow":"follow","max-snippet":"max-snippet:-1","max-image-preview":"max-image-preview:large","max-video-preview":"max-video-preview:-1"},"canonical":"https:\/\/stileuropa.com\/tr\/sartlar-ve-kosullar\/","og_locale":"tr_TR","og_type":"article","og_title":"\u015eartlar ve Ko\u015fullar - StilEuropa","og_description":"Bu \u015eartlar ve Ko\u015fullar, stileuropa.com web sitemizi kullanman\u0131z\u0131 ve sitemizden \u00fcr\u00fcn sat\u0131n alman\u0131z\u0131 y\u00f6netir. Web sitemize eri\u015ferek veya kullanarak...","og_url":"https:\/\/stileuropa.com\/tr\/sartlar-ve-kosullar\/","og_site_name":"StilEuropa","article_modified_time":"2025-01-07T16:05:00+00:00","twitter_card":"summary_large_image","twitter_misc":{"Tahmini okuma s\u00fcresi":"4 dakika"},"schema":{"@context":"https:\/\/schema.org","@graph":[{"@type":"WebPage","@id":"https:\/\/stileuropa.com\/tr\/sartlar-ve-kosullar\/","url":"https:\/\/stileuropa.com\/tr\/sartlar-ve-kosullar\/","name":"\u015eartlar ve Ko\u015fullar - StilEuropa","isPartOf":{"@id":"https:\/\/stileuropa.com\/#website"},"datePublished":"2024-07-09T01:02:53+00:00","dateModified":"2025-01-07T16:05:00+00:00","description":"Bu \u015eartlar ve Ko\u015fullar, stileuropa.com web sitemizi kullanman\u0131z\u0131 ve sitemizden \u00fcr\u00fcn sat\u0131n alman\u0131z\u0131 y\u00f6netir. Web sitemize eri\u015ferek veya kullanarak...","breadcrumb":{"@id":"https:\/\/stileuropa.com\/tr\/sartlar-ve-kosullar\/#breadcrumb"},"inLanguage":"tr","potentialAction":[{"@type":"ReadAction","target":["https:\/\/stileuropa.com\/tr\/sartlar-ve-kosullar\/"]}]},{"@type":"BreadcrumbList","@id":"https:\/\/stileuropa.com\/tr\/sartlar-ve-kosullar\/#breadcrumb","itemListElement":[{"@type":"ListItem","position":1,"name":"Home","item":"https:\/\/stileuropa.com\/"},{"@type":"ListItem","position":2,"name":"\u015eartlar ve Ko\u015fullar"}]},{"@type":"WebSite","@id":"https:\/\/stileuropa.com\/#website","url":"https:\/\/stileuropa.com\/","name":"StilEuropa","description":"","publisher":{"@id":"https:\/\/stileuropa.com\/#organization"},"potentialAction":[{"@type":"SearchAction","target":{"@type":"EntryPoint","urlTemplate":"https:\/\/stileuropa.com\/?s={search_term_string}"},"query-input":{"@type":"PropertyValueSpecification","valueRequired":true,"valueName":"search_term_string"}}],"inLanguage":"tr"},{"@type":"Organization","@id":"https:\/\/stileuropa.com\/#organization","name":"StilEuropa","url":"https:\/\/stileuropa.com\/","logo":{"@type":"ImageObject","inLanguage":"tr","@id":"https:\/\/stileuropa.com\/#\/schema\/logo\/image\/","url":"https:\/\/stileuropa.com\/wp-content\/uploads\/2024\/08\/styleuropa-logo-black.webp","contentUrl":"https:\/\/stileuropa.com\/wp-content\/uploads\/2024\/08\/styleuropa-logo-black.webp","width":501,"height":53,"caption":"StilEuropa"},"image":{"@id":"https:\/\/stileuropa.com\/#\/schema\/logo\/image\/"}}]}},"_links":{"self":[{"href":"https:\/\/stileuropa.com\/tr\/wp-json\/wp\/v2\/pages\/10332","targetHints":{"allow":["GET"]}}],"collection":[{"href":"https:\/\/stileuropa.com\/tr\/wp-json\/wp\/v2\/pages"}],"about":[{"href":"https:\/\/stileuropa.com\/tr\/wp-json\/wp\/v2\/types\/page"}],"author":[{"embeddable":true,"href":"https:\/\/stileuropa.com\/tr\/wp-json\/wp\/v2\/users\/1"}],"replies":[{"embeddable":true,"href":"https:\/\/stileuropa.com\/tr\/wp-json\/wp\/v2\/comments?post=10332"}],"version-history":[{"count":0,"href":"https:\/\/stileuropa.com\/tr\/wp-json\/wp\/v2\/pages\/10332\/revisions"}],"wp:attachment":[{"href":"https:\/\/stileuropa.com\/tr\/wp-json\/wp\/v2\/media?parent=10332"}],"curies":[{"name":"wp","href":"https:\/\/api.w.org\/{rel}","templated":true}]}}