{"id":10324,"date":"2024-07-09T04:31:20","date_gmt":"2024-07-09T01:31:20","guid":{"rendered":"https:\/\/stileuropa.com\/iade-talepler\/"},"modified":"2024-12-01T10:23:13","modified_gmt":"2024-12-01T07:23:13","slug":"iade-talepler","status":"publish","type":"page","link":"https:\/\/stileuropa.com\/tr\/iade-talepler\/","title":{"rendered":"\u0130ade &amp; Talepler"},"content":{"rendered":"\t\t<div data-elementor-type=\"wp-page\" data-elementor-id=\"10324\" class=\"elementor elementor-10324 elementor-660\" data-elementor-post-type=\"page\">\n\t\t\t\t<div class=\"elementor-element elementor-element-3c976df e-flex e-con-boxed e-con e-parent\" data-id=\"3c976df\" data-element_type=\"container\" data-settings=\"{&quot;background_background&quot;:&quot;classic&quot;}\">\n\t\t\t\t\t<div class=\"e-con-inner\">\n\t\t\t\t<div class=\"elementor-element elementor-element-c1637b4 elementor-widget elementor-widget-heading\" data-id=\"c1637b4\" data-element_type=\"widget\" data-widget_type=\"heading.default\">\n\t\t\t\t<div class=\"elementor-widget-container\">\n\t\t\t\t\t<h1 class=\"elementor-heading-title elementor-size-default\">\u0130ade &amp; Talepler<\/h1>\t\t\t\t<\/div>\n\t\t\t\t<\/div>\n\t\t\t\t\t<\/div>\n\t\t\t\t<\/div>\n\t\t<div class=\"elementor-element elementor-element-1281456 e-flex e-con-boxed e-con e-child\" data-id=\"1281456\" data-element_type=\"container\">\n\t\t\t\t\t<div class=\"e-con-inner\">\n\t\t<div class=\"elementor-element elementor-element-393f4e9 e-con-full e-flex e-con e-child\" data-id=\"393f4e9\" data-element_type=\"container\">\n\t\t\t\t<div class=\"elementor-element elementor-element-13e5963 elementor-widget elementor-widget-heading\" data-id=\"13e5963\" data-element_type=\"widget\" data-widget_type=\"heading.default\">\n\t\t\t\t<div class=\"elementor-widget-container\">\n\t\t\t\t\t<h2 class=\"elementor-heading-title elementor-size-default\"><b>1. Fikir De\u011fi\u015fikli\u011fi Nedeniyle \u0130ptaller:<\/b><\/h2>\t\t\t\t<\/div>\n\t\t\t\t<\/div>\n\t\t\t\t<div class=\"elementor-element elementor-element-8a63b92 elementor-widget elementor-widget-text-editor\" data-id=\"8a63b92\" data-element_type=\"widget\" data-widget_type=\"text-editor.default\">\n\t\t\t\t<div class=\"elementor-widget-container\">\n\t\t\t\t\t\t\t\t\t<p>Sipari\u015finizi teslimattan \u00f6nce herhangi bir a\u015famada iptal edebilirsiniz. Sipari\u015finiz hen\u00fcz g\u00f6nderilmemi\u015fse, herhangi bir kesinti olmaks\u0131z\u0131n tam bir iade yap\u0131lacakt\u0131r. Sipari\u015finiz zaten g\u00f6nderilmi\u015fse, teslimat \u00fccreti iade edilmeyecek ve iade kargo masraflar\u0131ndan siz sorumlu olacaks\u0131n\u0131z.<\/p>\t\t\t\t\t\t\t\t<\/div>\n\t\t\t\t<\/div>\n\t\t\t\t<div class=\"elementor-element elementor-element-c6bc26a elementor-widget elementor-widget-heading\" data-id=\"c6bc26a\" data-element_type=\"widget\" data-widget_type=\"heading.default\">\n\t\t\t\t<div class=\"elementor-widget-container\">\n\t\t\t\t\t<h2 class=\"elementor-heading-title elementor-size-default\"><b>2. Fikir De\u011fi\u015fikli\u011fi Nedeniyle \u0130adeler: <\/b><\/h2>\t\t\t\t<\/div>\n\t\t\t\t<\/div>\n\t\t\t\t<div class=\"elementor-element elementor-element-ee76c75 elementor-widget elementor-widget-text-editor\" data-id=\"ee76c75\" data-element_type=\"widget\" data-widget_type=\"text-editor.default\">\n\t\t\t\t<div class=\"elementor-widget-container\">\n\t\t\t\t\t\t\t\t\t<p><span style=\"font-weight: 400;\">Sipari\u015finizi teslim ald\u0131ktan sonra iade etmeye karar verirseniz, t\u00fcm \u00fcr\u00fcnlerin orijinal ambalaj\u0131nda ve yeniden sat\u0131labilir durumda geri g\u00f6nderilmesi gerekmektedir.<\/span><\/p><p><span style=\"font-weight: 400;\">Sipari\u015finizi ald\u0131ktan sonra 7 g\u00fcn i\u00e7inde \u00fcr\u00fcnlerinizi iade edebilirsiniz. \u0130ade i\u015flemini ba\u015flatmak i\u00e7in l\u00fctfen ekibimizle <a href=\"mailto:info@stileuropa.com\">info@stileuropa.com<\/a>\u00a0adresine e-posta g\u00f6ndererek ileti\u015fime ge\u00e7in. <\/span><\/p>\t\t\t\t\t\t\t\t<\/div>\n\t\t\t\t<\/div>\n\t\t\t\t<div class=\"elementor-element elementor-element-db5dbfe elementor-widget elementor-widget-heading\" data-id=\"db5dbfe\" data-element_type=\"widget\" data-widget_type=\"heading.default\">\n\t\t\t\t<div class=\"elementor-widget-container\">\n\t\t\t\t\t<h2 class=\"elementor-heading-title elementor-size-default\"><b>3. Ar\u0131zal\u0131\/Zarar G\u00f6rm\u00fc\u015f\/De\u011fi\u015ftirilmi\u015f\/Ula\u015fmam\u0131\u015f \u00dcr\u00fcnler:<\/b><\/h2>\t\t\t\t<\/div>\n\t\t\t\t<\/div>\n\t\t\t\t<div class=\"elementor-element elementor-element-14e18b3 elementor-widget elementor-widget-text-editor\" data-id=\"14e18b3\" data-element_type=\"widget\" data-widget_type=\"text-editor.default\">\n\t\t\t\t<div class=\"elementor-widget-container\">\n\t\t\t\t\t\t\t\t\t<p>Ar\u0131zal\u0131, zarar g\u00f6rm\u00fc\u015f, de\u011fi\u015ftirilmi\u015f veya teslim edilmeyen \u00fcr\u00fcnler nedeniyle s\u00f6zle\u015fmeyi feshederseniz, s\u00f6zle\u015fme derhal sona erecek ve uygun \u015fekilde teslim edilmeyen \u00fcr\u00fcnler i\u00e7in herhangi bir kesinti olmaks\u0131z\u0131n tam bir iade yap\u0131lacakt\u0131r.<\/p><p>\u00dcr\u00fcnlerin teslimat\u0131 s\u0131ras\u0131nda, teslim almadan \u00f6nce \u00fcr\u00fcnlerin dikkatlice kontrol edilmesi gerekmektedir. <strong>Hasarl\u0131 veya defolu \u00fcr\u00fcnlerin, teslimat s\u0131ras\u0131nda tespit edilip teslimat g\u00f6revlisine bildirilmesi zorunludur.<\/strong> Teslimat s\u0131ras\u0131nda kontrol edilip bildirilmeyen hasarl\u0131 \u00fcr\u00fcnlerle ilgili talepler de\u011ferlendirilmeyebilir.<\/p><p>\u00dcr\u00fcnlerle ilgili bir sorun d\u0131\u015f\u0131nda s\u00f6zle\u015fmeyi feshederseniz, iptaliniz sonucunda maruz kald\u0131\u011f\u0131m\u0131z kay\u0131plar\u0131 kar\u015f\u0131lamak amac\u0131yla makul bir tazminat tutar\u0131 d\u00fc\u015f\u00fclecektir. \u00dcr\u00fcn \u00f6zel sipari\u015fle sizin spesifikasyonlar\u0131n\u0131za g\u00f6re yap\u0131lm\u0131\u015fsa ve ba\u015fka bir m\u00fc\u015fteriye sat\u0131lmaya uygun de\u011filse, m\u00fc\u015fteri temsilcimizle yap\u0131lacak bir g\u00f6r\u00fc\u015fmenin ard\u0131ndan para iadesi veya \u00fcr\u00fcn de\u011fi\u015fimi ger\u00e7ekle\u015ftirilecektir.<\/p>\t\t\t\t\t\t\t\t<\/div>\n\t\t\t\t<\/div>\n\t\t\t\t<div class=\"elementor-element elementor-element-3a3ec4e elementor-widget elementor-widget-heading\" data-id=\"3a3ec4e\" data-element_type=\"widget\" data-widget_type=\"heading.default\">\n\t\t\t\t<div class=\"elementor-widget-container\">\n\t\t\t\t\t<h2 class=\"elementor-heading-title elementor-size-default\"><b>4. S\u00f6zle\u015fmenin Feshi Sonras\u0131 \u00dcr\u00fcn \u0130ade S\u00fcreci: <\/b><\/h2>\t\t\t\t<\/div>\n\t\t\t\t<\/div>\n\t\t\t\t<div class=\"elementor-element elementor-element-f5b64d8 elementor-widget elementor-widget-text-editor\" data-id=\"f5b64d8\" data-element_type=\"widget\" data-widget_type=\"text-editor.default\">\n\t\t\t\t<div class=\"elementor-widget-container\">\n\t\t\t\t\t\t\t\t\t<p><span style=\"font-weight: 400;\">\u00dcr\u00fcnler size g\u00f6nderildikten ve teslim edildikten sonra s\u00f6zle\u015fmeyi feshederseniz, \u00fcr\u00fcnleri bize geri g\u00f6ndermeli veya makul bir s\u00fcre i\u00e7inde \u00fcr\u00fcnlerin toplanmas\u0131na izin vermelisiniz. \u00dcr\u00fcn \u00fczerinde yap\u0131lan bir de\u011fi\u015fiklik, fiyat veya a\u00e7\u0131klama hatas\u0131, kontrol\u00fcm\u00fcz d\u0131\u015f\u0131ndaki olaylar nedeniyle teslimatta ya\u015fanan gecikme veya ba\u015fka bir sorun nedeniyle s\u00f6zle\u015fmeyi feshediyorsan\u0131z, iade masraflar\u0131 taraf\u0131m\u0131zdan kar\u015f\u0131lanacakt\u0131r. Di\u011fer t\u00fcm durumlarda, iade kargo masraflar\u0131ndan siz sorumlu olacaks\u0131n\u0131z.  <\/span><\/p>\n\t\t\t\t\t\t\t\t<\/div>\n\t\t\t\t<\/div>\n\t\t\t\t<div class=\"elementor-element elementor-element-af8405e elementor-widget elementor-widget-heading\" data-id=\"af8405e\" data-element_type=\"widget\" data-widget_type=\"heading.default\">\n\t\t\t\t<div class=\"elementor-widget-container\">\n\t\t\t\t\t<h2 class=\"elementor-heading-title elementor-size-default\"><b>\u0130leti\u015fim<\/b><\/h2>\t\t\t\t<\/div>\n\t\t\t\t<\/div>\n\t\t\t\t<div class=\"elementor-element elementor-element-3213d52 elementor-widget elementor-widget-text-editor\" data-id=\"3213d52\" data-element_type=\"widget\" data-widget_type=\"text-editor.default\">\n\t\t\t\t<div class=\"elementor-widget-container\">\n\t\t\t\t\t\t\t\t\t<p>\u0130ade &amp; Talepler politikam\u0131z hakk\u0131nda herhangi bir sorunuz varsa, l\u00fctfen bizimle \u015fu adresten ileti\u015fime ge\u00e7in:<\/p><p><a href=\"mailto:info@stileuropa.com\">info@stileuropa.com<\/a><\/p><p><a href=\"https:\/\/api.whatsapp.com\/send?phone=359895078348\">Whatsapp Destek Hatt\u0131<\/a><\/p>\t\t\t\t\t\t\t\t<\/div>\n\t\t\t\t<\/div>\n\t\t\t\t<\/div>\n\t\t\t\t\t<\/div>\n\t\t\t\t<\/div>\n\t\t\t\t<\/div>\n\t\t","protected":false},"excerpt":{"rendered":"<p>\u0130ade &amp; Talepler 1. Fikir De\u011fi\u015fikli\u011fi Nedeniyle \u0130ptaller: Sipari\u015finizi teslimattan \u00f6nce herhangi bir a\u015famada iptal edebilirsiniz. Sipari\u015finiz hen\u00fcz g\u00f6nderilmemi\u015fse, herhangi bir kesinti olmaks\u0131z\u0131n tam bir iade yap\u0131lacakt\u0131r. Sipari\u015finiz zaten g\u00f6nderilmi\u015fse, teslimat \u00fccreti iade edilmeyecek ve iade kargo masraflar\u0131ndan siz sorumlu olacaks\u0131n\u0131z. 2. Fikir De\u011fi\u015fikli\u011fi Nedeniyle \u0130adeler: Sipari\u015finizi teslim ald\u0131ktan sonra iade etmeye karar verirseniz, t\u00fcm [&hellip;]<\/p>\n","protected":false},"author":1,"featured_media":0,"parent":0,"menu_order":0,"comment_status":"closed","ping_status":"closed","template":"","meta":{"footnotes":""},"class_list":["post-10324","page","type-page","status-publish","hentry"],"yoast_head":"<!-- This site is optimized with the Yoast SEO plugin v24.9 - https:\/\/yoast.com\/wordpress\/plugins\/seo\/ -->\n<title>\u0130ade &amp; Talepler - StilEuropa<\/title>\n<meta name=\"description\" content=\"\u0130ade Talepleri - Sipari\u015finizi teslimattan \u00f6nce herhangi bir a\u015famada iptal edebilirsiniz. Sipari\u015finiz hen\u00fcz g\u00f6nderilmemi\u015fse, tam bir iade yap\u0131lacakt\u0131r.\" \/>\n<meta name=\"robots\" content=\"index, follow, max-snippet:-1, max-image-preview:large, max-video-preview:-1\" \/>\n<link rel=\"canonical\" href=\"https:\/\/stileuropa.com\/returns-claims\/\" \/>\n<meta property=\"og:locale\" content=\"tr_TR\" \/>\n<meta property=\"og:type\" content=\"article\" \/>\n<meta property=\"og:title\" content=\"\u0130ade &amp; Talepler - StilEuropa\" \/>\n<meta property=\"og:description\" content=\"\u0130ade Talepleri - Sipari\u015finizi teslimattan \u00f6nce herhangi bir a\u015famada iptal edebilirsiniz. Sipari\u015finiz hen\u00fcz g\u00f6nderilmemi\u015fse, tam bir iade yap\u0131lacakt\u0131r.\" \/>\n<meta property=\"og:url\" content=\"https:\/\/stileuropa.com\/returns-claims\/\" \/>\n<meta property=\"og:site_name\" content=\"StilEuropa\" \/>\n<meta property=\"article:modified_time\" content=\"2024-12-01T07:23:13+00:00\" \/>\n<meta name=\"twitter:card\" content=\"summary_large_image\" \/>\n<meta name=\"twitter:label1\" content=\"Tahmini okuma s\u00fcresi\" \/>\n\t<meta name=\"twitter:data1\" content=\"2 dakika\" \/>\n<script type=\"application\/ld+json\" class=\"yoast-schema-graph\">{\"@context\":\"https:\/\/schema.org\",\"@graph\":[{\"@type\":\"WebPage\",\"@id\":\"https:\/\/stileuropa.com\/returns-claims\/\",\"url\":\"https:\/\/stileuropa.com\/returns-claims\/\",\"name\":\"\u0130ade &amp; Talepler - StilEuropa\",\"isPartOf\":{\"@id\":\"https:\/\/stileuropa.com\/#website\"},\"datePublished\":\"2024-07-09T01:31:20+00:00\",\"dateModified\":\"2024-12-01T07:23:13+00:00\",\"description\":\"\u0130ade Talepleri - Sipari\u015finizi teslimattan \u00f6nce herhangi bir a\u015famada iptal edebilirsiniz. Sipari\u015finiz hen\u00fcz g\u00f6nderilmemi\u015fse, tam bir iade yap\u0131lacakt\u0131r.\",\"breadcrumb\":{\"@id\":\"https:\/\/stileuropa.com\/returns-claims\/#breadcrumb\"},\"inLanguage\":\"tr\",\"potentialAction\":[{\"@type\":\"ReadAction\",\"target\":[\"https:\/\/stileuropa.com\/returns-claims\/\"]}]},{\"@type\":\"BreadcrumbList\",\"@id\":\"https:\/\/stileuropa.com\/returns-claims\/#breadcrumb\",\"itemListElement\":[{\"@type\":\"ListItem\",\"position\":1,\"name\":\"Home\",\"item\":\"https:\/\/stileuropa.com\/\"},{\"@type\":\"ListItem\",\"position\":2,\"name\":\"\u0130ade &amp; Talepler\"}]},{\"@type\":\"WebSite\",\"@id\":\"https:\/\/stileuropa.com\/#website\",\"url\":\"https:\/\/stileuropa.com\/\",\"name\":\"StilEuropa\",\"description\":\"\",\"publisher\":{\"@id\":\"https:\/\/stileuropa.com\/#organization\"},\"potentialAction\":[{\"@type\":\"SearchAction\",\"target\":{\"@type\":\"EntryPoint\",\"urlTemplate\":\"https:\/\/stileuropa.com\/?s={search_term_string}\"},\"query-input\":{\"@type\":\"PropertyValueSpecification\",\"valueRequired\":true,\"valueName\":\"search_term_string\"}}],\"inLanguage\":\"tr\"},{\"@type\":\"Organization\",\"@id\":\"https:\/\/stileuropa.com\/#organization\",\"name\":\"StilEuropa\",\"url\":\"https:\/\/stileuropa.com\/\",\"logo\":{\"@type\":\"ImageObject\",\"inLanguage\":\"tr\",\"@id\":\"https:\/\/stileuropa.com\/#\/schema\/logo\/image\/\",\"url\":\"https:\/\/stileuropa.com\/wp-content\/uploads\/2024\/08\/styleuropa-logo-black.webp\",\"contentUrl\":\"https:\/\/stileuropa.com\/wp-content\/uploads\/2024\/08\/styleuropa-logo-black.webp\",\"width\":501,\"height\":53,\"caption\":\"StilEuropa\"},\"image\":{\"@id\":\"https:\/\/stileuropa.com\/#\/schema\/logo\/image\/\"}}]}<\/script>\n<!-- \/ Yoast SEO plugin. -->","yoast_head_json":{"title":"\u0130ade &amp; Talepler - StilEuropa","description":"\u0130ade Talepleri - Sipari\u015finizi teslimattan \u00f6nce herhangi bir a\u015famada iptal edebilirsiniz. Sipari\u015finiz hen\u00fcz g\u00f6nderilmemi\u015fse, tam bir iade yap\u0131lacakt\u0131r.","robots":{"index":"index","follow":"follow","max-snippet":"max-snippet:-1","max-image-preview":"max-image-preview:large","max-video-preview":"max-video-preview:-1"},"canonical":"https:\/\/stileuropa.com\/returns-claims\/","og_locale":"tr_TR","og_type":"article","og_title":"\u0130ade &amp; Talepler - StilEuropa","og_description":"\u0130ade Talepleri - Sipari\u015finizi teslimattan \u00f6nce herhangi bir a\u015famada iptal edebilirsiniz. Sipari\u015finiz hen\u00fcz g\u00f6nderilmemi\u015fse, tam bir iade yap\u0131lacakt\u0131r.","og_url":"https:\/\/stileuropa.com\/returns-claims\/","og_site_name":"StilEuropa","article_modified_time":"2024-12-01T07:23:13+00:00","twitter_card":"summary_large_image","twitter_misc":{"Tahmini okuma s\u00fcresi":"2 dakika"},"schema":{"@context":"https:\/\/schema.org","@graph":[{"@type":"WebPage","@id":"https:\/\/stileuropa.com\/returns-claims\/","url":"https:\/\/stileuropa.com\/returns-claims\/","name":"\u0130ade &amp; Talepler - StilEuropa","isPartOf":{"@id":"https:\/\/stileuropa.com\/#website"},"datePublished":"2024-07-09T01:31:20+00:00","dateModified":"2024-12-01T07:23:13+00:00","description":"\u0130ade Talepleri - Sipari\u015finizi teslimattan \u00f6nce herhangi bir a\u015famada iptal edebilirsiniz. Sipari\u015finiz hen\u00fcz g\u00f6nderilmemi\u015fse, tam bir iade yap\u0131lacakt\u0131r.","breadcrumb":{"@id":"https:\/\/stileuropa.com\/returns-claims\/#breadcrumb"},"inLanguage":"tr","potentialAction":[{"@type":"ReadAction","target":["https:\/\/stileuropa.com\/returns-claims\/"]}]},{"@type":"BreadcrumbList","@id":"https:\/\/stileuropa.com\/returns-claims\/#breadcrumb","itemListElement":[{"@type":"ListItem","position":1,"name":"Home","item":"https:\/\/stileuropa.com\/"},{"@type":"ListItem","position":2,"name":"\u0130ade &amp; Talepler"}]},{"@type":"WebSite","@id":"https:\/\/stileuropa.com\/#website","url":"https:\/\/stileuropa.com\/","name":"StilEuropa","description":"","publisher":{"@id":"https:\/\/stileuropa.com\/#organization"},"potentialAction":[{"@type":"SearchAction","target":{"@type":"EntryPoint","urlTemplate":"https:\/\/stileuropa.com\/?s={search_term_string}"},"query-input":{"@type":"PropertyValueSpecification","valueRequired":true,"valueName":"search_term_string"}}],"inLanguage":"tr"},{"@type":"Organization","@id":"https:\/\/stileuropa.com\/#organization","name":"StilEuropa","url":"https:\/\/stileuropa.com\/","logo":{"@type":"ImageObject","inLanguage":"tr","@id":"https:\/\/stileuropa.com\/#\/schema\/logo\/image\/","url":"https:\/\/stileuropa.com\/wp-content\/uploads\/2024\/08\/styleuropa-logo-black.webp","contentUrl":"https:\/\/stileuropa.com\/wp-content\/uploads\/2024\/08\/styleuropa-logo-black.webp","width":501,"height":53,"caption":"StilEuropa"},"image":{"@id":"https:\/\/stileuropa.com\/#\/schema\/logo\/image\/"}}]}},"_links":{"self":[{"href":"https:\/\/stileuropa.com\/tr\/wp-json\/wp\/v2\/pages\/10324","targetHints":{"allow":["GET"]}}],"collection":[{"href":"https:\/\/stileuropa.com\/tr\/wp-json\/wp\/v2\/pages"}],"about":[{"href":"https:\/\/stileuropa.com\/tr\/wp-json\/wp\/v2\/types\/page"}],"author":[{"embeddable":true,"href":"https:\/\/stileuropa.com\/tr\/wp-json\/wp\/v2\/users\/1"}],"replies":[{"embeddable":true,"href":"https:\/\/stileuropa.com\/tr\/wp-json\/wp\/v2\/comments?post=10324"}],"version-history":[{"count":0,"href":"https:\/\/stileuropa.com\/tr\/wp-json\/wp\/v2\/pages\/10324\/revisions"}],"wp:attachment":[{"href":"https:\/\/stileuropa.com\/tr\/wp-json\/wp\/v2\/media?parent=10324"}],"curies":[{"name":"wp","href":"https:\/\/api.w.org\/{rel}","templated":true}]}}