{"id":10304,"date":"2024-07-09T03:19:35","date_gmt":"2024-07-09T00:19:35","guid":{"rendered":"https:\/\/stileuropa.com\/hakkimizda\/"},"modified":"2024-11-21T16:29:11","modified_gmt":"2024-11-21T13:29:11","slug":"hakkimizda","status":"publish","type":"page","link":"https:\/\/stileuropa.com\/tr\/hakkimizda\/","title":{"rendered":"Hakk\u0131m\u0131zda"},"content":{"rendered":"\t\t<div data-elementor-type=\"wp-page\" data-elementor-id=\"10304\" class=\"elementor elementor-10304 elementor-624\" data-elementor-post-type=\"page\">\n\t\t\t\t<div class=\"elementor-element elementor-element-7d53803 e-flex e-con-boxed e-con e-parent\" data-id=\"7d53803\" data-element_type=\"container\" data-settings=\"{&quot;background_background&quot;:&quot;classic&quot;}\">\n\t\t\t\t\t<div class=\"e-con-inner\">\n\t\t\t\t<div class=\"elementor-element elementor-element-62e1c55 elementor-widget elementor-widget-heading\" data-id=\"62e1c55\" data-element_type=\"widget\" data-widget_type=\"heading.default\">\n\t\t\t\t<div class=\"elementor-widget-container\">\n\t\t\t\t\t<h1 class=\"elementor-heading-title elementor-size-default\">Hakk\u0131m\u0131zda<\/h1>\t\t\t\t<\/div>\n\t\t\t\t<\/div>\n\t\t\t\t\t<\/div>\n\t\t\t\t<\/div>\n\t\t<div class=\"elementor-element elementor-element-2d75997 e-flex e-con-boxed e-con e-child\" data-id=\"2d75997\" data-element_type=\"container\" data-settings=\"{&quot;background_background&quot;:&quot;classic&quot;}\">\n\t\t\t\t\t<div class=\"e-con-inner\">\n\t\t<div class=\"elementor-element elementor-element-e3db2c7 e-con-full e-flex e-con e-child\" data-id=\"e3db2c7\" data-element_type=\"container\">\n\t\t\t\t<div class=\"elementor-element elementor-element-e9c3e24 elementor-widget elementor-widget-heading\" data-id=\"e9c3e24\" data-element_type=\"widget\" data-widget_type=\"heading.default\">\n\t\t\t\t<div class=\"elementor-widget-container\">\n\t\t\t\t\t<h2 class=\"elementor-heading-title elementor-size-default\"><b>Stileuropa'ya Ho\u015f Geldiniz<\/b><\/h2>\t\t\t\t<\/div>\n\t\t\t\t<\/div>\n\t\t\t\t<div class=\"elementor-element elementor-element-39aaa26 elementor-widget elementor-widget-text-editor\" data-id=\"39aaa26\" data-element_type=\"widget\" data-widget_type=\"text-editor.default\">\n\t\t\t\t<div class=\"elementor-widget-container\">\n\t\t\t\t\t\t\t\t\t<p>Stileuropa&#8217;da, evinizin ki\u015fisel tarz\u0131n\u0131z\u0131 yans\u0131tmas\u0131 gerekti\u011fine inan\u0131yoruz. Bu y\u00fczden her zevke ve b\u00fct\u00e7eye uygun, y\u00fcksek kaliteli ve \u015f\u0131k mobilyalar\u0131n geni\u015f bir yelpazesini sunmaya kendimizi adad\u0131k. \u0130ster \u00e7a\u011fda\u015f tasar\u0131mlar ar\u0131yor olun ister zamans\u0131z klasikler, alan\u0131n\u0131z\u0131 ger\u00e7ek bir sizi yans\u0131tan mek\u00e2na d\u00f6n\u00fc\u015ft\u00fcrecek bir \u015feyimiz var.  <\/p>\n\t\t\t\t\t\t\t\t<\/div>\n\t\t\t\t<\/div>\n\t\t\t\t<div class=\"elementor-element elementor-element-3139a1c elementor-widget elementor-widget-heading\" data-id=\"3139a1c\" data-element_type=\"widget\" data-widget_type=\"heading.default\">\n\t\t\t\t<div class=\"elementor-widget-container\">\n\t\t\t\t\t<h2 class=\"elementor-heading-title elementor-size-default\"><b>Hikayemiz<\/b><\/h2>\t\t\t\t<\/div>\n\t\t\t\t<\/div>\n\t\t\t\t<div class=\"elementor-element elementor-element-ba5a2b6 elementor-widget elementor-widget-text-editor\" data-id=\"ba5a2b6\" data-element_type=\"widget\" data-widget_type=\"text-editor.default\">\n\t\t\t\t<div class=\"elementor-widget-container\">\n\t\t\t\t\t\t\t\t\t<p>Stileuropa, tasar\u0131ma olan tutku ve Avrupa genelindeki evlere \u00f6zenle \u00fcretilmi\u015f mobilyalar getirme arzusu ile do\u011fdu. Yolculu\u011fumuz, tarz, konfor ve dayan\u0131kl\u0131l\u0131\u011f\u0131 bir araya getiren ola\u011fan\u00fcst\u00fc mobilyalar sunma misyonuyla ba\u015flad\u0131. <\/p>\n<p>Y\u0131llar i\u00e7inde k\u00fc\u00e7\u00fck bir butik i\u015fletmeden mobilya sekt\u00f6r\u00fcnde g\u00fcvenilir bir isme d\u00f6n\u00fc\u015ft\u00fck ve binlerce memnun m\u00fc\u015fteriye hizmet verdik. M\u00fckemmelli\u011fe ve m\u00fc\u015fteri memnuniyetine olan ba\u011fl\u0131l\u0131\u011f\u0131m\u0131z hep sabit kald\u0131; bu da bizi s\u00fcrekli olarak yenilik yapmaya ve \u00fcr\u00fcn yelpazemizi geni\u015fletmeye y\u00f6neltti. <\/p>\n\t\t\t\t\t\t\t\t<\/div>\n\t\t\t\t<\/div>\n\t\t\t\t<div class=\"elementor-element elementor-element-036de11 elementor-widget elementor-widget-heading\" data-id=\"036de11\" data-element_type=\"widget\" data-widget_type=\"heading.default\">\n\t\t\t\t<div class=\"elementor-widget-container\">\n\t\t\t\t\t<h2 class=\"elementor-heading-title elementor-size-default\"><b>De\u011ferlerimiz<\/b><\/h2>\t\t\t\t<\/div>\n\t\t\t\t<\/div>\n\t\t\t\t<div class=\"elementor-element elementor-element-5a5a13c elementor-widget elementor-widget-text-editor\" data-id=\"5a5a13c\" data-element_type=\"widget\" data-widget_type=\"text-editor.default\">\n\t\t\t\t<div class=\"elementor-widget-container\">\n\t\t\t\t\t\t\t\t\t<h3><b>Kalite<\/b><\/h3><p>Yapt\u0131\u011f\u0131m\u0131z her i\u015fte kaliteyi \u00f6n planda tutuyoruz. Malzeme se\u00e7iminden her par\u00e7an\u0131n i\u015f\u00e7ili\u011fine kadar, mobilyalar\u0131m\u0131z\u0131n dayan\u0131kl\u0131 olmas\u0131 i\u00e7in titizlikle \u00e7al\u0131\u015f\u0131yoruz. \u00dcr\u00fcnlerimiz, en y\u00fcksek standartlar\u0131 kar\u015f\u0131lamak \u00fczere s\u0131k\u0131 kalite kontrollerinden ge\u00e7mektedir.<\/p><h3><b>Tasar\u0131m<\/b><\/h3><p>Yetenekli tasar\u0131mc\u0131 ekibimiz, hem i\u015flevsel hem de estetik a\u00e7\u0131dan ho\u015f mobilyalar yaratmak i\u00e7in yorulmadan \u00e7al\u0131\u015f\u0131yor. En yeni trendlerden ve zamans\u0131z tasar\u0131mlardan ilham alarak, \u00e7e\u015fitli zevklere hitap eden geni\u015f bir koleksiyon sunuyoruz.<\/p><h3><b>M\u00fc\u015fteri Memnuniyeti<\/b><\/h3><p>Sizin memnuniyetiniz bizim \u00f6nceli\u011fimizdir. Web sitemizde gezinti s\u00fcrecinizden mobilyalar\u0131n\u0131z\u0131n teslimat\u0131na kadar m\u00fckemmel bir al\u0131\u015fveri\u015f deneyimi sunmak i\u00e7in \u00e7aba g\u00f6steriyoruz. M\u00fc\u015fteri destek ekibimiz, her t\u00fcrl\u00fc soru veya endi\u015fenizde size yard\u0131mc\u0131 olmaya haz\u0131rd\u0131r.<\/p><h3><b>S\u00fcrd\u00fcr\u00fclebilirlik<\/b><\/h3><p>\u00c7evre i\u00e7in \u00fczerimize d\u00fc\u015feni yapmaya kararl\u0131y\u0131z. Malzemelerimizi sorumlu bir \u015fekilde temin ediyor ve s\u00fcrd\u00fcr\u00fclebilirli\u011fe ba\u011fl\u0131 \u00fcreticilerle \u00e7al\u0131\u015f\u0131yoruz. \u00c7evre dostu uygulamalar\u0131m\u0131z sayesinde, \u00e7evresel sorumluluktan \u00f6d\u00fcn vermeden g\u00fczel mobilyalar\u0131n keyfini \u00e7\u0131karabilirsiniz.<\/p>\t\t\t\t\t\t\t\t<\/div>\n\t\t\t\t<\/div>\n\t\t\t\t<div class=\"elementor-element elementor-element-bf5761c elementor-widget elementor-widget-heading\" data-id=\"bf5761c\" data-element_type=\"widget\" data-widget_type=\"heading.default\">\n\t\t\t\t<div class=\"elementor-widget-container\">\n\t\t\t\t\t<h2 class=\"elementor-heading-title elementor-size-default\"><b>\u00dcr\u00fcnlerimiz<\/b><\/h2>\t\t\t\t<\/div>\n\t\t\t\t<\/div>\n\t\t\t\t<div class=\"elementor-element elementor-element-9e043ef elementor-widget elementor-widget-text-editor\" data-id=\"9e043ef\" data-element_type=\"widget\" data-widget_type=\"text-editor.default\">\n\t\t\t\t<div class=\"elementor-widget-container\">\n\t\t\t\t\t\t\t\t\t<p>Stileuropa&#8217;da, evinizdeki her oda i\u00e7in kapsaml\u0131 bir mobilya yelpazesi sunuyoruz. Koleksiyonumuz \u015funlar\u0131 i\u00e7erir: <\/p>\n<ul>\n<li><strong>Oturma Odas\u0131 Mobilyalar\u0131<\/strong>: Koltuklar, sehpa, TV \u00fcniteleri ve daha fazlas\u0131.<\/li>\n<li><strong>Yatak Odas\u0131 Mobilyalar\u0131<\/strong>: Yataklar, gard\u0131roplar, \u015fifonyerler ve komodinler.<\/li>\n<li><strong>Yemek Odas\u0131 Mobilyalar\u0131<\/strong>: Yemek masalar\u0131, sandalyeler ve konsollar.<\/li>\n<li><strong>Ofis Mobilyalar\u0131<\/strong>: \u00c7al\u0131\u015fma masalar\u0131, ofis sandalyeleri ve depolama \u00e7\u00f6z\u00fcmleri.<\/li>\n<li><strong>D\u0131\u015f Mekan Mobilyalar\u0131<\/strong>: Teras tak\u0131mlar\u0131, \u015fezlonglar ve bah\u00e7e aksesuarlar\u0131.<\/li>\n<\/ul>\n<p>Her par\u00e7a, kalite, stil ve dayan\u0131kl\u0131l\u0131k standartlar\u0131m\u0131z\u0131 kar\u015f\u0131lad\u0131\u011f\u0131ndan emin olmak i\u00e7in \u00f6zenle se\u00e7ilmektedir.<\/p>\n\t\t\t\t\t\t\t\t<\/div>\n\t\t\t\t<\/div>\n\t\t\t\t<div class=\"elementor-element elementor-element-6be3649 elementor-widget elementor-widget-heading\" data-id=\"6be3649\" data-element_type=\"widget\" data-widget_type=\"heading.default\">\n\t\t\t\t<div class=\"elementor-widget-container\">\n\t\t\t\t\t<h2 class=\"elementor-heading-title elementor-size-default\"><b>Neden Bizi Se\u00e7melisiniz?<\/b><\/h2>\t\t\t\t<\/div>\n\t\t\t\t<\/div>\n\t\t\t\t<div class=\"elementor-element elementor-element-008ebbe elementor-widget elementor-widget-text-editor\" data-id=\"008ebbe\" data-element_type=\"widget\" data-widget_type=\"text-editor.default\">\n\t\t\t\t<div class=\"elementor-widget-container\">\n\t\t\t\t\t\t\t\t\t<ul>\n<li><strong>Geni\u015f Stil Yelpazesi<\/strong>: Modernden klasi\u011fe, herkese uygun bir \u015feyimiz var.<\/li>\n<li><strong>Ola\u011fan\u00fcst\u00fc Kalite<\/strong>: Mobilyalar\u0131m\u0131z, hem stil hem de dayan\u0131kl\u0131l\u0131k sunarak uzun \u00f6m\u00fcrl\u00fc olacak \u015fekilde \u00fcretilmi\u015ftir.<\/li>\n<li><strong>Uygun Fiyatlar<\/strong>: Harika tasar\u0131m\u0131n herkes i\u00e7in eri\u015filebilir olmas\u0131 gerekti\u011fine inan\u0131yoruz.<\/li>\n<li><strong>M\u00fckemmel M\u00fc\u015fteri Hizmeti<\/strong>: Ekibimiz, her ad\u0131mda size yard\u0131mc\u0131 olmak i\u00e7in burada.<\/li>\n<li><strong>H\u0131zl\u0131 ve G\u00fcvenilir Teslimat<\/strong>: Sipari\u015finizin size zaman\u0131nda ve kusursuz bir \u015fekilde ula\u015fmas\u0131n\u0131 sa\u011fl\u0131yoruz.<\/li>\n<\/ul>\n\t\t\t\t\t\t\t\t<\/div>\n\t\t\t\t<\/div>\n\t\t\t\t<div class=\"elementor-element elementor-element-bd697fa elementor-widget elementor-widget-heading\" data-id=\"bd697fa\" data-element_type=\"widget\" data-widget_type=\"heading.default\">\n\t\t\t\t<div class=\"elementor-widget-container\">\n\t\t\t\t\t<h2 class=\"elementor-heading-title elementor-size-default\"><b>Bizi Ziyaret Edin<\/b><\/h2>\t\t\t\t<\/div>\n\t\t\t\t<\/div>\n\t\t\t\t<div class=\"elementor-element elementor-element-4172ddf elementor-widget elementor-widget-text-editor\" data-id=\"4172ddf\" data-element_type=\"widget\" data-widget_type=\"text-editor.default\">\n\t\t\t\t<div class=\"elementor-widget-container\">\n\t\t\t\t\t\t\t\t\t<p>Koleksiyonumuzu <a href=\"http:\/\/www.stileuropa.com\" target=\"_new\" rel=\"noreferrer\">stileuropa.com<\/a> adresinde \u00e7evrimi\u00e7i olarak ke\u015ffedin ve evinizi g\u00fczelle\u015ftirecek m\u00fckemmel par\u00e7alar\u0131 bulun. Memnun m\u00fc\u015fteriler toplulu\u011fumuza kat\u0131l\u0131n ve bug\u00fcn Stileuropa fark\u0131n\u0131 ya\u015fay\u0131n. <\/p>\n<p>Stileuropa&#8217;y\u0131 se\u00e7ti\u011finiz i\u00e7in te\u015fekk\u00fcr ederiz. Sevdi\u011finiz bir evi yaratman\u0131za yard\u0131mc\u0131 olmay\u0131 sab\u0131rs\u0131zl\u0131kla bekliyoruz. <\/p>\n\t\t\t\t\t\t\t\t<\/div>\n\t\t\t\t<\/div>\n\t\t\t\t<\/div>\n\t\t\t\t\t<\/div>\n\t\t\t\t<\/div>\n\t\t\t\t<\/div>\n\t\t","protected":false},"excerpt":{"rendered":"<p>Hakk\u0131m\u0131zda Stileuropa&#8217;ya Ho\u015f Geldiniz Stileuropa&#8217;da, evinizin ki\u015fisel tarz\u0131n\u0131z\u0131 yans\u0131tmas\u0131 gerekti\u011fine inan\u0131yoruz. Bu y\u00fczden her zevke ve b\u00fct\u00e7eye uygun, y\u00fcksek kaliteli ve \u015f\u0131k mobilyalar\u0131n geni\u015f bir yelpazesini sunmaya kendimizi adad\u0131k. \u0130ster \u00e7a\u011fda\u015f tasar\u0131mlar ar\u0131yor olun ister zamans\u0131z klasikler, alan\u0131n\u0131z\u0131 ger\u00e7ek bir sizi yans\u0131tan mek\u00e2na d\u00f6n\u00fc\u015ft\u00fcrecek bir \u015feyimiz var. Hikayemiz Stileuropa, tasar\u0131ma olan tutku ve Avrupa genelindeki [&hellip;]<\/p>\n","protected":false},"author":1,"featured_media":0,"parent":0,"menu_order":0,"comment_status":"closed","ping_status":"closed","template":"","meta":{"footnotes":""},"class_list":["post-10304","page","type-page","status-publish","hentry"],"yoast_head":"<!-- This site is optimized with the Yoast SEO plugin v24.9 - https:\/\/yoast.com\/wordpress\/plugins\/seo\/ -->\n<title>Hakk\u0131m\u0131zda - StilEuropa<\/title>\n<meta name=\"description\" content=\"Avrupa tasar\u0131m\u0131 - Stileuropa&#039;da, evinizin ki\u015fisel tarz\u0131n\u0131z\u0131 yans\u0131tmas\u0131 gerekti\u011fine inan\u0131yoruz. Bu y\u00fczden geni\u015f bir \u00fcr\u00fcn yelpazesi sunmaya kendimizi adad\u0131k...\" \/>\n<meta name=\"robots\" content=\"index, follow, max-snippet:-1, max-image-preview:large, max-video-preview:-1\" \/>\n<link rel=\"canonical\" href=\"https:\/\/stileuropa.com\/tr\/hakkimizda\/\" \/>\n<meta property=\"og:locale\" content=\"tr_TR\" \/>\n<meta property=\"og:type\" content=\"article\" \/>\n<meta property=\"og:title\" content=\"Hakk\u0131m\u0131zda - StilEuropa\" \/>\n<meta property=\"og:description\" content=\"Avrupa tasar\u0131m\u0131 - Stileuropa&#039;da, evinizin ki\u015fisel tarz\u0131n\u0131z\u0131 yans\u0131tmas\u0131 gerekti\u011fine inan\u0131yoruz. Bu y\u00fczden geni\u015f bir \u00fcr\u00fcn yelpazesi sunmaya kendimizi adad\u0131k...\" \/>\n<meta property=\"og:url\" content=\"https:\/\/stileuropa.com\/tr\/hakkimizda\/\" \/>\n<meta property=\"og:site_name\" content=\"StilEuropa\" \/>\n<meta property=\"article:modified_time\" content=\"2024-11-21T13:29:11+00:00\" \/>\n<meta name=\"twitter:card\" content=\"summary_large_image\" \/>\n<meta name=\"twitter:label1\" content=\"Tahmini okuma s\u00fcresi\" \/>\n\t<meta name=\"twitter:data1\" content=\"3 dakika\" \/>\n<script type=\"application\/ld+json\" class=\"yoast-schema-graph\">{\"@context\":\"https:\/\/schema.org\",\"@graph\":[{\"@type\":\"WebPage\",\"@id\":\"https:\/\/stileuropa.com\/tr\/hakkimizda\/\",\"url\":\"https:\/\/stileuropa.com\/tr\/hakkimizda\/\",\"name\":\"Hakk\u0131m\u0131zda - StilEuropa\",\"isPartOf\":{\"@id\":\"https:\/\/stileuropa.com\/#website\"},\"datePublished\":\"2024-07-09T00:19:35+00:00\",\"dateModified\":\"2024-11-21T13:29:11+00:00\",\"description\":\"Avrupa tasar\u0131m\u0131 - Stileuropa'da, evinizin ki\u015fisel tarz\u0131n\u0131z\u0131 yans\u0131tmas\u0131 gerekti\u011fine inan\u0131yoruz. Bu y\u00fczden geni\u015f bir \u00fcr\u00fcn yelpazesi sunmaya kendimizi adad\u0131k...\",\"breadcrumb\":{\"@id\":\"https:\/\/stileuropa.com\/tr\/hakkimizda\/#breadcrumb\"},\"inLanguage\":\"tr\",\"potentialAction\":[{\"@type\":\"ReadAction\",\"target\":[\"https:\/\/stileuropa.com\/tr\/hakkimizda\/\"]}]},{\"@type\":\"BreadcrumbList\",\"@id\":\"https:\/\/stileuropa.com\/tr\/hakkimizda\/#breadcrumb\",\"itemListElement\":[{\"@type\":\"ListItem\",\"position\":1,\"name\":\"Home\",\"item\":\"https:\/\/stileuropa.com\/\"},{\"@type\":\"ListItem\",\"position\":2,\"name\":\"Hakk\u0131m\u0131zda\"}]},{\"@type\":\"WebSite\",\"@id\":\"https:\/\/stileuropa.com\/#website\",\"url\":\"https:\/\/stileuropa.com\/\",\"name\":\"StilEuropa\",\"description\":\"\",\"publisher\":{\"@id\":\"https:\/\/stileuropa.com\/#organization\"},\"potentialAction\":[{\"@type\":\"SearchAction\",\"target\":{\"@type\":\"EntryPoint\",\"urlTemplate\":\"https:\/\/stileuropa.com\/?s={search_term_string}\"},\"query-input\":{\"@type\":\"PropertyValueSpecification\",\"valueRequired\":true,\"valueName\":\"search_term_string\"}}],\"inLanguage\":\"tr\"},{\"@type\":\"Organization\",\"@id\":\"https:\/\/stileuropa.com\/#organization\",\"name\":\"StilEuropa\",\"url\":\"https:\/\/stileuropa.com\/\",\"logo\":{\"@type\":\"ImageObject\",\"inLanguage\":\"tr\",\"@id\":\"https:\/\/stileuropa.com\/#\/schema\/logo\/image\/\",\"url\":\"https:\/\/stileuropa.com\/wp-content\/uploads\/2024\/08\/styleuropa-logo-black.webp\",\"contentUrl\":\"https:\/\/stileuropa.com\/wp-content\/uploads\/2024\/08\/styleuropa-logo-black.webp\",\"width\":501,\"height\":53,\"caption\":\"StilEuropa\"},\"image\":{\"@id\":\"https:\/\/stileuropa.com\/#\/schema\/logo\/image\/\"}}]}<\/script>\n<!-- \/ Yoast SEO plugin. -->","yoast_head_json":{"title":"Hakk\u0131m\u0131zda - StilEuropa","description":"Avrupa tasar\u0131m\u0131 - Stileuropa'da, evinizin ki\u015fisel tarz\u0131n\u0131z\u0131 yans\u0131tmas\u0131 gerekti\u011fine inan\u0131yoruz. Bu y\u00fczden geni\u015f bir \u00fcr\u00fcn yelpazesi sunmaya kendimizi adad\u0131k...","robots":{"index":"index","follow":"follow","max-snippet":"max-snippet:-1","max-image-preview":"max-image-preview:large","max-video-preview":"max-video-preview:-1"},"canonical":"https:\/\/stileuropa.com\/tr\/hakkimizda\/","og_locale":"tr_TR","og_type":"article","og_title":"Hakk\u0131m\u0131zda - StilEuropa","og_description":"Avrupa tasar\u0131m\u0131 - Stileuropa'da, evinizin ki\u015fisel tarz\u0131n\u0131z\u0131 yans\u0131tmas\u0131 gerekti\u011fine inan\u0131yoruz. Bu y\u00fczden geni\u015f bir \u00fcr\u00fcn yelpazesi sunmaya kendimizi adad\u0131k...","og_url":"https:\/\/stileuropa.com\/tr\/hakkimizda\/","og_site_name":"StilEuropa","article_modified_time":"2024-11-21T13:29:11+00:00","twitter_card":"summary_large_image","twitter_misc":{"Tahmini okuma s\u00fcresi":"3 dakika"},"schema":{"@context":"https:\/\/schema.org","@graph":[{"@type":"WebPage","@id":"https:\/\/stileuropa.com\/tr\/hakkimizda\/","url":"https:\/\/stileuropa.com\/tr\/hakkimizda\/","name":"Hakk\u0131m\u0131zda - StilEuropa","isPartOf":{"@id":"https:\/\/stileuropa.com\/#website"},"datePublished":"2024-07-09T00:19:35+00:00","dateModified":"2024-11-21T13:29:11+00:00","description":"Avrupa tasar\u0131m\u0131 - Stileuropa'da, evinizin ki\u015fisel tarz\u0131n\u0131z\u0131 yans\u0131tmas\u0131 gerekti\u011fine inan\u0131yoruz. Bu y\u00fczden geni\u015f bir \u00fcr\u00fcn yelpazesi sunmaya kendimizi adad\u0131k...","breadcrumb":{"@id":"https:\/\/stileuropa.com\/tr\/hakkimizda\/#breadcrumb"},"inLanguage":"tr","potentialAction":[{"@type":"ReadAction","target":["https:\/\/stileuropa.com\/tr\/hakkimizda\/"]}]},{"@type":"BreadcrumbList","@id":"https:\/\/stileuropa.com\/tr\/hakkimizda\/#breadcrumb","itemListElement":[{"@type":"ListItem","position":1,"name":"Home","item":"https:\/\/stileuropa.com\/"},{"@type":"ListItem","position":2,"name":"Hakk\u0131m\u0131zda"}]},{"@type":"WebSite","@id":"https:\/\/stileuropa.com\/#website","url":"https:\/\/stileuropa.com\/","name":"StilEuropa","description":"","publisher":{"@id":"https:\/\/stileuropa.com\/#organization"},"potentialAction":[{"@type":"SearchAction","target":{"@type":"EntryPoint","urlTemplate":"https:\/\/stileuropa.com\/?s={search_term_string}"},"query-input":{"@type":"PropertyValueSpecification","valueRequired":true,"valueName":"search_term_string"}}],"inLanguage":"tr"},{"@type":"Organization","@id":"https:\/\/stileuropa.com\/#organization","name":"StilEuropa","url":"https:\/\/stileuropa.com\/","logo":{"@type":"ImageObject","inLanguage":"tr","@id":"https:\/\/stileuropa.com\/#\/schema\/logo\/image\/","url":"https:\/\/stileuropa.com\/wp-content\/uploads\/2024\/08\/styleuropa-logo-black.webp","contentUrl":"https:\/\/stileuropa.com\/wp-content\/uploads\/2024\/08\/styleuropa-logo-black.webp","width":501,"height":53,"caption":"StilEuropa"},"image":{"@id":"https:\/\/stileuropa.com\/#\/schema\/logo\/image\/"}}]}},"_links":{"self":[{"href":"https:\/\/stileuropa.com\/tr\/wp-json\/wp\/v2\/pages\/10304","targetHints":{"allow":["GET"]}}],"collection":[{"href":"https:\/\/stileuropa.com\/tr\/wp-json\/wp\/v2\/pages"}],"about":[{"href":"https:\/\/stileuropa.com\/tr\/wp-json\/wp\/v2\/types\/page"}],"author":[{"embeddable":true,"href":"https:\/\/stileuropa.com\/tr\/wp-json\/wp\/v2\/users\/1"}],"replies":[{"embeddable":true,"href":"https:\/\/stileuropa.com\/tr\/wp-json\/wp\/v2\/comments?post=10304"}],"version-history":[{"count":0,"href":"https:\/\/stileuropa.com\/tr\/wp-json\/wp\/v2\/pages\/10304\/revisions"}],"wp:attachment":[{"href":"https:\/\/stileuropa.com\/tr\/wp-json\/wp\/v2\/media?parent=10304"}],"curies":[{"name":"wp","href":"https:\/\/api.w.org\/{rel}","templated":true}]}}