{"id":32089,"date":"2025-11-19T23:33:35","date_gmt":"2025-11-19T20:33:35","guid":{"rendered":"https:\/\/stileuropa.com\/product\/deep-living-set-canapea\/"},"modified":"2025-11-19T23:36:32","modified_gmt":"2025-11-19T20:36:32","slug":"deep-living-set-canapea","status":"publish","type":"product","link":"https:\/\/stileuropa.com\/ro\/produs\/deep-living-set-canapea\/","title":{"rendered":"Deep Living Set Canapea"},"content":{"rendered":"<p>Gama larg\u0103 de produse Stileuropa combin\u0103 elegan\u021ba \u0219i confortul, adres\u00e2ndu-se tuturor spa\u021biilor de locuit. Canapele luxoase, paturi, baze, dulapuri \u0219i mese sunt fabricate din materiale de \u00eenalt\u0103 calitate, remarc\u00e2ndu-se prin durabilitatea lor de lung\u0103 durat\u0103. Produsele noastre sunt realizate la comand\u0103, baz\u00e2ndu-ne pe principiul c\u0103 fiecare comand\u0103 reprezint\u0103 o nou\u0103 c\u0103l\u0103torie. Toate produsele noastre ajung la u\u0219a dumneavoastr\u0103 \u00een 3-5 s\u0103pt\u0103m\u00e2ni, \u00eempreun\u0103 cu livrare \u0219i asamblare gratuite. La Stileuropa, suntem m\u00e2ndri s\u0103 oferim cele mai bune materiale \u0219i designuri pentru a \u00eenfrumuse\u021ba spa\u021biile dumneavoastr\u0103 de locuit.<\/p>\n","protected":false},"excerpt":{"rendered":"<p>Gama larg\u0103 de produse Stileuropa combin\u0103 elegan\u021ba \u0219i confortul, adres\u00e2ndu-se tuturor spa\u021biilor de locuit. Canapele luxoase, paturi, baze, dulapuri \u0219i mese sunt fabricate din materiale de \u00eenalt\u0103 calitate, remarc\u00e2ndu-se prin durabilitatea lor de lung\u0103 durat\u0103. Produsele noastre sunt realizate la comand\u0103, baz\u00e2ndu-ne pe principiul c\u0103 fiecare comand\u0103 reprezint\u0103 o nou\u0103 c\u0103l\u0103torie. Toate produsele noastre ajung [&hellip;]<\/p>\n","protected":false},"featured_media":28168,"comment_status":"open","ping_status":"open","template":"","meta":[],"product_brand":[],"product_cat":[588,599],"product_tag":[],"class_list":{"0":"post-32089","1":"product","2":"type-product","3":"status-publish","4":"has-post-thumbnail","6":"product_cat-camera-de-zi","7":"product_cat-set-canapea","9":"first","10":"instock","11":"product-type-grouped"},"yoast_head":"<!-- This site is optimized with the Yoast SEO plugin v24.9 - https:\/\/yoast.com\/wordpress\/plugins\/seo\/ -->\n<title>Deep Living Set Canapea - StilEuropa<\/title>\n<meta name=\"robots\" content=\"index, follow, max-snippet:-1, max-image-preview:large, max-video-preview:-1\" \/>\n<link rel=\"canonical\" href=\"https:\/\/stileuropa.com\/ro\/produs\/deep-living-set-canapea\/\" \/>\n<meta property=\"og:locale\" content=\"ro_RO\" \/>\n<meta property=\"og:type\" content=\"article\" \/>\n<meta property=\"og:title\" content=\"Deep Living Set Canapea - StilEuropa\" \/>\n<meta property=\"og:description\" content=\"Gama larg\u0103 de produse Stileuropa combin\u0103 elegan\u021ba \u0219i confortul, adres\u00e2ndu-se tuturor spa\u021biilor de locuit. Canapele luxoase, paturi, baze, dulapuri \u0219i mese sunt fabricate din materiale de \u00eenalt\u0103 calitate, remarc\u00e2ndu-se prin durabilitatea lor de lung\u0103 durat\u0103. Produsele noastre sunt realizate la comand\u0103, baz\u00e2ndu-ne pe principiul c\u0103 fiecare comand\u0103 reprezint\u0103 o nou\u0103 c\u0103l\u0103torie. Toate produsele noastre ajung [&hellip;]\" \/>\n<meta property=\"og:url\" content=\"https:\/\/stileuropa.com\/ro\/produs\/deep-living-set-canapea\/\" \/>\n<meta property=\"og:site_name\" content=\"StilEuropa\" \/>\n<meta property=\"article:modified_time\" content=\"2025-11-19T20:36:32+00:00\" \/>\n<meta property=\"og:image\" content=\"https:\/\/stileuropa.com\/wp-content\/uploads\/2024\/10\/SEG000009-1.webp\" \/>\n\t<meta property=\"og:image:width\" content=\"1600\" \/>\n\t<meta property=\"og:image:height\" content=\"1064\" \/>\n\t<meta property=\"og:image:type\" content=\"image\/webp\" \/>\n<meta name=\"twitter:card\" content=\"summary_large_image\" \/>\n<meta name=\"twitter:label1\" content=\"Timp estimat pentru citire\" \/>\n\t<meta name=\"twitter:data1\" content=\"1 minut\" \/>\n<script type=\"application\/ld+json\" class=\"yoast-schema-graph\">{\"@context\":\"https:\/\/schema.org\",\"@graph\":[{\"@type\":\"WebPage\",\"@id\":\"https:\/\/stileuropa.com\/ro\/produs\/deep-living-set-canapea\/\",\"url\":\"https:\/\/stileuropa.com\/ro\/produs\/deep-living-set-canapea\/\",\"name\":\"Deep Living Set Canapea - StilEuropa\",\"isPartOf\":{\"@id\":\"https:\/\/stileuropa.com\/#website\"},\"primaryImageOfPage\":{\"@id\":\"https:\/\/stileuropa.com\/ro\/produs\/deep-living-set-canapea\/#primaryimage\"},\"image\":{\"@id\":\"https:\/\/stileuropa.com\/ro\/produs\/deep-living-set-canapea\/#primaryimage\"},\"thumbnailUrl\":\"https:\/\/stileuropa.com\/wp-content\/uploads\/2024\/10\/SEG000009-1.webp\",\"datePublished\":\"2025-11-19T20:33:35+00:00\",\"dateModified\":\"2025-11-19T20:36:32+00:00\",\"breadcrumb\":{\"@id\":\"https:\/\/stileuropa.com\/ro\/produs\/deep-living-set-canapea\/#breadcrumb\"},\"inLanguage\":\"ro-RO\",\"potentialAction\":[{\"@type\":\"ReadAction\",\"target\":[\"https:\/\/stileuropa.com\/ro\/produs\/deep-living-set-canapea\/\"]}]},{\"@type\":\"ImageObject\",\"inLanguage\":\"ro-RO\",\"@id\":\"https:\/\/stileuropa.com\/ro\/produs\/deep-living-set-canapea\/#primaryimage\",\"url\":\"https:\/\/stileuropa.com\/wp-content\/uploads\/2024\/10\/SEG000009-1.webp\",\"contentUrl\":\"https:\/\/stileuropa.com\/wp-content\/uploads\/2024\/10\/SEG000009-1.webp\",\"width\":1600,\"height\":1064},{\"@type\":\"BreadcrumbList\",\"@id\":\"https:\/\/stileuropa.com\/ro\/produs\/deep-living-set-canapea\/#breadcrumb\",\"itemListElement\":[{\"@type\":\"ListItem\",\"position\":1,\"name\":\"Home\",\"item\":\"https:\/\/stileuropa.com\/\"},{\"@type\":\"ListItem\",\"position\":2,\"name\":\"Magazin\",\"item\":\"https:\/\/stileuropa.com\/ro\/magazin\/\"},{\"@type\":\"ListItem\",\"position\":3,\"name\":\"Deep Living Set Canapea\"}]},{\"@type\":\"WebSite\",\"@id\":\"https:\/\/stileuropa.com\/#website\",\"url\":\"https:\/\/stileuropa.com\/\",\"name\":\"StilEuropa\",\"description\":\"\",\"publisher\":{\"@id\":\"https:\/\/stileuropa.com\/#organization\"},\"potentialAction\":[{\"@type\":\"SearchAction\",\"target\":{\"@type\":\"EntryPoint\",\"urlTemplate\":\"https:\/\/stileuropa.com\/?s={search_term_string}\"},\"query-input\":{\"@type\":\"PropertyValueSpecification\",\"valueRequired\":true,\"valueName\":\"search_term_string\"}}],\"inLanguage\":\"ro-RO\"},{\"@type\":\"Organization\",\"@id\":\"https:\/\/stileuropa.com\/#organization\",\"name\":\"StilEuropa\",\"url\":\"https:\/\/stileuropa.com\/\",\"logo\":{\"@type\":\"ImageObject\",\"inLanguage\":\"ro-RO\",\"@id\":\"https:\/\/stileuropa.com\/#\/schema\/logo\/image\/\",\"url\":\"https:\/\/stileuropa.com\/wp-content\/uploads\/2024\/08\/styleuropa-logo-black.webp\",\"contentUrl\":\"https:\/\/stileuropa.com\/wp-content\/uploads\/2024\/08\/styleuropa-logo-black.webp\",\"width\":501,\"height\":53,\"caption\":\"StilEuropa\"},\"image\":{\"@id\":\"https:\/\/stileuropa.com\/#\/schema\/logo\/image\/\"}}]}<\/script>\n<!-- \/ Yoast SEO plugin. -->","yoast_head_json":{"title":"Deep Living Set Canapea - StilEuropa","robots":{"index":"index","follow":"follow","max-snippet":"max-snippet:-1","max-image-preview":"max-image-preview:large","max-video-preview":"max-video-preview:-1"},"canonical":"https:\/\/stileuropa.com\/ro\/produs\/deep-living-set-canapea\/","og_locale":"ro_RO","og_type":"article","og_title":"Deep Living Set Canapea - StilEuropa","og_description":"Gama larg\u0103 de produse Stileuropa combin\u0103 elegan\u021ba \u0219i confortul, adres\u00e2ndu-se tuturor spa\u021biilor de locuit. Canapele luxoase, paturi, baze, dulapuri \u0219i mese sunt fabricate din materiale de \u00eenalt\u0103 calitate, remarc\u00e2ndu-se prin durabilitatea lor de lung\u0103 durat\u0103. Produsele noastre sunt realizate la comand\u0103, baz\u00e2ndu-ne pe principiul c\u0103 fiecare comand\u0103 reprezint\u0103 o nou\u0103 c\u0103l\u0103torie. Toate produsele noastre ajung [&hellip;]","og_url":"https:\/\/stileuropa.com\/ro\/produs\/deep-living-set-canapea\/","og_site_name":"StilEuropa","article_modified_time":"2025-11-19T20:36:32+00:00","og_image":[{"width":1600,"height":1064,"url":"https:\/\/stileuropa.com\/wp-content\/uploads\/2024\/10\/SEG000009-1.webp","type":"image\/webp"}],"twitter_card":"summary_large_image","twitter_misc":{"Timp estimat pentru citire":"1 minut"},"schema":{"@context":"https:\/\/schema.org","@graph":[{"@type":"WebPage","@id":"https:\/\/stileuropa.com\/ro\/produs\/deep-living-set-canapea\/","url":"https:\/\/stileuropa.com\/ro\/produs\/deep-living-set-canapea\/","name":"Deep Living Set Canapea - StilEuropa","isPartOf":{"@id":"https:\/\/stileuropa.com\/#website"},"primaryImageOfPage":{"@id":"https:\/\/stileuropa.com\/ro\/produs\/deep-living-set-canapea\/#primaryimage"},"image":{"@id":"https:\/\/stileuropa.com\/ro\/produs\/deep-living-set-canapea\/#primaryimage"},"thumbnailUrl":"https:\/\/stileuropa.com\/wp-content\/uploads\/2024\/10\/SEG000009-1.webp","datePublished":"2025-11-19T20:33:35+00:00","dateModified":"2025-11-19T20:36:32+00:00","breadcrumb":{"@id":"https:\/\/stileuropa.com\/ro\/produs\/deep-living-set-canapea\/#breadcrumb"},"inLanguage":"ro-RO","potentialAction":[{"@type":"ReadAction","target":["https:\/\/stileuropa.com\/ro\/produs\/deep-living-set-canapea\/"]}]},{"@type":"ImageObject","inLanguage":"ro-RO","@id":"https:\/\/stileuropa.com\/ro\/produs\/deep-living-set-canapea\/#primaryimage","url":"https:\/\/stileuropa.com\/wp-content\/uploads\/2024\/10\/SEG000009-1.webp","contentUrl":"https:\/\/stileuropa.com\/wp-content\/uploads\/2024\/10\/SEG000009-1.webp","width":1600,"height":1064},{"@type":"BreadcrumbList","@id":"https:\/\/stileuropa.com\/ro\/produs\/deep-living-set-canapea\/#breadcrumb","itemListElement":[{"@type":"ListItem","position":1,"name":"Home","item":"https:\/\/stileuropa.com\/"},{"@type":"ListItem","position":2,"name":"Magazin","item":"https:\/\/stileuropa.com\/ro\/magazin\/"},{"@type":"ListItem","position":3,"name":"Deep Living Set Canapea"}]},{"@type":"WebSite","@id":"https:\/\/stileuropa.com\/#website","url":"https:\/\/stileuropa.com\/","name":"StilEuropa","description":"","publisher":{"@id":"https:\/\/stileuropa.com\/#organization"},"potentialAction":[{"@type":"SearchAction","target":{"@type":"EntryPoint","urlTemplate":"https:\/\/stileuropa.com\/?s={search_term_string}"},"query-input":{"@type":"PropertyValueSpecification","valueRequired":true,"valueName":"search_term_string"}}],"inLanguage":"ro-RO"},{"@type":"Organization","@id":"https:\/\/stileuropa.com\/#organization","name":"StilEuropa","url":"https:\/\/stileuropa.com\/","logo":{"@type":"ImageObject","inLanguage":"ro-RO","@id":"https:\/\/stileuropa.com\/#\/schema\/logo\/image\/","url":"https:\/\/stileuropa.com\/wp-content\/uploads\/2024\/08\/styleuropa-logo-black.webp","contentUrl":"https:\/\/stileuropa.com\/wp-content\/uploads\/2024\/08\/styleuropa-logo-black.webp","width":501,"height":53,"caption":"StilEuropa"},"image":{"@id":"https:\/\/stileuropa.com\/#\/schema\/logo\/image\/"}}]}},"_links":{"self":[{"href":"https:\/\/stileuropa.com\/ro\/wp-json\/wp\/v2\/product\/32089","targetHints":{"allow":["GET"]}}],"collection":[{"href":"https:\/\/stileuropa.com\/ro\/wp-json\/wp\/v2\/product"}],"about":[{"href":"https:\/\/stileuropa.com\/ro\/wp-json\/wp\/v2\/types\/product"}],"replies":[{"embeddable":true,"href":"https:\/\/stileuropa.com\/ro\/wp-json\/wp\/v2\/comments?post=32089"}],"wp:featuredmedia":[{"embeddable":true,"href":"https:\/\/stileuropa.com\/ro\/wp-json\/wp\/v2\/media\/28168"}],"wp:attachment":[{"href":"https:\/\/stileuropa.com\/ro\/wp-json\/wp\/v2\/media?parent=32089"}],"wp:term":[{"taxonomy":"product_brand","embeddable":true,"href":"https:\/\/stileuropa.com\/ro\/wp-json\/wp\/v2\/product_brand?post=32089"},{"taxonomy":"product_cat","embeddable":true,"href":"https:\/\/stileuropa.com\/ro\/wp-json\/wp\/v2\/product_cat?post=32089"},{"taxonomy":"product_tag","embeddable":true,"href":"https:\/\/stileuropa.com\/ro\/wp-json\/wp\/v2\/product_tag?post=32089"}],"curies":[{"name":"wp","href":"https:\/\/api.w.org\/{rel}","templated":true}]}}