{"id":25633,"date":"2025-11-18T23:03:30","date_gmt":"2025-11-18T20:03:30","guid":{"rendered":"https:\/\/stileuropa.com\/product\/fox-canapea-tripla\/"},"modified":"2025-11-19T22:06:43","modified_gmt":"2025-11-19T19:06:43","slug":"fox-canapea-tripla","status":"publish","type":"product","link":"https:\/\/stileuropa.com\/ro\/produs\/fox-canapea-tripla\/","title":{"rendered":"Fox Canapea Tripl\u0103"},"content":{"rendered":"<p>Stileuropa ofer\u0103 o gam\u0103 extins\u0103 de produse care \u00eembin\u0103 stilul \u0219i confortul, adapt\u00e2ndu-se oric\u0103rui spa\u021biu de locuit. Canapele luxoase, paturi, somiere, dulapuri \u0219i mese sunt realizate din materiale de \u00eenalt\u0103 calitate, recunoscute pentru durabilitatea lor \u00eendelungat\u0103. Produsele noastre sunt fabricate la comand\u0103, fiecare comand\u0103 reprezent\u00e2nd \u00eenceputul unei noi c\u0103l\u0103torii. Toate produsele noastre sunt livrate direct la u\u0219a dumneavoastr\u0103 \u00een termen de 3-5 s\u0103pt\u0103m\u00e2ni de la plasarea comenzii, cu transport \u0219i asamblare gratuit\u0103 incluse. La Stileuropa, ne m\u00e2ndrim s\u0103 oferim cele mai bune materiale \u0219i designuri pentru a v\u0103 \u00eembun\u0103t\u0103\u021bi spa\u021biile de locuit.<\/p>\n","protected":false},"excerpt":{"rendered":"<p>Produsele luxoase Stileuropa \u00eembin\u0103 confortul \u0219i estetica, ad\u0103ug\u00e2nd valoare spa\u021biilor dumneavoastr\u0103 moderne de locuit. Produsele noastre sunt fabricate la comand\u0103 \u0219i livrate direct la u\u0219a dumneavoastr\u0103 \u00een termen de 3-5 s\u0103pt\u0103m\u00e2ni, cu transport \u0219i asamblare gratuit\u0103 incluse.<\/p>\n","protected":false},"featured_media":25634,"comment_status":"open","ping_status":"open","template":"","meta":[],"product_brand":[],"product_cat":[51,53],"product_tag":[],"class_list":{"0":"post-25633","1":"product","2":"type-product","3":"status-publish","4":"has-post-thumbnail","6":"product_cat-living-room","7":"product_cat-sofa-couch","8":"pa_marca-nodus","10":"first","11":"instock","12":"purchasable","13":"product-type-simple"},"yoast_head":"<!-- This site is optimized with the Yoast SEO plugin v24.9 - https:\/\/yoast.com\/wordpress\/plugins\/seo\/ -->\n<title>Fox Canapea Tripl\u0103 - StilEuropa<\/title>\n<meta name=\"robots\" content=\"index, follow, max-snippet:-1, max-image-preview:large, max-video-preview:-1\" \/>\n<link rel=\"canonical\" href=\"https:\/\/stileuropa.com\/ro\/produs\/fox-canapea-tripla\/\" \/>\n<meta property=\"og:locale\" content=\"ro_RO\" \/>\n<meta property=\"og:type\" content=\"article\" \/>\n<meta property=\"og:title\" content=\"Fox Canapea Tripl\u0103 - StilEuropa\" \/>\n<meta property=\"og:description\" content=\"Produsele luxoase Stileuropa \u00eembin\u0103 confortul \u0219i estetica, ad\u0103ug\u00e2nd valoare spa\u021biilor dumneavoastr\u0103 moderne de locuit. Produsele noastre sunt fabricate la comand\u0103 \u0219i livrate direct la u\u0219a dumneavoastr\u0103 \u00een termen de 3-5 s\u0103pt\u0103m\u00e2ni, cu transport \u0219i asamblare gratuit\u0103 incluse.\" \/>\n<meta property=\"og:url\" content=\"https:\/\/stileuropa.com\/ro\/produs\/fox-canapea-tripla\/\" \/>\n<meta property=\"og:site_name\" content=\"StilEuropa\" \/>\n<meta property=\"article:modified_time\" content=\"2025-11-19T19:06:43+00:00\" \/>\n<meta property=\"og:image\" content=\"https:\/\/stileuropa.com\/wp-content\/uploads\/2024\/07\/SEK000040-1.webp\" \/>\n\t<meta property=\"og:image:width\" content=\"1600\" \/>\n\t<meta property=\"og:image:height\" content=\"1121\" \/>\n\t<meta property=\"og:image:type\" content=\"image\/webp\" \/>\n<meta name=\"twitter:card\" content=\"summary_large_image\" \/>\n<meta name=\"twitter:label1\" content=\"Timp estimat pentru citire\" \/>\n\t<meta name=\"twitter:data1\" content=\"1 minut\" \/>\n<script type=\"application\/ld+json\" class=\"yoast-schema-graph\">{\"@context\":\"https:\/\/schema.org\",\"@graph\":[{\"@type\":\"WebPage\",\"@id\":\"https:\/\/stileuropa.com\/ro\/produs\/fox-canapea-tripla\/\",\"url\":\"https:\/\/stileuropa.com\/ro\/produs\/fox-canapea-tripla\/\",\"name\":\"Fox Canapea Tripl\u0103 - StilEuropa\",\"isPartOf\":{\"@id\":\"https:\/\/stileuropa.com\/#website\"},\"primaryImageOfPage\":{\"@id\":\"https:\/\/stileuropa.com\/ro\/produs\/fox-canapea-tripla\/#primaryimage\"},\"image\":{\"@id\":\"https:\/\/stileuropa.com\/ro\/produs\/fox-canapea-tripla\/#primaryimage\"},\"thumbnailUrl\":\"https:\/\/stileuropa.com\/wp-content\/uploads\/2024\/07\/SEK000040-1.webp\",\"datePublished\":\"2025-11-18T20:03:30+00:00\",\"dateModified\":\"2025-11-19T19:06:43+00:00\",\"breadcrumb\":{\"@id\":\"https:\/\/stileuropa.com\/ro\/produs\/fox-canapea-tripla\/#breadcrumb\"},\"inLanguage\":\"ro-RO\",\"potentialAction\":[{\"@type\":\"ReadAction\",\"target\":[\"https:\/\/stileuropa.com\/ro\/produs\/fox-canapea-tripla\/\"]}]},{\"@type\":\"ImageObject\",\"inLanguage\":\"ro-RO\",\"@id\":\"https:\/\/stileuropa.com\/ro\/produs\/fox-canapea-tripla\/#primaryimage\",\"url\":\"https:\/\/stileuropa.com\/wp-content\/uploads\/2024\/07\/SEK000040-1.webp\",\"contentUrl\":\"https:\/\/stileuropa.com\/wp-content\/uploads\/2024\/07\/SEK000040-1.webp\",\"width\":1600,\"height\":1121},{\"@type\":\"BreadcrumbList\",\"@id\":\"https:\/\/stileuropa.com\/ro\/produs\/fox-canapea-tripla\/#breadcrumb\",\"itemListElement\":[{\"@type\":\"ListItem\",\"position\":1,\"name\":\"Home\",\"item\":\"https:\/\/stileuropa.com\/\"},{\"@type\":\"ListItem\",\"position\":2,\"name\":\"Magazin\",\"item\":\"https:\/\/stileuropa.com\/ro\/magazin\/\"},{\"@type\":\"ListItem\",\"position\":3,\"name\":\"Fox Canapea Tripl\u0103\"}]},{\"@type\":\"WebSite\",\"@id\":\"https:\/\/stileuropa.com\/#website\",\"url\":\"https:\/\/stileuropa.com\/\",\"name\":\"StilEuropa\",\"description\":\"\",\"publisher\":{\"@id\":\"https:\/\/stileuropa.com\/#organization\"},\"potentialAction\":[{\"@type\":\"SearchAction\",\"target\":{\"@type\":\"EntryPoint\",\"urlTemplate\":\"https:\/\/stileuropa.com\/?s={search_term_string}\"},\"query-input\":{\"@type\":\"PropertyValueSpecification\",\"valueRequired\":true,\"valueName\":\"search_term_string\"}}],\"inLanguage\":\"ro-RO\"},{\"@type\":\"Organization\",\"@id\":\"https:\/\/stileuropa.com\/#organization\",\"name\":\"StilEuropa\",\"url\":\"https:\/\/stileuropa.com\/\",\"logo\":{\"@type\":\"ImageObject\",\"inLanguage\":\"ro-RO\",\"@id\":\"https:\/\/stileuropa.com\/#\/schema\/logo\/image\/\",\"url\":\"https:\/\/stileuropa.com\/wp-content\/uploads\/2024\/08\/styleuropa-logo-black.webp\",\"contentUrl\":\"https:\/\/stileuropa.com\/wp-content\/uploads\/2024\/08\/styleuropa-logo-black.webp\",\"width\":501,\"height\":53,\"caption\":\"StilEuropa\"},\"image\":{\"@id\":\"https:\/\/stileuropa.com\/#\/schema\/logo\/image\/\"}}]}<\/script>\n<!-- \/ Yoast SEO plugin. -->","yoast_head_json":{"title":"Fox Canapea Tripl\u0103 - StilEuropa","robots":{"index":"index","follow":"follow","max-snippet":"max-snippet:-1","max-image-preview":"max-image-preview:large","max-video-preview":"max-video-preview:-1"},"canonical":"https:\/\/stileuropa.com\/ro\/produs\/fox-canapea-tripla\/","og_locale":"ro_RO","og_type":"article","og_title":"Fox Canapea Tripl\u0103 - StilEuropa","og_description":"Produsele luxoase Stileuropa \u00eembin\u0103 confortul \u0219i estetica, ad\u0103ug\u00e2nd valoare spa\u021biilor dumneavoastr\u0103 moderne de locuit. Produsele noastre sunt fabricate la comand\u0103 \u0219i livrate direct la u\u0219a dumneavoastr\u0103 \u00een termen de 3-5 s\u0103pt\u0103m\u00e2ni, cu transport \u0219i asamblare gratuit\u0103 incluse.","og_url":"https:\/\/stileuropa.com\/ro\/produs\/fox-canapea-tripla\/","og_site_name":"StilEuropa","article_modified_time":"2025-11-19T19:06:43+00:00","og_image":[{"width":1600,"height":1121,"url":"https:\/\/stileuropa.com\/wp-content\/uploads\/2024\/07\/SEK000040-1.webp","type":"image\/webp"}],"twitter_card":"summary_large_image","twitter_misc":{"Timp estimat pentru citire":"1 minut"},"schema":{"@context":"https:\/\/schema.org","@graph":[{"@type":"WebPage","@id":"https:\/\/stileuropa.com\/ro\/produs\/fox-canapea-tripla\/","url":"https:\/\/stileuropa.com\/ro\/produs\/fox-canapea-tripla\/","name":"Fox Canapea Tripl\u0103 - StilEuropa","isPartOf":{"@id":"https:\/\/stileuropa.com\/#website"},"primaryImageOfPage":{"@id":"https:\/\/stileuropa.com\/ro\/produs\/fox-canapea-tripla\/#primaryimage"},"image":{"@id":"https:\/\/stileuropa.com\/ro\/produs\/fox-canapea-tripla\/#primaryimage"},"thumbnailUrl":"https:\/\/stileuropa.com\/wp-content\/uploads\/2024\/07\/SEK000040-1.webp","datePublished":"2025-11-18T20:03:30+00:00","dateModified":"2025-11-19T19:06:43+00:00","breadcrumb":{"@id":"https:\/\/stileuropa.com\/ro\/produs\/fox-canapea-tripla\/#breadcrumb"},"inLanguage":"ro-RO","potentialAction":[{"@type":"ReadAction","target":["https:\/\/stileuropa.com\/ro\/produs\/fox-canapea-tripla\/"]}]},{"@type":"ImageObject","inLanguage":"ro-RO","@id":"https:\/\/stileuropa.com\/ro\/produs\/fox-canapea-tripla\/#primaryimage","url":"https:\/\/stileuropa.com\/wp-content\/uploads\/2024\/07\/SEK000040-1.webp","contentUrl":"https:\/\/stileuropa.com\/wp-content\/uploads\/2024\/07\/SEK000040-1.webp","width":1600,"height":1121},{"@type":"BreadcrumbList","@id":"https:\/\/stileuropa.com\/ro\/produs\/fox-canapea-tripla\/#breadcrumb","itemListElement":[{"@type":"ListItem","position":1,"name":"Home","item":"https:\/\/stileuropa.com\/"},{"@type":"ListItem","position":2,"name":"Magazin","item":"https:\/\/stileuropa.com\/ro\/magazin\/"},{"@type":"ListItem","position":3,"name":"Fox Canapea Tripl\u0103"}]},{"@type":"WebSite","@id":"https:\/\/stileuropa.com\/#website","url":"https:\/\/stileuropa.com\/","name":"StilEuropa","description":"","publisher":{"@id":"https:\/\/stileuropa.com\/#organization"},"potentialAction":[{"@type":"SearchAction","target":{"@type":"EntryPoint","urlTemplate":"https:\/\/stileuropa.com\/?s={search_term_string}"},"query-input":{"@type":"PropertyValueSpecification","valueRequired":true,"valueName":"search_term_string"}}],"inLanguage":"ro-RO"},{"@type":"Organization","@id":"https:\/\/stileuropa.com\/#organization","name":"StilEuropa","url":"https:\/\/stileuropa.com\/","logo":{"@type":"ImageObject","inLanguage":"ro-RO","@id":"https:\/\/stileuropa.com\/#\/schema\/logo\/image\/","url":"https:\/\/stileuropa.com\/wp-content\/uploads\/2024\/08\/styleuropa-logo-black.webp","contentUrl":"https:\/\/stileuropa.com\/wp-content\/uploads\/2024\/08\/styleuropa-logo-black.webp","width":501,"height":53,"caption":"StilEuropa"},"image":{"@id":"https:\/\/stileuropa.com\/#\/schema\/logo\/image\/"}}]}},"_links":{"self":[{"href":"https:\/\/stileuropa.com\/ro\/wp-json\/wp\/v2\/product\/25633","targetHints":{"allow":["GET"]}}],"collection":[{"href":"https:\/\/stileuropa.com\/ro\/wp-json\/wp\/v2\/product"}],"about":[{"href":"https:\/\/stileuropa.com\/ro\/wp-json\/wp\/v2\/types\/product"}],"replies":[{"embeddable":true,"href":"https:\/\/stileuropa.com\/ro\/wp-json\/wp\/v2\/comments?post=25633"}],"wp:featuredmedia":[{"embeddable":true,"href":"https:\/\/stileuropa.com\/ro\/wp-json\/wp\/v2\/media\/25634"}],"wp:attachment":[{"href":"https:\/\/stileuropa.com\/ro\/wp-json\/wp\/v2\/media?parent=25633"}],"wp:term":[{"taxonomy":"product_brand","embeddable":true,"href":"https:\/\/stileuropa.com\/ro\/wp-json\/wp\/v2\/product_brand?post=25633"},{"taxonomy":"product_cat","embeddable":true,"href":"https:\/\/stileuropa.com\/ro\/wp-json\/wp\/v2\/product_cat?post=25633"},{"taxonomy":"product_tag","embeddable":true,"href":"https:\/\/stileuropa.com\/ro\/wp-json\/wp\/v2\/product_tag?post=25633"}],"curies":[{"name":"wp","href":"https:\/\/api.w.org\/{rel}","templated":true}]}}