{"id":29832,"date":"2024-07-09T04:02:53","date_gmt":"2024-07-09T01:02:53","guid":{"rendered":"https:\/\/stileuropa.com\/termeni-si-conditii\/"},"modified":"2025-03-04T02:56:13","modified_gmt":"2025-03-03T23:56:13","slug":"termeni-si-conditii","status":"publish","type":"page","link":"https:\/\/stileuropa.com\/ro\/termeni-si-conditii\/","title":{"rendered":"Termeni \u0219i condi\u021bii"},"content":{"rendered":"\t\t<div data-elementor-type=\"wp-page\" data-elementor-id=\"29832\" class=\"elementor elementor-29832 elementor-647\" data-elementor-post-type=\"page\">\n\t\t\t\t<div class=\"elementor-element elementor-element-c9e0e90 e-flex e-con-boxed e-con e-parent\" data-id=\"c9e0e90\" data-element_type=\"container\" data-settings=\"{&quot;background_background&quot;:&quot;classic&quot;}\">\n\t\t\t\t\t<div class=\"e-con-inner\">\n\t\t\t\t<div class=\"elementor-element elementor-element-4d0ca34 elementor-widget elementor-widget-heading\" data-id=\"4d0ca34\" data-element_type=\"widget\" data-widget_type=\"heading.default\">\n\t\t\t\t<div class=\"elementor-widget-container\">\n\t\t\t\t\t<h1 class=\"elementor-heading-title elementor-size-default\">Termeni \u0219i condi\u021bii<\/h1>\t\t\t\t<\/div>\n\t\t\t\t<\/div>\n\t\t\t\t\t<\/div>\n\t\t\t\t<\/div>\n\t\t<div class=\"elementor-element elementor-element-d57af48 e-flex e-con-boxed e-con e-child\" data-id=\"d57af48\" data-element_type=\"container\">\n\t\t\t\t\t<div class=\"e-con-inner\">\n\t\t<div class=\"elementor-element elementor-element-202f445 e-con-full e-flex e-con e-child\" data-id=\"202f445\" data-element_type=\"container\">\n\t\t\t\t<div class=\"elementor-element elementor-element-3863ac2 elementor-widget elementor-widget-text-editor\" data-id=\"3863ac2\" data-element_type=\"widget\" data-widget_type=\"text-editor.default\">\n\t\t\t\t<div class=\"elementor-widget-container\">\n\t\t\t\t\t\t\t\t\t<p>Ace\u0219ti Termeni \u0219i Condi\u021bii reglementeaz\u0103 utilizarea site-ului nostru <a href=\"http:\/\/www.stileuropa.com\" target=\"_new\" rel=\"noreferrer\">stileuropa.com<\/a> \u0219i achizi\u021bionarea de produse de pe site-ul nostru. Prin accesarea sau utilizarea site-ului nostru, sunte\u021bi de acord s\u0103 respecta\u021bi ace\u0219ti termeni. <\/p>\n\t\t\t\t\t\t\t\t<\/div>\n\t\t\t\t<\/div>\n\t\t\t\t<div class=\"elementor-element elementor-element-cf6f71f elementor-widget elementor-widget-heading\" data-id=\"cf6f71f\" data-element_type=\"widget\" data-widget_type=\"heading.default\">\n\t\t\t\t<div class=\"elementor-widget-container\">\n\t\t\t\t\t<h2 class=\"elementor-heading-title elementor-size-default\"><b>Condi\u021bii generale<\/b><\/h2>\t\t\t\t<\/div>\n\t\t\t\t<\/div>\n\t\t\t\t<div class=\"elementor-element elementor-element-7f12d16 elementor-widget elementor-widget-text-editor\" data-id=\"7f12d16\" data-element_type=\"widget\" data-widget_type=\"text-editor.default\">\n\t\t\t\t<div class=\"elementor-widget-container\">\n\t\t\t\t\t\t\t\t\t<ul>\n<li>Prin plasarea unei comenzi la Stileuropa, sunte\u021bi de acord s\u0103 fi\u021bi legat legal de ace\u0219ti Termeni \u0219i Condi\u021bii.<\/li>\n<li>Trebuie s\u0103 ave\u021bi cel pu\u021bin 18 ani pentru a plasa o comand\u0103 pe site-ul nostru.<\/li>\n<li>Toate informa\u021biile personale furnizate c\u0103tre noi trebuie s\u0103 fie exacte, complete \u0219i actualizate.<\/li>\n<\/ul>\n\t\t\t\t\t\t\t\t<\/div>\n\t\t\t\t<\/div>\n\t\t\t\t<div class=\"elementor-element elementor-element-6c60b5b elementor-widget elementor-widget-heading\" data-id=\"6c60b5b\" data-element_type=\"widget\" data-widget_type=\"heading.default\">\n\t\t\t\t<div class=\"elementor-widget-container\">\n\t\t\t\t\t<h2 class=\"elementor-heading-title elementor-size-default\"><b>Comenzi \u0219i acceptare\n<\/b><\/h2>\t\t\t\t<\/div>\n\t\t\t\t<\/div>\n\t\t\t\t<div class=\"elementor-element elementor-element-a961117 elementor-widget elementor-widget-text-editor\" data-id=\"a961117\" data-element_type=\"widget\" data-widget_type=\"text-editor.default\">\n\t\t\t\t<div class=\"elementor-widget-container\">\n\t\t\t\t\t\t\t\t\t<ul>\n<li>Toate comenzile sunt supuse accept\u0103rii \u0219i disponibilit\u0103\u021bii. Ne rezerv\u0103m dreptul de a refuza orice comand\u0103 plasat\u0103 la noi. <\/li>\n<li>Dup\u0103 ce comanda dumneavoastr\u0103 este plasat\u0103, ve\u021bi primi o confirmare prin email. Aceast\u0103 confirmare nu semnific\u0103 acceptarea comenzii dumneavoastr\u0103; este doar o confirmare c\u0103 am primit comanda. <\/li>\n<li>Ne rezerv\u0103m dreptul de a anula sau refuza orice comand\u0103 la discre\u021bia noastr\u0103, inclusiv, dar f\u0103r\u0103 a se limita la, comenzile care par a fi plasate de distribuitori, rev\u00e2nz\u0103tori sau p\u0103r\u021bi neautorizate.<\/li>\n<\/ul>\n\t\t\t\t\t\t\t\t<\/div>\n\t\t\t\t<\/div>\n\t\t\t\t<div class=\"elementor-element elementor-element-b4ba8ce elementor-widget elementor-widget-heading\" data-id=\"b4ba8ce\" data-element_type=\"widget\" data-widget_type=\"heading.default\">\n\t\t\t\t<div class=\"elementor-widget-container\">\n\t\t\t\t\t<h2 class=\"elementor-heading-title elementor-size-default\"><b>Pre\u021buri \u0219i plat\u0103\n<\/b><\/h2>\t\t\t\t<\/div>\n\t\t\t\t<\/div>\n\t\t\t\t<div class=\"elementor-element elementor-element-c935a1a elementor-widget elementor-widget-text-editor\" data-id=\"c935a1a\" data-element_type=\"widget\" data-widget_type=\"text-editor.default\">\n\t\t\t\t<div class=\"elementor-widget-container\">\n\t\t\t\t\t\t\t\t\t<ul>\n<li>Toate pre\u021burile de pe site-ul nostru includ TVA \u0219i alte taxe aplicabile.<\/li>\n<li>Accept\u0103m diverse metode de plat\u0103, inclusiv carduri de credit\/debit \u0219i PayPal. Plata trebuie efectuat\u0103 integral \u00eenainte de expedierea comenzii dumneavoastr\u0103. <\/li>\n<li>Ne str\u0103duim s\u0103 asigur\u0103m c\u0103 toate pre\u021burile de pe site-ul nostru sunt corecte. Cu toate acestea, pot ap\u0103rea erori. Dac\u0103 descoperim o eroare \u00een pre\u021bul produselor pe care le-a\u021bi comandat, v\u0103 vom informa c\u00e2t mai cur\u00e2nd posibil \u0219i v\u0103 vom oferi op\u021biunea de a reconfirma comanda la pre\u021bul corect sau de a o anula.  <\/li>\n<\/ul>\n<p>Pentru informa\u021bii mai detaliate, v\u0103 rug\u0103m s\u0103 vizita\u021bi pagina noastr\u0103 de <a href=\"https:\/\/stileuropa.com\/ro\/plata\/\" rel=\"noreferrer\">Plat\u0103<\/a>.<\/p>\n\t\t\t\t\t\t\t\t<\/div>\n\t\t\t\t<\/div>\n\t\t\t\t<div class=\"elementor-element elementor-element-2014d58 elementor-widget elementor-widget-heading\" data-id=\"2014d58\" data-element_type=\"widget\" data-widget_type=\"heading.default\">\n\t\t\t\t<div class=\"elementor-widget-container\">\n\t\t\t\t\t<h2 class=\"elementor-heading-title elementor-size-default\"><b>Livrare<\/b>\n<\/h2>\t\t\t\t<\/div>\n\t\t\t\t<\/div>\n\t\t\t\t<div class=\"elementor-element elementor-element-8ba376c elementor-widget elementor-widget-text-editor\" data-id=\"8ba376c\" data-element_type=\"widget\" data-widget_type=\"text-editor.default\">\n\t\t\t\t<div class=\"elementor-widget-container\">\n\t\t\t\t\t\t\t\t\t<ul>\n<li>Oferim servicii de livrare \u0219i instalare \u00een \u0219ase \u021b\u0103ri din zona Euro: Germania, Austria, Belgia, Cehia, Olanda \u0219i Rom\u00e2nia.<\/li>\n<li>Timpurile de livrare variaz\u0103 \u00een func\u021bie de destina\u021bie \u0219i disponibilitatea produselor. Pentru achizi\u021biile de 1.000 \u20ac sau mai mult, livrarea \u0219i instalarea sunt gratuite \u00een cadrul ofertei promo\u021bionale. Pentru achizi\u021biile sub 1.000 \u20ac, se aplic\u0103 o tax\u0103 de livrare \u0219i instalare de 300 \u20ac.  <\/li>\n<\/ul>\n<p>Pentru informa\u021bii mai detaliate, v\u0103 rug\u0103m s\u0103 vizita\u021bi pagina noastr\u0103 de <a href=\"https:\/\/stileuropa.com\/ro\/livrare-si-expediere\/\" rel=\"noreferrer\">Livrare \u0219i Expediere<\/a>.<\/p>\n\t\t\t\t\t\t\t\t<\/div>\n\t\t\t\t<\/div>\n\t\t\t\t<div class=\"elementor-element elementor-element-68b0702 elementor-widget elementor-widget-heading\" data-id=\"68b0702\" data-element_type=\"widget\" data-widget_type=\"heading.default\">\n\t\t\t\t<div class=\"elementor-widget-container\">\n\t\t\t\t\t<h2 class=\"elementor-heading-title elementor-size-default\"><b>Return\u0103ri \u0219i ramburs\u0103ri<\/b><\/h2>\t\t\t\t<\/div>\n\t\t\t\t<\/div>\n\t\t\t\t<div class=\"elementor-element elementor-element-d2fac8e elementor-widget elementor-widget-text-editor\" data-id=\"d2fac8e\" data-element_type=\"widget\" data-widget_type=\"text-editor.default\">\n\t\t\t\t<div class=\"elementor-widget-container\">\n\t\t\t\t\t\t\t\t\t<p>Dac\u0103 nu sunte\u021bi mul\u021bumit de achizi\u021bia dumneavoastr\u0103, pute\u021bi returna produsele \u00een termen de 7 zile de la primire pentru o rambursare complet\u0103, cu condi\u021bia ca produsele s\u0103 fie \u00een stare original\u0103 \u0219i \u00een ambalajul lor original. Pentru a ini\u021bia o returnare, v\u0103 rug\u0103m s\u0103 contacta\u021bi echipa noastr\u0103 de asisten\u021b\u0103 pentru clien\u021bi la <a href=\"mailto:info@stileuropa.com\">info@stileuropa.com<\/a> cu detaliile comenzii dumneavoastr\u0103. <\/p>\n<p>Pentru informa\u021bii mai detaliate, v\u0103 rug\u0103m s\u0103 vizita\u021bi pagina noastr\u0103 de <a href=\"https:\/\/stileuropa.com\/ro\/returnari-si-reclamatii\/\" rel=\"noreferrer\">Return\u0103ri \u0219i Reclama\u021bii<\/a>.<\/p>\n\t\t\t\t\t\t\t\t<\/div>\n\t\t\t\t<\/div>\n\t\t\t\t<div class=\"elementor-element elementor-element-20e99a4 elementor-widget elementor-widget-heading\" data-id=\"20e99a4\" data-element_type=\"widget\" data-widget_type=\"heading.default\">\n\t\t\t\t<div class=\"elementor-widget-container\">\n\t\t\t\t\t<h2 class=\"elementor-heading-title elementor-size-default\"><b>Garan\u021bie<\/b><\/h2>\t\t\t\t<\/div>\n\t\t\t\t<\/div>\n\t\t\t\t<div class=\"elementor-element elementor-element-6f3db4e elementor-widget elementor-widget-text-editor\" data-id=\"6f3db4e\" data-element_type=\"widget\" data-widget_type=\"text-editor.default\">\n\t\t\t\t<div class=\"elementor-widget-container\">\n\t\t\t\t\t\t\t\t\t<p>Produsele noastre beneficiaz\u0103 de o garan\u021bie standard de doi ani \u00eempotriva defectelor de fabrica\u021bie. Termenii garan\u021biei pot varia \u00een func\u021bie de produs. <\/p>\n<p>Pentru informa\u021bii mai detaliate, v\u0103 rug\u0103m s\u0103 vizita\u021bi pagina noastr\u0103 de <a href=\"https:\/\/stileuropa.com\/warranty\/\" rel=\"noreferrer\">Garan\u021bie<\/a>.<\/p>\n\t\t\t\t\t\t\t\t<\/div>\n\t\t\t\t<\/div>\n\t\t\t\t<div class=\"elementor-element elementor-element-e787476 elementor-widget elementor-widget-heading\" data-id=\"e787476\" data-element_type=\"widget\" data-widget_type=\"heading.default\">\n\t\t\t\t<div class=\"elementor-widget-container\">\n\t\t\t\t\t<h2 class=\"elementor-heading-title elementor-size-default\"><b>\u00centreb\u0103ri frecvente<\/b><\/h2>\t\t\t\t<\/div>\n\t\t\t\t<\/div>\n\t\t\t\t<div class=\"elementor-element elementor-element-56ed821 elementor-widget elementor-widget-text-editor\" data-id=\"56ed821\" data-element_type=\"widget\" data-widget_type=\"text-editor.default\">\n\t\t\t\t<div class=\"elementor-widget-container\">\n\t\t\t\t\t\t\t\t\t<p>Pentru \u00eentreb\u0103rile frecvente despre produsele \u0219i serviciile noastre, v\u0103 rug\u0103m s\u0103 vizita\u021bi pagina noastr\u0103 de <a href=\"https:\/\/stileuropa.com\/ro\/intrebari-frecvente\/\" rel=\"noreferrer\">\u00centreb\u0103ri frecvente<\/a>.<\/p>\n\t\t\t\t\t\t\t\t<\/div>\n\t\t\t\t<\/div>\n\t\t\t\t<div class=\"elementor-element elementor-element-e640d3d elementor-widget elementor-widget-heading\" data-id=\"e640d3d\" data-element_type=\"widget\" data-widget_type=\"heading.default\">\n\t\t\t\t<div class=\"elementor-widget-container\">\n\t\t\t\t\t<h2 class=\"elementor-heading-title elementor-size-default\"><b>R\u0103spundere<\/b><\/h2>\t\t\t\t<\/div>\n\t\t\t\t<\/div>\n\t\t\t\t<div class=\"elementor-element elementor-element-ef92b9a elementor-widget elementor-widget-text-editor\" data-id=\"ef92b9a\" data-element_type=\"widget\" data-widget_type=\"text-editor.default\">\n\t\t\t\t<div class=\"elementor-widget-container\">\n\t\t\t\t\t\t\t\t\t<p>R\u0103spunderea Stileuropa pentru orice reclama\u021bie legat\u0103 de achizi\u021bionarea produselor de pe site-ul nostru este limitat\u0103 la suma pl\u0103tit\u0103 de dumneavoastr\u0103 pentru produsele respective. Nu suntem r\u0103spunz\u0103tori pentru niciun fel de daune indirecte, incidentale sau consecin\u021biale ap\u0103rute din utilizarea produselor noastre sau a site-ului nostru. <\/p>\n\t\t\t\t\t\t\t\t<\/div>\n\t\t\t\t<\/div>\n\t\t\t\t<div class=\"elementor-element elementor-element-fe600bc elementor-widget elementor-widget-heading\" data-id=\"fe600bc\" data-element_type=\"widget\" data-widget_type=\"heading.default\">\n\t\t\t\t<div class=\"elementor-widget-container\">\n\t\t\t\t\t<h2 class=\"elementor-heading-title elementor-size-default\"><b>Proprietate intelectual\u0103<\/b><\/h2>\t\t\t\t<\/div>\n\t\t\t\t<\/div>\n\t\t\t\t<div class=\"elementor-element elementor-element-daa849f elementor-widget elementor-widget-text-editor\" data-id=\"daa849f\" data-element_type=\"widget\" data-widget_type=\"text-editor.default\">\n\t\t\t\t<div class=\"elementor-widget-container\">\n\t\t\t\t\t\t\t\t\t<p>Tot con\u021binutul de pe site-ul nostru, inclusiv textul, grafica, siglele, imaginile \u0219i software-ul, este proprietatea Stileuropa sau a licen\u021biatorilor s\u0103i \u0219i este protejat prin drepturi de autor \u0219i alte legi ale propriet\u0103\u021bii intelectuale. Nu ave\u021bi voie s\u0103 reproduce\u021bi, distribui\u021bi sau s\u0103 crea\u021bi lucr\u0103ri derivate din orice con\u021binut de pe site-ul nostru f\u0103r\u0103 permisiunea noastr\u0103 scris\u0103 expres\u0103. <\/p>\n\t\t\t\t\t\t\t\t<\/div>\n\t\t\t\t<\/div>\n\t\t\t\t<div class=\"elementor-element elementor-element-fd86b22 elementor-widget elementor-widget-heading\" data-id=\"fd86b22\" data-element_type=\"widget\" data-widget_type=\"heading.default\">\n\t\t\t\t<div class=\"elementor-widget-container\">\n\t\t\t\t\t<h2 class=\"elementor-heading-title elementor-size-default\"><b>Legea aplicabil\u0103<\/b><\/h2>\t\t\t\t<\/div>\n\t\t\t\t<\/div>\n\t\t\t\t<div class=\"elementor-element elementor-element-f58c87a elementor-widget elementor-widget-text-editor\" data-id=\"f58c87a\" data-element_type=\"widget\" data-widget_type=\"text-editor.default\">\n\t\t\t\t<div class=\"elementor-widget-container\">\n\t\t\t\t\t\t\t\t\t<p>Ace\u0219ti Termeni \u0219i Condi\u021bii sunt guverna\u021bi de \u0219i interpreta\u021bi conform legilor din Turcia, iar orice dispute vor fi supuse jurisdic\u021biei exclusive a instan\u021belor din Turcia.<\/p>\n\t\t\t\t\t\t\t\t<\/div>\n\t\t\t\t<\/div>\n\t\t\t\t<div class=\"elementor-element elementor-element-181b1f8 elementor-widget elementor-widget-heading\" data-id=\"181b1f8\" data-element_type=\"widget\" data-widget_type=\"heading.default\">\n\t\t\t\t<div class=\"elementor-widget-container\">\n\t\t\t\t\t<h2 class=\"elementor-heading-title elementor-size-default\"><b>Modific\u0103ri ale termenilor \u0219i condi\u021biilor<\/b><\/h2>\t\t\t\t<\/div>\n\t\t\t\t<\/div>\n\t\t\t\t<div class=\"elementor-element elementor-element-cf82181 elementor-widget elementor-widget-text-editor\" data-id=\"cf82181\" data-element_type=\"widget\" data-widget_type=\"text-editor.default\">\n\t\t\t\t<div class=\"elementor-widget-container\">\n\t\t\t\t\t\t\t\t\t<p>Ne rezerv\u0103m dreptul de a actualiza sau modifica ace\u0219ti Termeni \u0219i Condi\u021bii \u00een orice moment, f\u0103r\u0103 preaviz. Continuarea utiliz\u0103rii site-ului nostru dup\u0103 orice modific\u0103ri semnific\u0103 acceptarea noilor termeni. <\/p>\n\t\t\t\t\t\t\t\t<\/div>\n\t\t\t\t<\/div>\n\t\t\t\t<\/div>\n\t\t\t\t\t<\/div>\n\t\t\t\t<\/div>\n\t\t\t\t<\/div>\n\t\t","protected":false},"excerpt":{"rendered":"<p>Termeni \u0219i condi\u021bii Ace\u0219ti Termeni \u0219i Condi\u021bii reglementeaz\u0103 utilizarea site-ului nostru stileuropa.com \u0219i achizi\u021bionarea de produse de pe site-ul nostru. Prin accesarea sau utilizarea site-ului nostru, sunte\u021bi de acord s\u0103 respecta\u021bi ace\u0219ti termeni. Condi\u021bii generale Prin plasarea unei comenzi la Stileuropa, sunte\u021bi de acord s\u0103 fi\u021bi legat legal de ace\u0219ti Termeni \u0219i Condi\u021bii. Trebuie s\u0103 [&hellip;]<\/p>\n","protected":false},"author":1,"featured_media":0,"parent":0,"menu_order":0,"comment_status":"closed","ping_status":"closed","template":"","meta":{"footnotes":""},"class_list":["post-29832","page","type-page","status-publish","hentry"],"yoast_head":"<!-- This site is optimized with the Yoast SEO plugin v24.9 - https:\/\/yoast.com\/wordpress\/plugins\/seo\/ -->\n<title>Termeni \u0219i condi\u021bii - StilEuropa<\/title>\n<meta name=\"description\" content=\"Ace\u0219ti Termeni \u0219i Condi\u021bii reglementeaz\u0103 utilizarea site-ului nostru stileuropa.com \u0219i achizi\u021bionarea de produse de pe site-ul nostru. Prin accesarea sau utilizarea site-ului nostru, sunte\u021bi de acord cu ace\u0219ti termeni \u0219i condi\u021bii.\" \/>\n<meta name=\"robots\" content=\"index, follow, max-snippet:-1, max-image-preview:large, max-video-preview:-1\" \/>\n<link rel=\"canonical\" href=\"https:\/\/stileuropa.com\/term-conditions\/\" \/>\n<meta property=\"og:locale\" content=\"ro_RO\" \/>\n<meta property=\"og:type\" content=\"article\" \/>\n<meta property=\"og:title\" content=\"Termeni \u0219i condi\u021bii - StilEuropa\" \/>\n<meta property=\"og:description\" content=\"Ace\u0219ti Termeni \u0219i Condi\u021bii reglementeaz\u0103 utilizarea site-ului nostru stileuropa.com \u0219i achizi\u021bionarea de produse de pe site-ul nostru. Prin accesarea sau utilizarea site-ului nostru, sunte\u021bi de acord cu ace\u0219ti termeni \u0219i condi\u021bii.\" \/>\n<meta property=\"og:url\" content=\"https:\/\/stileuropa.com\/term-conditions\/\" \/>\n<meta property=\"og:site_name\" content=\"StilEuropa\" \/>\n<meta property=\"article:modified_time\" content=\"2025-03-03T23:56:13+00:00\" \/>\n<meta name=\"twitter:card\" content=\"summary_large_image\" \/>\n<meta name=\"twitter:label1\" content=\"Timp estimat pentru citire\" \/>\n\t<meta name=\"twitter:data1\" content=\"4 minute\" \/>\n<script type=\"application\/ld+json\" class=\"yoast-schema-graph\">{\"@context\":\"https:\/\/schema.org\",\"@graph\":[{\"@type\":\"WebPage\",\"@id\":\"https:\/\/stileuropa.com\/term-conditions\/\",\"url\":\"https:\/\/stileuropa.com\/term-conditions\/\",\"name\":\"Termeni \u0219i condi\u021bii - StilEuropa\",\"isPartOf\":{\"@id\":\"https:\/\/stileuropa.com\/#website\"},\"datePublished\":\"2024-07-09T01:02:53+00:00\",\"dateModified\":\"2025-03-03T23:56:13+00:00\",\"description\":\"Ace\u0219ti Termeni \u0219i Condi\u021bii reglementeaz\u0103 utilizarea site-ului nostru stileuropa.com \u0219i achizi\u021bionarea de produse de pe site-ul nostru. Prin accesarea sau utilizarea site-ului nostru, sunte\u021bi de acord cu ace\u0219ti termeni \u0219i condi\u021bii.\",\"breadcrumb\":{\"@id\":\"https:\/\/stileuropa.com\/term-conditions\/#breadcrumb\"},\"inLanguage\":\"ro-RO\",\"potentialAction\":[{\"@type\":\"ReadAction\",\"target\":[\"https:\/\/stileuropa.com\/term-conditions\/\"]}]},{\"@type\":\"BreadcrumbList\",\"@id\":\"https:\/\/stileuropa.com\/term-conditions\/#breadcrumb\",\"itemListElement\":[{\"@type\":\"ListItem\",\"position\":1,\"name\":\"Home\",\"item\":\"https:\/\/stileuropa.com\/\"},{\"@type\":\"ListItem\",\"position\":2,\"name\":\"Termeni \u0219i condi\u021bii\"}]},{\"@type\":\"WebSite\",\"@id\":\"https:\/\/stileuropa.com\/#website\",\"url\":\"https:\/\/stileuropa.com\/\",\"name\":\"StilEuropa\",\"description\":\"\",\"publisher\":{\"@id\":\"https:\/\/stileuropa.com\/#organization\"},\"potentialAction\":[{\"@type\":\"SearchAction\",\"target\":{\"@type\":\"EntryPoint\",\"urlTemplate\":\"https:\/\/stileuropa.com\/?s={search_term_string}\"},\"query-input\":{\"@type\":\"PropertyValueSpecification\",\"valueRequired\":true,\"valueName\":\"search_term_string\"}}],\"inLanguage\":\"ro-RO\"},{\"@type\":\"Organization\",\"@id\":\"https:\/\/stileuropa.com\/#organization\",\"name\":\"StilEuropa\",\"url\":\"https:\/\/stileuropa.com\/\",\"logo\":{\"@type\":\"ImageObject\",\"inLanguage\":\"ro-RO\",\"@id\":\"https:\/\/stileuropa.com\/#\/schema\/logo\/image\/\",\"url\":\"https:\/\/stileuropa.com\/wp-content\/uploads\/2024\/08\/styleuropa-logo-black.webp\",\"contentUrl\":\"https:\/\/stileuropa.com\/wp-content\/uploads\/2024\/08\/styleuropa-logo-black.webp\",\"width\":501,\"height\":53,\"caption\":\"StilEuropa\"},\"image\":{\"@id\":\"https:\/\/stileuropa.com\/#\/schema\/logo\/image\/\"}}]}<\/script>\n<!-- \/ Yoast SEO plugin. -->","yoast_head_json":{"title":"Termeni \u0219i condi\u021bii - StilEuropa","description":"Ace\u0219ti Termeni \u0219i Condi\u021bii reglementeaz\u0103 utilizarea site-ului nostru stileuropa.com \u0219i achizi\u021bionarea de produse de pe site-ul nostru. Prin accesarea sau utilizarea site-ului nostru, sunte\u021bi de acord cu ace\u0219ti termeni \u0219i condi\u021bii.","robots":{"index":"index","follow":"follow","max-snippet":"max-snippet:-1","max-image-preview":"max-image-preview:large","max-video-preview":"max-video-preview:-1"},"canonical":"https:\/\/stileuropa.com\/term-conditions\/","og_locale":"ro_RO","og_type":"article","og_title":"Termeni \u0219i condi\u021bii - StilEuropa","og_description":"Ace\u0219ti Termeni \u0219i Condi\u021bii reglementeaz\u0103 utilizarea site-ului nostru stileuropa.com \u0219i achizi\u021bionarea de produse de pe site-ul nostru. Prin accesarea sau utilizarea site-ului nostru, sunte\u021bi de acord cu ace\u0219ti termeni \u0219i condi\u021bii.","og_url":"https:\/\/stileuropa.com\/term-conditions\/","og_site_name":"StilEuropa","article_modified_time":"2025-03-03T23:56:13+00:00","twitter_card":"summary_large_image","twitter_misc":{"Timp estimat pentru citire":"4 minute"},"schema":{"@context":"https:\/\/schema.org","@graph":[{"@type":"WebPage","@id":"https:\/\/stileuropa.com\/term-conditions\/","url":"https:\/\/stileuropa.com\/term-conditions\/","name":"Termeni \u0219i condi\u021bii - StilEuropa","isPartOf":{"@id":"https:\/\/stileuropa.com\/#website"},"datePublished":"2024-07-09T01:02:53+00:00","dateModified":"2025-03-03T23:56:13+00:00","description":"Ace\u0219ti Termeni \u0219i Condi\u021bii reglementeaz\u0103 utilizarea site-ului nostru stileuropa.com \u0219i achizi\u021bionarea de produse de pe site-ul nostru. Prin accesarea sau utilizarea site-ului nostru, sunte\u021bi de acord cu ace\u0219ti termeni \u0219i condi\u021bii.","breadcrumb":{"@id":"https:\/\/stileuropa.com\/term-conditions\/#breadcrumb"},"inLanguage":"ro-RO","potentialAction":[{"@type":"ReadAction","target":["https:\/\/stileuropa.com\/term-conditions\/"]}]},{"@type":"BreadcrumbList","@id":"https:\/\/stileuropa.com\/term-conditions\/#breadcrumb","itemListElement":[{"@type":"ListItem","position":1,"name":"Home","item":"https:\/\/stileuropa.com\/"},{"@type":"ListItem","position":2,"name":"Termeni \u0219i condi\u021bii"}]},{"@type":"WebSite","@id":"https:\/\/stileuropa.com\/#website","url":"https:\/\/stileuropa.com\/","name":"StilEuropa","description":"","publisher":{"@id":"https:\/\/stileuropa.com\/#organization"},"potentialAction":[{"@type":"SearchAction","target":{"@type":"EntryPoint","urlTemplate":"https:\/\/stileuropa.com\/?s={search_term_string}"},"query-input":{"@type":"PropertyValueSpecification","valueRequired":true,"valueName":"search_term_string"}}],"inLanguage":"ro-RO"},{"@type":"Organization","@id":"https:\/\/stileuropa.com\/#organization","name":"StilEuropa","url":"https:\/\/stileuropa.com\/","logo":{"@type":"ImageObject","inLanguage":"ro-RO","@id":"https:\/\/stileuropa.com\/#\/schema\/logo\/image\/","url":"https:\/\/stileuropa.com\/wp-content\/uploads\/2024\/08\/styleuropa-logo-black.webp","contentUrl":"https:\/\/stileuropa.com\/wp-content\/uploads\/2024\/08\/styleuropa-logo-black.webp","width":501,"height":53,"caption":"StilEuropa"},"image":{"@id":"https:\/\/stileuropa.com\/#\/schema\/logo\/image\/"}}]}},"_links":{"self":[{"href":"https:\/\/stileuropa.com\/ro\/wp-json\/wp\/v2\/pages\/29832","targetHints":{"allow":["GET"]}}],"collection":[{"href":"https:\/\/stileuropa.com\/ro\/wp-json\/wp\/v2\/pages"}],"about":[{"href":"https:\/\/stileuropa.com\/ro\/wp-json\/wp\/v2\/types\/page"}],"author":[{"embeddable":true,"href":"https:\/\/stileuropa.com\/ro\/wp-json\/wp\/v2\/users\/1"}],"replies":[{"embeddable":true,"href":"https:\/\/stileuropa.com\/ro\/wp-json\/wp\/v2\/comments?post=29832"}],"version-history":[{"count":0,"href":"https:\/\/stileuropa.com\/ro\/wp-json\/wp\/v2\/pages\/29832\/revisions"}],"wp:attachment":[{"href":"https:\/\/stileuropa.com\/ro\/wp-json\/wp\/v2\/media?parent=29832"}],"curies":[{"name":"wp","href":"https:\/\/api.w.org\/{rel}","templated":true}]}}