{"id":25473,"date":"2024-07-09T04:25:57","date_gmt":"2024-07-09T01:25:57","guid":{"rendered":"https:\/\/stileuropa.com\/livrare-si-expediere\/"},"modified":"2025-01-24T01:56:40","modified_gmt":"2025-01-23T22:56:40","slug":"livrare-si-expediere","status":"publish","type":"page","link":"https:\/\/stileuropa.com\/ro\/livrare-si-expediere\/","title":{"rendered":"Livrare \u0219i expediere"},"content":{"rendered":"\t\t<div data-elementor-type=\"wp-page\" data-elementor-id=\"25473\" class=\"elementor elementor-25473 elementor-655\" data-elementor-post-type=\"page\">\n\t\t\t\t<div class=\"elementor-element elementor-element-6920642 e-flex e-con-boxed e-con e-parent\" data-id=\"6920642\" data-element_type=\"container\" data-settings=\"{&quot;background_background&quot;:&quot;classic&quot;}\">\n\t\t\t\t\t<div class=\"e-con-inner\">\n\t\t\t\t<div class=\"elementor-element elementor-element-30be69e elementor-widget elementor-widget-heading\" data-id=\"30be69e\" data-element_type=\"widget\" data-widget_type=\"heading.default\">\n\t\t\t\t<div class=\"elementor-widget-container\">\n\t\t\t\t\t<h1 class=\"elementor-heading-title elementor-size-default\">Livrare \u0219i expediere<\/h1>\t\t\t\t<\/div>\n\t\t\t\t<\/div>\n\t\t\t\t\t<\/div>\n\t\t\t\t<\/div>\n\t\t<div class=\"elementor-element elementor-element-ede4728 e-flex e-con-boxed e-con e-child\" data-id=\"ede4728\" data-element_type=\"container\">\n\t\t\t\t\t<div class=\"e-con-inner\">\n\t\t<div class=\"elementor-element elementor-element-c39e236 e-con-full e-flex e-con e-child\" data-id=\"c39e236\" data-element_type=\"container\">\n\t\t\t\t<div class=\"elementor-element elementor-element-39437b0 elementor-widget elementor-widget-heading\" data-id=\"39437b0\" data-element_type=\"widget\" data-widget_type=\"heading.default\">\n\t\t\t\t<div class=\"elementor-widget-container\">\n\t\t\t\t\t<h2 class=\"elementor-heading-title elementor-size-default\"><b>Furnizarea produselor<\/b><\/h2>\t\t\t\t<\/div>\n\t\t\t\t<\/div>\n\t\t\t\t<div class=\"elementor-element elementor-element-cb80049 elementor-widget elementor-widget-text-editor\" data-id=\"cb80049\" data-element_type=\"widget\" data-widget_type=\"text-editor.default\">\n\t\t\t\t<div class=\"elementor-widget-container\">\n\t\t\t\t\t\t\t\t\t<p><b>1.1. Delivery Costs: <\/b><span style=\"font-weight: 400;\"> Costurile de livrare vor fi specificate \u00een timpul procesului de comand\u0103.<\/span><\/p>\n<p><b>1.2. When We Will Provide the Products: <\/b><\/p>\n<p><b>1.2.1. Delivery of Products: <\/b><span style=\"font-weight: 400;\"> V\u0103 vom livra produsul\/produsele \u00eentr-un termen rezonabil. Timpurile medii de livrare men\u021bionate \u00een descrierea produsului vor fi aplicabile din ziua \u00een care plasa\u021bi comanda. <\/span><\/p>\n<p><b>1.2.2. Delivery and Product Assembly: <\/b><span style=\"font-weight: 400;\"> C\u00e2nd plasa\u021bi comanda, ve\u021bi avea op\u021biunea de a pl\u0103ti o tax\u0103 suplimentar\u0103 pentru serviciul nostru de asamblare a produselor. Dac\u0103 alege\u021bi acest serviciu, un membru al echipei noastre specializate de asamblare va asambla \u0219i va instala produsul\/produsele la destina\u021bia dorit\u0103 la sosirea acestora. Acest serviciu va fi efectuat \u00een ziua livr\u0103rii, cu excep\u021bia cazului \u00een care se convine altfel.  <\/span><\/p>\n<p><b>1.3.<\/b><span style=\"font-weight: 400;\"> La momentul livr\u0103rii, v\u0103 vom furniza o not\u0103 de livrare care confirm\u0103 data \u0219i ora livr\u0103rii, produsul\/produsele livrate \u0219i dac\u0103 serviciul de asamblare este necesar. Vi se va cere s\u0103 semna\u021bi dou\u0103 copii ale acestei note, una pentru eviden\u021bele dumneavoastr\u0103 \u0219i una pentru noi. <\/span><\/p>\n<p><b>1.4.<\/b><span style=\"font-weight: 400;\"> Nu suntem responsabili pentru \u00eent\u00e2rzierile care sunt \u00een afacerea controlului nostru. Dac\u0103 livrarea produsului\/produsele sunt \u00eent\u00e2rziate din cauza unui eveniment aflat \u00een afacerea controlului nostru, v\u0103 vom contacta c\u00e2t mai cur\u00e2nd posibil pentru a v\u0103 informa \u0219i pentru a lua m\u0103suri de a minimiza efectele \u00eent\u00e2rzierii. At\u00e2ta timp c\u00e2t facem acest lucru, nu vom fi r\u0103spunz\u0103tori pentru \u00eent\u00e2rzierile cauzate de evenimentul respectiv, dar dac\u0103 exist\u0103 riscul unei \u00eent\u00e2rzieri substan\u021biale, pute\u021bi s\u0103 ne contacta\u021bi pentru a \u00eencheia contractul \u0219i pentru a primi o rambursare pentru produsele pl\u0103tite dar neridicate.  <\/span><\/p>\n<p><b>1.5. Collection by You: <\/b><span style=\"font-weight: 400;\"> Dac\u0103 a\u021bi solicitat s\u0103 ridica\u021bi produsele de la sediul nostru, v\u0103 vom contacta imediat ce produsele au ajuns la sediul nostru \u0219i sunt gata de ridicare. Pute\u021bi apoi s\u0103 ridica\u021bi produsele de la noi \u00een orice moment \u00een timpul orelor de program (11.00 &#8211; 18.00, zile lucr\u0103toare, cu excep\u021bia zilelor de s\u0103rb\u0103toare) \u00eencep\u00e2nd de la aceast\u0103 dat\u0103. <\/span><\/p>\n<p><b>1.6. If No One Is at Home When the Product Is Delivered: <\/b><span style=\"font-weight: 400;\"> Dac\u0103 nu este nimeni disponibil la adresa dumneavoastr\u0103 pentru a prelua livrarea \u0219i produsele nu pot fi trimise prin cutia po\u0219tal\u0103, vom l\u0103sa o not\u0103 care v\u0103 va informa despre cum s\u0103 reprograma\u021bi livrarea sau s\u0103 ridica\u021bi produsele de la un depozit local.<\/span><\/p>\n<p><b>1.7. If You Do Not Rearrange Delivery: <\/b><span style=\"font-weight: 400;\"> Dac\u0103 nu ridica\u021bi produsele de la noi conform \u00een\u021belegerii sau dac\u0103, dup\u0103 o livrare nereu\u0219it\u0103 la dumneavoastr\u0103, nu reprograma\u021bi livrarea sau nu le ridica\u021bi de la un depozit de livrare, v\u0103 vom contacta pentru instruc\u021biuni suplimentare \u0219i este posibil s\u0103 v\u0103 percepem costuri de depozitare \u0219i eventuale costuri suplimentare de livrare.<\/span><\/p>\n<p><b>1.8. If You Have Paid for Assembly Services and Do Not Allow Us to Provide Them: <\/b><span style=\"font-weight: 400;\"> Dac\u0103 nu ne permite\u021bi accesul la proprietatea dumneavoastr\u0103 pentru a efectua serviciile conform \u00een\u021belegerii (\u0219i nu ave\u021bi un motiv valid pentru aceasta), putem s\u0103 v\u0103 percepem costuri suplimentare generate de acest fapt. Dac\u0103 ne solicita\u021bi s\u0103 reprogram\u0103m accesul \u00eentr-o alt\u0103 dat\u0103 \u0219i or\u0103, acest lucru va implica un cost suplimentar, cu excep\u021bia cazului \u00een care s-a convenit altfel anterior. <\/span><\/p>\n<p><b>1.9. Your Legal Rights If We Deliver Late: <\/b><span style=\"font-weight: 400;\"> Ave\u021bi drepturi legale dac\u0103 livr\u0103m produsele cu \u00eent\u00e2rziere. Dac\u0103 nu respect\u0103m termenul de livrare pentru orice produs, pute\u021bi considera contractul ca fiind \u00eencheiat imediat dac\u0103 se aplic\u0103 oricare dintre urm\u0103toarele condi\u021bii: <\/span><\/p>\n<p><b>1.9.1.<\/b><span style=\"font-weight: 400;\"> Am refuzat s\u0103 livr\u0103m produsele.<\/span><\/p>\n<p><b>1.10. Setting a New Deadline for Delivery: <\/b><span style=\"font-weight: 400;\"> Dac\u0103 nu dori\u021bi s\u0103 considera\u021bi contractul \u00eencheiat imediat sau nu ave\u021bi dreptul de a face acest lucru conform clauzei 1.9, pute\u021bi s\u0103 ne stabili\u021bi un nou termen de livrare, care trebuie s\u0103 fie rezonabil, \u0219i pute\u021bi considera contractul \u00eencheiat dac\u0103 nu respect\u0103m noul termen.<\/span><\/p>\n<p><b>1.11. Ending the Contract for Late Delivery: <\/b><span style=\"font-weight: 400;\"> Dac\u0103 alege\u021bi s\u0103 considera\u021bi contractul \u00eencheiat din cauza livr\u0103rii \u00eent\u00e2rziate conform clauzei 1.9 sau 1.10, pute\u021bi anula comanda pentru oricare dintre produse sau respinge produsele care au fost livrate. Dac\u0103 dori\u021bi, pute\u021bi respinge sau anula comanda pentru unele dintre aceste produse (nu toate), cu excep\u021bia cazului \u00een care \u00eemp\u0103r\u021birea acestora ar reduce semnificativ valoarea lor. Dup\u0103 aceasta, v\u0103 vom rambursa orice sum\u0103 pl\u0103tit\u0103 pentru produsele anulate \u0219i livrarea acestora. Dac\u0103 produsele au fost livrate, trebuie s\u0103 le returna\u021bi la noi sau s\u0103 ne permite\u021bi s\u0103 le colect\u0103m, iar noi vom suporta costurile acestora.   <\/span><\/p>\n<p><b>1.12. When You Are Responsible for the Product: <\/b><span style=\"font-weight: 400;\"> Produsul va fi responsabilitatea dumneavoastr\u0103 de la momentul \u00een care \u00eel livr\u0103m la adresa pe care ne-a\u021bi furnizat-o sau c\u00e2nd \u00eel ridica\u021bi de la noi.<\/span><\/p>\n<p><b>1.13. When You Own the Product: <\/b><span style=\"font-weight: 400;\"> Proprietatea asupra bunurilor trece la dumneavoastr\u0103 dup\u0103 ce am primit plata integral\u0103. Legea stabile\u0219te momentul \u00een care proprietatea asupra bunurilor trece la dumneavoastr\u0103. \u00cen general, proprietatea trece la dumneavoastr\u0103 cel t\u00e2rziu la livrare (sau la ridicarea acestora de c\u0103tre dumneavoastr\u0103), dar poate trece mai devreme dac\u0103 v\u0103 notific\u0103m c\u0103 bunurile sunt preg\u0103tite pentru expediere.  <\/span><\/p>\n\t\t\t\t\t\t\t\t<\/div>\n\t\t\t\t<\/div>\n\t\t\t\t<div class=\"elementor-element elementor-element-ed3d3d8 elementor-widget elementor-widget-heading\" data-id=\"ed3d3d8\" data-element_type=\"widget\" data-widget_type=\"heading.default\">\n\t\t\t\t<div class=\"elementor-widget-container\">\n\t\t\t\t\t<h2 class=\"elementor-heading-title elementor-size-default\"><b>Contacta\u021bi-ne<\/b><\/h2>\t\t\t\t<\/div>\n\t\t\t\t<\/div>\n\t\t\t\t<div class=\"elementor-element elementor-element-c236775 elementor-widget elementor-widget-text-editor\" data-id=\"c236775\" data-element_type=\"widget\" data-widget_type=\"text-editor.default\">\n\t\t\t\t<div class=\"elementor-widget-container\">\n\t\t\t\t\t\t\t\t\t<p>Dac\u0103 ave\u021bi \u00eentreb\u0103ri sau nel\u0103muriri privind politica noastr\u0103 de livrare \u0219i expediere, v\u0103 rug\u0103m s\u0103 ne contacta\u021bi la:<\/p>\n<p><a href=\"mailto:info@stileuropa.com\">info@stileuropa.com<\/a><\/p>\n<p><a href=\"https:\/\/api.whatsapp.com\/send?phone=359895078348\"><span class=\"elementor-icon-list-text\">Linia de suport WhatsApp<\/span><\/a><\/p>\n\t\t\t\t\t\t\t\t<\/div>\n\t\t\t\t<\/div>\n\t\t\t\t<\/div>\n\t\t\t\t\t<\/div>\n\t\t\t\t<\/div>\n\t\t\t\t<\/div>\n\t\t","protected":false},"excerpt":{"rendered":"<p>Livrare \u0219i expediere Furnizarea produselor 1.1. Delivery Costs: Costurile de livrare vor fi specificate \u00een timpul procesului de comand\u0103. 1.2. When We Will Provide the Products: 1.2.1. Delivery of Products: V\u0103 vom livra produsul\/produsele \u00eentr-un termen rezonabil. Timpurile medii de livrare men\u021bionate \u00een descrierea produsului vor fi aplicabile din ziua \u00een care plasa\u021bi comanda. 1.2.2. [&hellip;]<\/p>\n","protected":false},"author":1,"featured_media":0,"parent":0,"menu_order":0,"comment_status":"closed","ping_status":"closed","template":"","meta":{"footnotes":""},"class_list":["post-25473","page","type-page","status-publish","hentry"],"yoast_head":"<!-- This site is optimized with the Yoast SEO plugin v24.9 - https:\/\/yoast.com\/wordpress\/plugins\/seo\/ -->\n<title>Livrare \u0219i expediere - StilEuropa<\/title>\n<meta name=\"description\" content=\"Livrare \u0219i expediere - La momentul livr\u0103rii, v\u0103 vom furniza o not\u0103 de livrare care confirm\u0103 data \u0219i ora livr\u0103rii, precum \u0219i produsul\/produsale livrate.\" \/>\n<meta name=\"robots\" content=\"index, follow, max-snippet:-1, max-image-preview:large, max-video-preview:-1\" \/>\n<link rel=\"canonical\" href=\"https:\/\/stileuropa.com\/ro\/livrare-si-expediere\/\" \/>\n<meta property=\"og:locale\" content=\"ro_RO\" \/>\n<meta property=\"og:type\" content=\"article\" \/>\n<meta property=\"og:title\" content=\"Livrare \u0219i expediere - StilEuropa\" \/>\n<meta property=\"og:description\" content=\"Livrare \u0219i expediere - La momentul livr\u0103rii, v\u0103 vom furniza o not\u0103 de livrare care confirm\u0103 data \u0219i ora livr\u0103rii, precum \u0219i produsul\/produsale livrate.\" \/>\n<meta property=\"og:url\" content=\"https:\/\/stileuropa.com\/ro\/livrare-si-expediere\/\" \/>\n<meta property=\"og:site_name\" content=\"StilEuropa\" \/>\n<meta property=\"article:modified_time\" content=\"2025-01-23T22:56:40+00:00\" \/>\n<meta name=\"twitter:card\" content=\"summary_large_image\" \/>\n<meta name=\"twitter:label1\" content=\"Timp estimat pentru citire\" \/>\n\t<meta name=\"twitter:data1\" content=\"4 minute\" \/>\n<script type=\"application\/ld+json\" class=\"yoast-schema-graph\">{\"@context\":\"https:\/\/schema.org\",\"@graph\":[{\"@type\":\"WebPage\",\"@id\":\"https:\/\/stileuropa.com\/ro\/livrare-si-expediere\/\",\"url\":\"https:\/\/stileuropa.com\/ro\/livrare-si-expediere\/\",\"name\":\"Livrare \u0219i expediere - StilEuropa\",\"isPartOf\":{\"@id\":\"https:\/\/stileuropa.com\/#website\"},\"datePublished\":\"2024-07-09T01:25:57+00:00\",\"dateModified\":\"2025-01-23T22:56:40+00:00\",\"description\":\"Livrare \u0219i expediere - La momentul livr\u0103rii, v\u0103 vom furniza o not\u0103 de livrare care confirm\u0103 data \u0219i ora livr\u0103rii, precum \u0219i produsul\/produsale livrate.\",\"breadcrumb\":{\"@id\":\"https:\/\/stileuropa.com\/ro\/livrare-si-expediere\/#breadcrumb\"},\"inLanguage\":\"ro-RO\",\"potentialAction\":[{\"@type\":\"ReadAction\",\"target\":[\"https:\/\/stileuropa.com\/ro\/livrare-si-expediere\/\"]}]},{\"@type\":\"BreadcrumbList\",\"@id\":\"https:\/\/stileuropa.com\/ro\/livrare-si-expediere\/#breadcrumb\",\"itemListElement\":[{\"@type\":\"ListItem\",\"position\":1,\"name\":\"Home\",\"item\":\"https:\/\/stileuropa.com\/\"},{\"@type\":\"ListItem\",\"position\":2,\"name\":\"Livrare \u0219i expediere\"}]},{\"@type\":\"WebSite\",\"@id\":\"https:\/\/stileuropa.com\/#website\",\"url\":\"https:\/\/stileuropa.com\/\",\"name\":\"StilEuropa\",\"description\":\"\",\"publisher\":{\"@id\":\"https:\/\/stileuropa.com\/#organization\"},\"potentialAction\":[{\"@type\":\"SearchAction\",\"target\":{\"@type\":\"EntryPoint\",\"urlTemplate\":\"https:\/\/stileuropa.com\/?s={search_term_string}\"},\"query-input\":{\"@type\":\"PropertyValueSpecification\",\"valueRequired\":true,\"valueName\":\"search_term_string\"}}],\"inLanguage\":\"ro-RO\"},{\"@type\":\"Organization\",\"@id\":\"https:\/\/stileuropa.com\/#organization\",\"name\":\"StilEuropa\",\"url\":\"https:\/\/stileuropa.com\/\",\"logo\":{\"@type\":\"ImageObject\",\"inLanguage\":\"ro-RO\",\"@id\":\"https:\/\/stileuropa.com\/#\/schema\/logo\/image\/\",\"url\":\"https:\/\/stileuropa.com\/wp-content\/uploads\/2024\/08\/styleuropa-logo-black.webp\",\"contentUrl\":\"https:\/\/stileuropa.com\/wp-content\/uploads\/2024\/08\/styleuropa-logo-black.webp\",\"width\":501,\"height\":53,\"caption\":\"StilEuropa\"},\"image\":{\"@id\":\"https:\/\/stileuropa.com\/#\/schema\/logo\/image\/\"}}]}<\/script>\n<!-- \/ Yoast SEO plugin. -->","yoast_head_json":{"title":"Livrare \u0219i expediere - StilEuropa","description":"Livrare \u0219i expediere - La momentul livr\u0103rii, v\u0103 vom furniza o not\u0103 de livrare care confirm\u0103 data \u0219i ora livr\u0103rii, precum \u0219i produsul\/produsale livrate.","robots":{"index":"index","follow":"follow","max-snippet":"max-snippet:-1","max-image-preview":"max-image-preview:large","max-video-preview":"max-video-preview:-1"},"canonical":"https:\/\/stileuropa.com\/ro\/livrare-si-expediere\/","og_locale":"ro_RO","og_type":"article","og_title":"Livrare \u0219i expediere - StilEuropa","og_description":"Livrare \u0219i expediere - La momentul livr\u0103rii, v\u0103 vom furniza o not\u0103 de livrare care confirm\u0103 data \u0219i ora livr\u0103rii, precum \u0219i produsul\/produsale livrate.","og_url":"https:\/\/stileuropa.com\/ro\/livrare-si-expediere\/","og_site_name":"StilEuropa","article_modified_time":"2025-01-23T22:56:40+00:00","twitter_card":"summary_large_image","twitter_misc":{"Timp estimat pentru citire":"4 minute"},"schema":{"@context":"https:\/\/schema.org","@graph":[{"@type":"WebPage","@id":"https:\/\/stileuropa.com\/ro\/livrare-si-expediere\/","url":"https:\/\/stileuropa.com\/ro\/livrare-si-expediere\/","name":"Livrare \u0219i expediere - StilEuropa","isPartOf":{"@id":"https:\/\/stileuropa.com\/#website"},"datePublished":"2024-07-09T01:25:57+00:00","dateModified":"2025-01-23T22:56:40+00:00","description":"Livrare \u0219i expediere - La momentul livr\u0103rii, v\u0103 vom furniza o not\u0103 de livrare care confirm\u0103 data \u0219i ora livr\u0103rii, precum \u0219i produsul\/produsale livrate.","breadcrumb":{"@id":"https:\/\/stileuropa.com\/ro\/livrare-si-expediere\/#breadcrumb"},"inLanguage":"ro-RO","potentialAction":[{"@type":"ReadAction","target":["https:\/\/stileuropa.com\/ro\/livrare-si-expediere\/"]}]},{"@type":"BreadcrumbList","@id":"https:\/\/stileuropa.com\/ro\/livrare-si-expediere\/#breadcrumb","itemListElement":[{"@type":"ListItem","position":1,"name":"Home","item":"https:\/\/stileuropa.com\/"},{"@type":"ListItem","position":2,"name":"Livrare \u0219i expediere"}]},{"@type":"WebSite","@id":"https:\/\/stileuropa.com\/#website","url":"https:\/\/stileuropa.com\/","name":"StilEuropa","description":"","publisher":{"@id":"https:\/\/stileuropa.com\/#organization"},"potentialAction":[{"@type":"SearchAction","target":{"@type":"EntryPoint","urlTemplate":"https:\/\/stileuropa.com\/?s={search_term_string}"},"query-input":{"@type":"PropertyValueSpecification","valueRequired":true,"valueName":"search_term_string"}}],"inLanguage":"ro-RO"},{"@type":"Organization","@id":"https:\/\/stileuropa.com\/#organization","name":"StilEuropa","url":"https:\/\/stileuropa.com\/","logo":{"@type":"ImageObject","inLanguage":"ro-RO","@id":"https:\/\/stileuropa.com\/#\/schema\/logo\/image\/","url":"https:\/\/stileuropa.com\/wp-content\/uploads\/2024\/08\/styleuropa-logo-black.webp","contentUrl":"https:\/\/stileuropa.com\/wp-content\/uploads\/2024\/08\/styleuropa-logo-black.webp","width":501,"height":53,"caption":"StilEuropa"},"image":{"@id":"https:\/\/stileuropa.com\/#\/schema\/logo\/image\/"}}]}},"_links":{"self":[{"href":"https:\/\/stileuropa.com\/ro\/wp-json\/wp\/v2\/pages\/25473","targetHints":{"allow":["GET"]}}],"collection":[{"href":"https:\/\/stileuropa.com\/ro\/wp-json\/wp\/v2\/pages"}],"about":[{"href":"https:\/\/stileuropa.com\/ro\/wp-json\/wp\/v2\/types\/page"}],"author":[{"embeddable":true,"href":"https:\/\/stileuropa.com\/ro\/wp-json\/wp\/v2\/users\/1"}],"replies":[{"embeddable":true,"href":"https:\/\/stileuropa.com\/ro\/wp-json\/wp\/v2\/comments?post=25473"}],"version-history":[{"count":0,"href":"https:\/\/stileuropa.com\/ro\/wp-json\/wp\/v2\/pages\/25473\/revisions"}],"wp:attachment":[{"href":"https:\/\/stileuropa.com\/ro\/wp-json\/wp\/v2\/media?parent=25473"}],"curies":[{"name":"wp","href":"https:\/\/api.w.org\/{rel}","templated":true}]}}