{"id":25469,"date":"2024-07-09T04:31:20","date_gmt":"2024-07-09T01:31:20","guid":{"rendered":"https:\/\/stileuropa.com\/returnari-si-reclamatii\/"},"modified":"2025-01-24T01:47:12","modified_gmt":"2025-01-23T22:47:12","slug":"returnari-si-reclamatii","status":"publish","type":"page","link":"https:\/\/stileuropa.com\/ro\/returnari-si-reclamatii\/","title":{"rendered":"Return\u0103ri \u0219i reclama\u021bii"},"content":{"rendered":"\t\t<div data-elementor-type=\"wp-page\" data-elementor-id=\"25469\" class=\"elementor elementor-25469 elementor-660\" data-elementor-post-type=\"page\">\n\t\t\t\t<div class=\"elementor-element elementor-element-3c976df e-flex e-con-boxed e-con e-parent\" data-id=\"3c976df\" data-element_type=\"container\" data-settings=\"{&quot;background_background&quot;:&quot;classic&quot;}\">\n\t\t\t\t\t<div class=\"e-con-inner\">\n\t\t\t\t<div class=\"elementor-element elementor-element-c1637b4 elementor-widget elementor-widget-heading\" data-id=\"c1637b4\" data-element_type=\"widget\" data-widget_type=\"heading.default\">\n\t\t\t\t<div class=\"elementor-widget-container\">\n\t\t\t\t\t<h1 class=\"elementor-heading-title elementor-size-default\">Return\u0103ri \u0219i reclama\u021bii<\/h1>\t\t\t\t<\/div>\n\t\t\t\t<\/div>\n\t\t\t\t\t<\/div>\n\t\t\t\t<\/div>\n\t\t<div class=\"elementor-element elementor-element-1281456 e-flex e-con-boxed e-con e-child\" data-id=\"1281456\" data-element_type=\"container\">\n\t\t\t\t\t<div class=\"e-con-inner\">\n\t\t<div class=\"elementor-element elementor-element-393f4e9 e-con-full e-flex e-con e-child\" data-id=\"393f4e9\" data-element_type=\"container\">\n\t\t\t\t<div class=\"elementor-element elementor-element-13e5963 elementor-widget elementor-widget-heading\" data-id=\"13e5963\" data-element_type=\"widget\" data-widget_type=\"heading.default\">\n\t\t\t\t<div class=\"elementor-widget-container\">\n\t\t\t\t\t<h2 class=\"elementor-heading-title elementor-size-default\"><b>1. Anul\u0103ri din cauza schimb\u0103rii de p\u0103rere:<\/b><\/h2>\t\t\t\t<\/div>\n\t\t\t\t<\/div>\n\t\t\t\t<div class=\"elementor-element elementor-element-298d2ac elementor-widget elementor-widget-text-editor\" data-id=\"298d2ac\" data-element_type=\"widget\" data-widget_type=\"text-editor.default\">\n\t\t\t\t<div class=\"elementor-widget-container\">\n\t\t\t\t\t\t\t\t\t<p>Pute\u021bi anula comanda \u00een orice moment \u00eenainte de livrare. Dac\u0103 comanda dumneavoastr\u0103 nu a fost \u00eenc\u0103 expediat\u0103, se va emite o rambursare complet\u0103 f\u0103r\u0103 deduceri. Dac\u0103 comanda a fost deja expediat\u0103, taxa de livrare nu va fi rambursat\u0103, iar dumneavoastr\u0103 ve\u021bi fi responsabil pentru costurile de returnare a produsului.  <\/p>\n\t\t\t\t\t\t\t\t<\/div>\n\t\t\t\t<\/div>\n\t\t\t\t<div class=\"elementor-element elementor-element-c6bc26a elementor-widget elementor-widget-heading\" data-id=\"c6bc26a\" data-element_type=\"widget\" data-widget_type=\"heading.default\">\n\t\t\t\t<div class=\"elementor-widget-container\">\n\t\t\t\t\t<h2 class=\"elementor-heading-title elementor-size-default\"><b>2. Return\u0103ri din cauza schimb\u0103rii de p\u0103rere:\n<\/b><\/h2>\t\t\t\t<\/div>\n\t\t\t\t<\/div>\n\t\t\t\t<div class=\"elementor-element elementor-element-ee76c75 elementor-widget elementor-widget-text-editor\" data-id=\"ee76c75\" data-element_type=\"widget\" data-widget_type=\"text-editor.default\">\n\t\t\t\t<div class=\"elementor-widget-container\">\n\t\t\t\t\t\t\t\t\t<p><span style=\"font-weight: 400;\">Dac\u0103 decide\u021bi s\u0103 returna\u021bi comanda dup\u0103 ce a fost livrat\u0103, toate produsele trebuie returnate \u00een ambalajul original \u0219i \u00eentr-o stare care s\u0103 permit\u0103 rev\u00e2nzarea acestora.<\/span><\/p>\n<p><span style=\"font-weight: 400;\">Pute\u021bi returna produsele \u00een termen de 7 zile de la primirea comenzii. Pentru a ini\u021bia o returnare, v\u0103 rug\u0103m s\u0103 contacta\u021bi echipa noastr\u0103 trimi\u021b\u00e2nd un email la <a href=\"mailto:info@stileuropa.com\">info@stileuropa.com<\/a>. <\/span><\/p>\n\t\t\t\t\t\t\t\t<\/div>\n\t\t\t\t<\/div>\n\t\t\t\t<div class=\"elementor-element elementor-element-db5dbfe elementor-widget elementor-widget-heading\" data-id=\"db5dbfe\" data-element_type=\"widget\" data-widget_type=\"heading.default\">\n\t\t\t\t<div class=\"elementor-widget-container\">\n\t\t\t\t\t<h2 class=\"elementor-heading-title elementor-size-default\"><b>3. Produse defecte\/deteriorate\/modificate\/nepredate:<\/b><\/h2>\t\t\t\t<\/div>\n\t\t\t\t<\/div>\n\t\t\t\t<div class=\"elementor-element elementor-element-14e18b3 elementor-widget elementor-widget-text-editor\" data-id=\"14e18b3\" data-element_type=\"widget\" data-widget_type=\"text-editor.default\">\n\t\t\t\t<div class=\"elementor-widget-container\">\n\t\t\t\t\t\t\t\t\t<p>Dac\u0103 \u00eencheia\u021bi contractul din cauza produselor defecte, deteriorate, modificate sau nedeliverate, contractul va \u00eenceta imediat, iar o rambursare complet\u0103 va fi emis\u0103 f\u0103r\u0103 nicio deducere pentru produsele care nu au fost livrate corect.<\/p>\n<p><strong>Produsele trebuie inspectate cu aten\u021bie la momentul livr\u0103rii, fie \u00een magazin, fie la primirea acestora acas\u0103. Orice defecte sau deterior\u0103ri trebuie identificate \u0219i raportate personalului de livrare \u00een momentul livr\u0103rii. <\/strong> Reclama\u021biile pentru produse defecte sau deteriorate care nu sunt raportate la momentul livr\u0103rii s-ar putea s\u0103 nu fie acceptate.<\/p>\n<p>Dac\u0103 \u00eencheia\u021bi contractul din motive care nu \u021bin de o problem\u0103 cu produsele, va fi dedus\u0103 o sum\u0103 rezonabil\u0103 de compensare pentru a acoperi orice pierderi suportate de noi ca urmare a anul\u0103rii dumneavoastr\u0103. Dac\u0103 un produs a fost realizat pe comand\u0103 conform specifica\u021biilor dumneavoastr\u0103 \u0219i nu este potrivit pentru a fi v\u00e2ndut altui client, se va oferi o rambursare sau \u00eenlocuirea produsului, dup\u0103 o discu\u021bie cu reprezentantul nostru pentru clien\u021bi. <\/p>\n\t\t\t\t\t\t\t\t<\/div>\n\t\t\t\t<\/div>\n\t\t\t\t<div class=\"elementor-element elementor-element-3a3ec4e elementor-widget elementor-widget-heading\" data-id=\"3a3ec4e\" data-element_type=\"widget\" data-widget_type=\"heading.default\">\n\t\t\t\t<div class=\"elementor-widget-container\">\n\t\t\t\t\t<h2 class=\"elementor-heading-title elementor-size-default\"><b>4. Returnarea produselor dup\u0103 \u00eencheierea contractului:\n<\/b><\/h2>\t\t\t\t<\/div>\n\t\t\t\t<\/div>\n\t\t\t\t<div class=\"elementor-element elementor-element-f5b64d8 elementor-widget elementor-widget-text-editor\" data-id=\"f5b64d8\" data-element_type=\"widget\" data-widget_type=\"text-editor.default\">\n\t\t\t\t<div class=\"elementor-widget-container\">\n\t\t\t\t\t\t\t\t\t<p><span style=\"font-weight: 400;\">Dac\u0103 \u00eencheia\u021bi contractul dup\u0103 ce produsele au fost expediat\u0103 \u0219i livrate c\u0103tre dumneavoastr\u0103, trebuie s\u0103 le returna\u021bi sau s\u0103 ne permite\u021bi s\u0103 le colect\u0103m \u00eentr-un interval de timp rezonabil. Dac\u0103 \u00eencheia\u021bi contractul din cauza unei modific\u0103ri a produsului, o eroare de pre\u021b sau descriere, o \u00eent\u00e2rziere \u00een livrare din cauza unor evenimente ce nu \u021bin de controlul nostru sau din alte motive, costurile de returnare vor fi acoperite de noi. \u00cen toate celelalte cazuri, ve\u021bi fi responsabil pentru costurile de returnare a produselor.  <\/span><\/p>\n\t\t\t\t\t\t\t\t<\/div>\n\t\t\t\t<\/div>\n\t\t\t\t<div class=\"elementor-element elementor-element-af8405e elementor-widget elementor-widget-heading\" data-id=\"af8405e\" data-element_type=\"widget\" data-widget_type=\"heading.default\">\n\t\t\t\t<div class=\"elementor-widget-container\">\n\t\t\t\t\t<h2 class=\"elementor-heading-title elementor-size-default\"><b>Contacta\u021bi-ne<\/b><\/h2>\t\t\t\t<\/div>\n\t\t\t\t<\/div>\n\t\t\t\t<div class=\"elementor-element elementor-element-3213d52 elementor-widget elementor-widget-text-editor\" data-id=\"3213d52\" data-element_type=\"widget\" data-widget_type=\"text-editor.default\">\n\t\t\t\t<div class=\"elementor-widget-container\">\n\t\t\t\t\t\t\t\t\t<p>Dac\u0103 ave\u021bi \u00eentreb\u0103ri despre politica noastr\u0103 de Return\u0103ri \u0219i Reclama\u021bii, v\u0103 rug\u0103m s\u0103 ne contacta\u021bi la:<\/p>\n<p><a href=\"mailto:info@stileuropa.com\">info@stileuropa.com<\/a><\/p>\n<p><a href=\"https:\/\/api.whatsapp.com\/send?phone=359895078348\"><span class=\"elementor-icon-list-text\">Linia de suport WhatsApp<\/span><\/a><\/p>\n\t\t\t\t\t\t\t\t<\/div>\n\t\t\t\t<\/div>\n\t\t\t\t<\/div>\n\t\t\t\t\t<\/div>\n\t\t\t\t<\/div>\n\t\t\t\t<\/div>\n\t\t","protected":false},"excerpt":{"rendered":"<p>Return\u0103ri \u0219i reclama\u021bii 1. Anul\u0103ri din cauza schimb\u0103rii de p\u0103rere: Pute\u021bi anula comanda \u00een orice moment \u00eenainte de livrare. Dac\u0103 comanda dumneavoastr\u0103 nu a fost \u00eenc\u0103 expediat\u0103, se va emite o rambursare complet\u0103 f\u0103r\u0103 deduceri. Dac\u0103 comanda a fost deja expediat\u0103, taxa de livrare nu va fi rambursat\u0103, iar dumneavoastr\u0103 ve\u021bi fi responsabil pentru costurile [&hellip;]<\/p>\n","protected":false},"author":1,"featured_media":0,"parent":0,"menu_order":0,"comment_status":"closed","ping_status":"closed","template":"","meta":{"footnotes":""},"class_list":["post-25469","page","type-page","status-publish","hentry"],"yoast_head":"<!-- This site is optimized with the Yoast SEO plugin v24.9 - https:\/\/yoast.com\/wordpress\/plugins\/seo\/ -->\n<title>Return\u0103ri \u0219i reclama\u021bii - StilEuropa<\/title>\n<meta name=\"description\" content=\"Return\u0103ri \u0219i reclama\u021bii - Pute\u021bi anula comanda \u00een orice moment \u00eenainte de livrare. Dac\u0103 comanda dumneavoastr\u0103 nu a fost \u00eenc\u0103 expediat\u0103, se va emite o rambursare complet\u0103.\" \/>\n<meta name=\"robots\" content=\"index, follow, max-snippet:-1, max-image-preview:large, max-video-preview:-1\" \/>\n<link rel=\"canonical\" href=\"https:\/\/stileuropa.com\/ro\/returnari-si-reclamatii\/\" \/>\n<meta property=\"og:locale\" content=\"ro_RO\" \/>\n<meta property=\"og:type\" content=\"article\" \/>\n<meta property=\"og:title\" content=\"Return\u0103ri \u0219i reclama\u021bii - StilEuropa\" \/>\n<meta property=\"og:description\" content=\"Return\u0103ri \u0219i reclama\u021bii - Pute\u021bi anula comanda \u00een orice moment \u00eenainte de livrare. Dac\u0103 comanda dumneavoastr\u0103 nu a fost \u00eenc\u0103 expediat\u0103, se va emite o rambursare complet\u0103.\" \/>\n<meta property=\"og:url\" content=\"https:\/\/stileuropa.com\/ro\/returnari-si-reclamatii\/\" \/>\n<meta property=\"og:site_name\" content=\"StilEuropa\" \/>\n<meta property=\"article:modified_time\" content=\"2025-01-23T22:47:12+00:00\" \/>\n<meta name=\"twitter:card\" content=\"summary_large_image\" \/>\n<meta name=\"twitter:label1\" content=\"Timp estimat pentru citire\" \/>\n\t<meta name=\"twitter:data1\" content=\"2 minute\" \/>\n<script type=\"application\/ld+json\" class=\"yoast-schema-graph\">{\"@context\":\"https:\/\/schema.org\",\"@graph\":[{\"@type\":\"WebPage\",\"@id\":\"https:\/\/stileuropa.com\/ro\/returnari-si-reclamatii\/\",\"url\":\"https:\/\/stileuropa.com\/ro\/returnari-si-reclamatii\/\",\"name\":\"Return\u0103ri \u0219i reclama\u021bii - StilEuropa\",\"isPartOf\":{\"@id\":\"https:\/\/stileuropa.com\/#website\"},\"datePublished\":\"2024-07-09T01:31:20+00:00\",\"dateModified\":\"2025-01-23T22:47:12+00:00\",\"description\":\"Return\u0103ri \u0219i reclama\u021bii - Pute\u021bi anula comanda \u00een orice moment \u00eenainte de livrare. Dac\u0103 comanda dumneavoastr\u0103 nu a fost \u00eenc\u0103 expediat\u0103, se va emite o rambursare complet\u0103.\",\"breadcrumb\":{\"@id\":\"https:\/\/stileuropa.com\/ro\/returnari-si-reclamatii\/#breadcrumb\"},\"inLanguage\":\"ro-RO\",\"potentialAction\":[{\"@type\":\"ReadAction\",\"target\":[\"https:\/\/stileuropa.com\/ro\/returnari-si-reclamatii\/\"]}]},{\"@type\":\"BreadcrumbList\",\"@id\":\"https:\/\/stileuropa.com\/ro\/returnari-si-reclamatii\/#breadcrumb\",\"itemListElement\":[{\"@type\":\"ListItem\",\"position\":1,\"name\":\"Home\",\"item\":\"https:\/\/stileuropa.com\/\"},{\"@type\":\"ListItem\",\"position\":2,\"name\":\"Return\u0103ri \u0219i reclama\u021bii\"}]},{\"@type\":\"WebSite\",\"@id\":\"https:\/\/stileuropa.com\/#website\",\"url\":\"https:\/\/stileuropa.com\/\",\"name\":\"StilEuropa\",\"description\":\"\",\"publisher\":{\"@id\":\"https:\/\/stileuropa.com\/#organization\"},\"potentialAction\":[{\"@type\":\"SearchAction\",\"target\":{\"@type\":\"EntryPoint\",\"urlTemplate\":\"https:\/\/stileuropa.com\/?s={search_term_string}\"},\"query-input\":{\"@type\":\"PropertyValueSpecification\",\"valueRequired\":true,\"valueName\":\"search_term_string\"}}],\"inLanguage\":\"ro-RO\"},{\"@type\":\"Organization\",\"@id\":\"https:\/\/stileuropa.com\/#organization\",\"name\":\"StilEuropa\",\"url\":\"https:\/\/stileuropa.com\/\",\"logo\":{\"@type\":\"ImageObject\",\"inLanguage\":\"ro-RO\",\"@id\":\"https:\/\/stileuropa.com\/#\/schema\/logo\/image\/\",\"url\":\"https:\/\/stileuropa.com\/wp-content\/uploads\/2024\/08\/styleuropa-logo-black.webp\",\"contentUrl\":\"https:\/\/stileuropa.com\/wp-content\/uploads\/2024\/08\/styleuropa-logo-black.webp\",\"width\":501,\"height\":53,\"caption\":\"StilEuropa\"},\"image\":{\"@id\":\"https:\/\/stileuropa.com\/#\/schema\/logo\/image\/\"}}]}<\/script>\n<!-- \/ Yoast SEO plugin. -->","yoast_head_json":{"title":"Return\u0103ri \u0219i reclama\u021bii - StilEuropa","description":"Return\u0103ri \u0219i reclama\u021bii - Pute\u021bi anula comanda \u00een orice moment \u00eenainte de livrare. Dac\u0103 comanda dumneavoastr\u0103 nu a fost \u00eenc\u0103 expediat\u0103, se va emite o rambursare complet\u0103.","robots":{"index":"index","follow":"follow","max-snippet":"max-snippet:-1","max-image-preview":"max-image-preview:large","max-video-preview":"max-video-preview:-1"},"canonical":"https:\/\/stileuropa.com\/ro\/returnari-si-reclamatii\/","og_locale":"ro_RO","og_type":"article","og_title":"Return\u0103ri \u0219i reclama\u021bii - StilEuropa","og_description":"Return\u0103ri \u0219i reclama\u021bii - Pute\u021bi anula comanda \u00een orice moment \u00eenainte de livrare. Dac\u0103 comanda dumneavoastr\u0103 nu a fost \u00eenc\u0103 expediat\u0103, se va emite o rambursare complet\u0103.","og_url":"https:\/\/stileuropa.com\/ro\/returnari-si-reclamatii\/","og_site_name":"StilEuropa","article_modified_time":"2025-01-23T22:47:12+00:00","twitter_card":"summary_large_image","twitter_misc":{"Timp estimat pentru citire":"2 minute"},"schema":{"@context":"https:\/\/schema.org","@graph":[{"@type":"WebPage","@id":"https:\/\/stileuropa.com\/ro\/returnari-si-reclamatii\/","url":"https:\/\/stileuropa.com\/ro\/returnari-si-reclamatii\/","name":"Return\u0103ri \u0219i reclama\u021bii - StilEuropa","isPartOf":{"@id":"https:\/\/stileuropa.com\/#website"},"datePublished":"2024-07-09T01:31:20+00:00","dateModified":"2025-01-23T22:47:12+00:00","description":"Return\u0103ri \u0219i reclama\u021bii - Pute\u021bi anula comanda \u00een orice moment \u00eenainte de livrare. Dac\u0103 comanda dumneavoastr\u0103 nu a fost \u00eenc\u0103 expediat\u0103, se va emite o rambursare complet\u0103.","breadcrumb":{"@id":"https:\/\/stileuropa.com\/ro\/returnari-si-reclamatii\/#breadcrumb"},"inLanguage":"ro-RO","potentialAction":[{"@type":"ReadAction","target":["https:\/\/stileuropa.com\/ro\/returnari-si-reclamatii\/"]}]},{"@type":"BreadcrumbList","@id":"https:\/\/stileuropa.com\/ro\/returnari-si-reclamatii\/#breadcrumb","itemListElement":[{"@type":"ListItem","position":1,"name":"Home","item":"https:\/\/stileuropa.com\/"},{"@type":"ListItem","position":2,"name":"Return\u0103ri \u0219i reclama\u021bii"}]},{"@type":"WebSite","@id":"https:\/\/stileuropa.com\/#website","url":"https:\/\/stileuropa.com\/","name":"StilEuropa","description":"","publisher":{"@id":"https:\/\/stileuropa.com\/#organization"},"potentialAction":[{"@type":"SearchAction","target":{"@type":"EntryPoint","urlTemplate":"https:\/\/stileuropa.com\/?s={search_term_string}"},"query-input":{"@type":"PropertyValueSpecification","valueRequired":true,"valueName":"search_term_string"}}],"inLanguage":"ro-RO"},{"@type":"Organization","@id":"https:\/\/stileuropa.com\/#organization","name":"StilEuropa","url":"https:\/\/stileuropa.com\/","logo":{"@type":"ImageObject","inLanguage":"ro-RO","@id":"https:\/\/stileuropa.com\/#\/schema\/logo\/image\/","url":"https:\/\/stileuropa.com\/wp-content\/uploads\/2024\/08\/styleuropa-logo-black.webp","contentUrl":"https:\/\/stileuropa.com\/wp-content\/uploads\/2024\/08\/styleuropa-logo-black.webp","width":501,"height":53,"caption":"StilEuropa"},"image":{"@id":"https:\/\/stileuropa.com\/#\/schema\/logo\/image\/"}}]}},"_links":{"self":[{"href":"https:\/\/stileuropa.com\/ro\/wp-json\/wp\/v2\/pages\/25469","targetHints":{"allow":["GET"]}}],"collection":[{"href":"https:\/\/stileuropa.com\/ro\/wp-json\/wp\/v2\/pages"}],"about":[{"href":"https:\/\/stileuropa.com\/ro\/wp-json\/wp\/v2\/types\/page"}],"author":[{"embeddable":true,"href":"https:\/\/stileuropa.com\/ro\/wp-json\/wp\/v2\/users\/1"}],"replies":[{"embeddable":true,"href":"https:\/\/stileuropa.com\/ro\/wp-json\/wp\/v2\/comments?post=25469"}],"version-history":[{"count":0,"href":"https:\/\/stileuropa.com\/ro\/wp-json\/wp\/v2\/pages\/25469\/revisions"}],"wp:attachment":[{"href":"https:\/\/stileuropa.com\/ro\/wp-json\/wp\/v2\/media?parent=25469"}],"curies":[{"name":"wp","href":"https:\/\/api.w.org\/{rel}","templated":true}]}}