{"id":25429,"date":"2024-07-16T16:49:35","date_gmt":"2024-07-16T13:49:35","guid":{"rendered":"https:\/\/stileuropa.com\/autentificare\/"},"modified":"2025-01-23T20:53:43","modified_gmt":"2025-01-23T17:53:43","slug":"autentificare","status":"publish","type":"page","link":"https:\/\/stileuropa.com\/ro\/autentificare\/","title":{"rendered":"Autentificare"},"content":{"rendered":"\t\t<div data-elementor-type=\"wp-page\" data-elementor-id=\"25429\" class=\"elementor elementor-25429 elementor-1521\" data-elementor-post-type=\"page\">\n\t\t\t\t<div class=\"elementor-element elementor-element-c08d324 e-flex e-con-boxed e-con e-parent\" data-id=\"c08d324\" data-element_type=\"container\" data-settings=\"{&quot;background_background&quot;:&quot;classic&quot;}\">\n\t\t\t\t\t<div class=\"e-con-inner\">\n\t\t\t\t<div class=\"elementor-element elementor-element-2a60c13 e-my-account-tabs-horizontal elementor-widget elementor-widget-woocommerce-my-account\" data-id=\"2a60c13\" data-element_type=\"widget\" data-widget_type=\"woocommerce-my-account.default\">\n\t\t\t\t<div class=\"elementor-widget-container\">\n\t\t\t\t\t<div class=\"e-my-account-tab e-my-account-tab__ \">\t\t\t<div class=\"woocommerce\">\n<div class=\"jet-woo-builder-woocommerce-myaccount-login-page\">\n\n\t<div class=\"woocommerce-notices-wrapper\"><\/div>\n\t<div id=\"customer_login\">\n\t\t\t\t<div data-elementor-type=\"jet-woo-builder-myaccount\" data-elementor-id=\"29022\" class=\"elementor elementor-29022 elementor-28991\" data-elementor-post-type=\"jet-woo-builder\">\n\t\t\t\t<div class=\"elementor-element elementor-element-12f9277 e-grid e-con-boxed e-con e-parent\" data-id=\"12f9277\" data-element_type=\"container\">\n\t\t\t\t\t<div class=\"e-con-inner\">\n\t\t\t\t<div class=\"elementor-element elementor-element-e3fe489 elementor-widget elementor-widget-jet-myaccount-login-form\" data-id=\"e3fe489\" data-element_type=\"widget\" data-widget_type=\"jet-myaccount-login-form.default\">\n\t\t\t\t<div class=\"elementor-widget-container\">\n\t\t\t\t\t<div class=\"elementor-jet-myaccount-login-form jet-woo-builder\">\n<h2>Autentificare<\/h2>\n\n<form class=\"woocommerce-form woocommerce-form-login login\" method=\"post\" novalidate>\n\n\t\n\t<p class=\"woocommerce-form-row woocommerce-form-row--wide form-row form-row-wide\">\n\t\t<label for=\"username\">Nume utilizator sau adres\u0103 email&nbsp;<span class=\"required\">*<\/span><\/label>\n\t\t<input type=\"text\" class=\"woocommerce-Input woocommerce-Input--text input-text\" name=\"username\" id=\"username\" autocomplete=\"username\" value=\"\" \/>\t<\/p>\n\t<p class=\"woocommerce-form-row woocommerce-form-row--wide form-row form-row-wide\">\n\t\t<label for=\"password\">Parol\u0103&nbsp;<span class=\"required\">*<\/span><\/label>\n\t\t<input class=\"woocommerce-Input woocommerce-Input--text input-text\" type=\"password\" name=\"password\" id=\"password\" autocomplete=\"current-password\" \/>\n\t<\/p>\n\n\t\n\t<p class=\"form-row\">\n\t\t<label class=\"woocommerce-form__label woocommerce-form__label-for-checkbox woocommerce-form-login__rememberme\">\n\t\t\t<input class=\"woocommerce-form__input woocommerce-form__input-checkbox\" name=\"rememberme\" type=\"checkbox\" id=\"rememberme\" value=\"forever\" \/> <span>\u021aine-m\u0103 minte<\/span>\n\t\t<\/label>\n\t\t<input type=\"hidden\" id=\"woocommerce-login-nonce\" name=\"woocommerce-login-nonce\" value=\"b4a2a826f0\" \/><input type=\"hidden\" name=\"_wp_http_referer\" value=\"\/ro\/wp-json\/wp\/v2\/pages\/25429\" \/>\t\t<button type=\"submit\" class=\"woocommerce-button button woocommerce-form-login__submit \" name=\"login\" value=\"Autentificare\">Autentificare<\/button>\n\t<\/p>\n\t<p class=\"woocommerce-LostPassword lost_password\">\n\t\t<a href=\"https:\/\/stileuropa.com\/ro\/autentificare\/lost-password\/\">Ai uitat parola?<\/a>\n\t<\/p>\n\n\t\n<\/form><\/div>\t\t\t\t<\/div>\n\t\t\t\t<\/div>\n\t\t\t\t<div class=\"elementor-element elementor-element-2dad8b0 elementor-widget elementor-widget-jet-myaccount-registration-form\" data-id=\"2dad8b0\" data-element_type=\"widget\" data-widget_type=\"jet-myaccount-registration-form.default\">\n\t\t\t\t<div class=\"elementor-widget-container\">\n\t\t\t\t\t<div class=\"elementor-jet-myaccount-registration-form jet-woo-builder\">\n<h2>\u00cenregistrare<\/h2>\n\n<form method=\"post\" class=\"woocommerce-form woocommerce-form-register register\"  >\n\n\t\n\t\n\t<p class=\"woocommerce-form-row woocommerce-form-row--wide form-row form-row-wide\">\n\t\t<label for=\"reg_email\">Adres\u0103 email&nbsp;<span class=\"required\">*<\/span><\/label>\n\t\t<input type=\"email\" class=\"woocommerce-Input woocommerce-Input--text input-text\" name=\"email\" id=\"reg_email\" autocomplete=\"email\" value=\"\" \/>\t<\/p>\n\n\t\n\t\t<p class=\"woocommerce-form-row woocommerce-form-row--wide form-row form-row-wide\">\n\t\t\t<label for=\"reg_password\">Parol\u0103&nbsp;<span class=\"required\">*<\/span><\/label>\n\t\t\t<input type=\"password\" class=\"woocommerce-Input woocommerce-Input--text input-text\" name=\"password\" id=\"reg_password\" autocomplete=\"new-password\" \/>\n\t\t<\/p>\n\n\t\n\t<wc-order-attribution-inputs><\/wc-order-attribution-inputs><div class=\"woocommerce-privacy-policy-text\"><p>Your personal data will be used to support your experience throughout this website, to manage access to your account, and for other purposes described in our <a href=\"\" class=\"woocommerce-privacy-policy-link\" target=\"_blank\">politic\u0103 de confiden\u021bialitate<\/a>.<\/p>\n<\/div>\n\t<p class=\"woocommerce-form-row form-row\">\n\t\t<input type=\"hidden\" id=\"woocommerce-register-nonce\" name=\"woocommerce-register-nonce\" value=\"8b83d33704\" \/><input type=\"hidden\" name=\"_wp_http_referer\" value=\"\/ro\/wp-json\/wp\/v2\/pages\/25429\" \/>\t\t<button type=\"submit\" class=\"woocommerce-Button woocommerce-button button woocommerce-form-register__submit \" name=\"register\" value=\"\u00cenregistrare\">\u00cenregistrare<\/button>\n\t<\/p>\n\n\t\n<\/form><\/div>\t\t\t\t<\/div>\n\t\t\t\t<\/div>\n\t\t\t\t\t<\/div>\n\t\t\t\t<\/div>\n\t\t\t\t<\/div>\n\t\t\t<\/div>\n\n\t\n<\/div>\n\n<\/div>\t\t<\/div>\n\t\t\t\t\t\t<\/div>\n\t\t\t\t<\/div>\n\t\t\t\t\t<\/div>\n\t\t\t\t<\/div>\n\t\t\t\t<\/div>\n\t\t","protected":false},"excerpt":{"rendered":"","protected":false},"author":1,"featured_media":0,"parent":0,"menu_order":0,"comment_status":"closed","ping_status":"closed","template":"","meta":{"footnotes":""},"class_list":["post-25429","page","type-page","status-publish","hentry"],"yoast_head":"<!-- This site is optimized with the Yoast SEO plugin v24.9 - https:\/\/yoast.com\/wordpress\/plugins\/seo\/ -->\n<title>Autentificare - StilEuropa<\/title>\n<meta name=\"description\" content=\"Autentificare - Explora\u021bi colec\u021bia noastr\u0103 online pe stileuropa.com \u0219i descoperi\u021bi piesele perfecte pentru a v\u0103 \u00eembun\u0103t\u0103\u021bi locuin\u021ba. Al\u0103tura\u021bi-v\u0103 comunit\u0103\u021bii noastre de clien\u021bi mul\u021bumi\u021bi...\" \/>\n<meta name=\"robots\" content=\"index, follow, max-snippet:-1, max-image-preview:large, max-video-preview:-1\" \/>\n<link rel=\"canonical\" href=\"https:\/\/stileuropa.com\/ro\/autentificare\/\" \/>\n<meta property=\"og:locale\" content=\"ro_RO\" \/>\n<meta property=\"og:type\" content=\"article\" \/>\n<meta property=\"og:title\" content=\"Autentificare - StilEuropa\" \/>\n<meta property=\"og:description\" content=\"Autentificare - Explora\u021bi colec\u021bia noastr\u0103 online pe stileuropa.com \u0219i descoperi\u021bi piesele perfecte pentru a v\u0103 \u00eembun\u0103t\u0103\u021bi locuin\u021ba. Al\u0103tura\u021bi-v\u0103 comunit\u0103\u021bii noastre de clien\u021bi mul\u021bumi\u021bi...\" \/>\n<meta property=\"og:url\" content=\"https:\/\/stileuropa.com\/ro\/autentificare\/\" \/>\n<meta property=\"og:site_name\" content=\"StilEuropa\" \/>\n<meta property=\"article:modified_time\" content=\"2025-01-23T17:53:43+00:00\" \/>\n<meta name=\"twitter:card\" content=\"summary_large_image\" \/>\n<script type=\"application\/ld+json\" class=\"yoast-schema-graph\">{\"@context\":\"https:\/\/schema.org\",\"@graph\":[{\"@type\":\"WebPage\",\"@id\":\"https:\/\/stileuropa.com\/ro\/autentificare\/\",\"url\":\"https:\/\/stileuropa.com\/ro\/autentificare\/\",\"name\":\"Autentificare - StilEuropa\",\"isPartOf\":{\"@id\":\"https:\/\/stileuropa.com\/#website\"},\"datePublished\":\"2024-07-16T13:49:35+00:00\",\"dateModified\":\"2025-01-23T17:53:43+00:00\",\"description\":\"Autentificare - Explora\u021bi colec\u021bia noastr\u0103 online pe stileuropa.com \u0219i descoperi\u021bi piesele perfecte pentru a v\u0103 \u00eembun\u0103t\u0103\u021bi locuin\u021ba. Al\u0103tura\u021bi-v\u0103 comunit\u0103\u021bii noastre de clien\u021bi mul\u021bumi\u021bi...\",\"breadcrumb\":{\"@id\":\"https:\/\/stileuropa.com\/ro\/autentificare\/#breadcrumb\"},\"inLanguage\":\"ro-RO\",\"potentialAction\":[{\"@type\":\"ReadAction\",\"target\":[\"https:\/\/stileuropa.com\/ro\/autentificare\/\"]}]},{\"@type\":\"BreadcrumbList\",\"@id\":\"https:\/\/stileuropa.com\/ro\/autentificare\/#breadcrumb\",\"itemListElement\":[{\"@type\":\"ListItem\",\"position\":1,\"name\":\"Home\",\"item\":\"https:\/\/stileuropa.com\/\"},{\"@type\":\"ListItem\",\"position\":2,\"name\":\"Autentificare\"}]},{\"@type\":\"WebSite\",\"@id\":\"https:\/\/stileuropa.com\/#website\",\"url\":\"https:\/\/stileuropa.com\/\",\"name\":\"StilEuropa\",\"description\":\"\",\"publisher\":{\"@id\":\"https:\/\/stileuropa.com\/#organization\"},\"potentialAction\":[{\"@type\":\"SearchAction\",\"target\":{\"@type\":\"EntryPoint\",\"urlTemplate\":\"https:\/\/stileuropa.com\/?s={search_term_string}\"},\"query-input\":{\"@type\":\"PropertyValueSpecification\",\"valueRequired\":true,\"valueName\":\"search_term_string\"}}],\"inLanguage\":\"ro-RO\"},{\"@type\":\"Organization\",\"@id\":\"https:\/\/stileuropa.com\/#organization\",\"name\":\"StilEuropa\",\"url\":\"https:\/\/stileuropa.com\/\",\"logo\":{\"@type\":\"ImageObject\",\"inLanguage\":\"ro-RO\",\"@id\":\"https:\/\/stileuropa.com\/#\/schema\/logo\/image\/\",\"url\":\"https:\/\/stileuropa.com\/wp-content\/uploads\/2024\/08\/styleuropa-logo-black.webp\",\"contentUrl\":\"https:\/\/stileuropa.com\/wp-content\/uploads\/2024\/08\/styleuropa-logo-black.webp\",\"width\":501,\"height\":53,\"caption\":\"StilEuropa\"},\"image\":{\"@id\":\"https:\/\/stileuropa.com\/#\/schema\/logo\/image\/\"}}]}<\/script>\n<!-- \/ Yoast SEO plugin. -->","yoast_head_json":{"title":"Autentificare - StilEuropa","description":"Autentificare - Explora\u021bi colec\u021bia noastr\u0103 online pe stileuropa.com \u0219i descoperi\u021bi piesele perfecte pentru a v\u0103 \u00eembun\u0103t\u0103\u021bi locuin\u021ba. Al\u0103tura\u021bi-v\u0103 comunit\u0103\u021bii noastre de clien\u021bi mul\u021bumi\u021bi...","robots":{"index":"index","follow":"follow","max-snippet":"max-snippet:-1","max-image-preview":"max-image-preview:large","max-video-preview":"max-video-preview:-1"},"canonical":"https:\/\/stileuropa.com\/ro\/autentificare\/","og_locale":"ro_RO","og_type":"article","og_title":"Autentificare - StilEuropa","og_description":"Autentificare - Explora\u021bi colec\u021bia noastr\u0103 online pe stileuropa.com \u0219i descoperi\u021bi piesele perfecte pentru a v\u0103 \u00eembun\u0103t\u0103\u021bi locuin\u021ba. Al\u0103tura\u021bi-v\u0103 comunit\u0103\u021bii noastre de clien\u021bi mul\u021bumi\u021bi...","og_url":"https:\/\/stileuropa.com\/ro\/autentificare\/","og_site_name":"StilEuropa","article_modified_time":"2025-01-23T17:53:43+00:00","twitter_card":"summary_large_image","schema":{"@context":"https:\/\/schema.org","@graph":[{"@type":"WebPage","@id":"https:\/\/stileuropa.com\/ro\/autentificare\/","url":"https:\/\/stileuropa.com\/ro\/autentificare\/","name":"Autentificare - StilEuropa","isPartOf":{"@id":"https:\/\/stileuropa.com\/#website"},"datePublished":"2024-07-16T13:49:35+00:00","dateModified":"2025-01-23T17:53:43+00:00","description":"Autentificare - Explora\u021bi colec\u021bia noastr\u0103 online pe stileuropa.com \u0219i descoperi\u021bi piesele perfecte pentru a v\u0103 \u00eembun\u0103t\u0103\u021bi locuin\u021ba. Al\u0103tura\u021bi-v\u0103 comunit\u0103\u021bii noastre de clien\u021bi mul\u021bumi\u021bi...","breadcrumb":{"@id":"https:\/\/stileuropa.com\/ro\/autentificare\/#breadcrumb"},"inLanguage":"ro-RO","potentialAction":[{"@type":"ReadAction","target":["https:\/\/stileuropa.com\/ro\/autentificare\/"]}]},{"@type":"BreadcrumbList","@id":"https:\/\/stileuropa.com\/ro\/autentificare\/#breadcrumb","itemListElement":[{"@type":"ListItem","position":1,"name":"Home","item":"https:\/\/stileuropa.com\/"},{"@type":"ListItem","position":2,"name":"Autentificare"}]},{"@type":"WebSite","@id":"https:\/\/stileuropa.com\/#website","url":"https:\/\/stileuropa.com\/","name":"StilEuropa","description":"","publisher":{"@id":"https:\/\/stileuropa.com\/#organization"},"potentialAction":[{"@type":"SearchAction","target":{"@type":"EntryPoint","urlTemplate":"https:\/\/stileuropa.com\/?s={search_term_string}"},"query-input":{"@type":"PropertyValueSpecification","valueRequired":true,"valueName":"search_term_string"}}],"inLanguage":"ro-RO"},{"@type":"Organization","@id":"https:\/\/stileuropa.com\/#organization","name":"StilEuropa","url":"https:\/\/stileuropa.com\/","logo":{"@type":"ImageObject","inLanguage":"ro-RO","@id":"https:\/\/stileuropa.com\/#\/schema\/logo\/image\/","url":"https:\/\/stileuropa.com\/wp-content\/uploads\/2024\/08\/styleuropa-logo-black.webp","contentUrl":"https:\/\/stileuropa.com\/wp-content\/uploads\/2024\/08\/styleuropa-logo-black.webp","width":501,"height":53,"caption":"StilEuropa"},"image":{"@id":"https:\/\/stileuropa.com\/#\/schema\/logo\/image\/"}}]}},"_links":{"self":[{"href":"https:\/\/stileuropa.com\/ro\/wp-json\/wp\/v2\/pages\/25429","targetHints":{"allow":["GET"]}}],"collection":[{"href":"https:\/\/stileuropa.com\/ro\/wp-json\/wp\/v2\/pages"}],"about":[{"href":"https:\/\/stileuropa.com\/ro\/wp-json\/wp\/v2\/types\/page"}],"author":[{"embeddable":true,"href":"https:\/\/stileuropa.com\/ro\/wp-json\/wp\/v2\/users\/1"}],"replies":[{"embeddable":true,"href":"https:\/\/stileuropa.com\/ro\/wp-json\/wp\/v2\/comments?post=25429"}],"version-history":[{"count":0,"href":"https:\/\/stileuropa.com\/ro\/wp-json\/wp\/v2\/pages\/25429\/revisions"}],"wp:attachment":[{"href":"https:\/\/stileuropa.com\/ro\/wp-json\/wp\/v2\/media?parent=25429"}],"curies":[{"name":"wp","href":"https:\/\/api.w.org\/{rel}","templated":true}]}}