{"id":13727,"date":"2025-11-18T23:33:54","date_gmt":"2025-11-18T20:33:54","guid":{"rendered":"https:\/\/stileuropa.com\/product\/kairos-sessel-weiss-design\/"},"modified":"2025-11-19T01:53:29","modified_gmt":"2025-11-18T22:53:29","slug":"kairos-sessel-weiss-design","status":"publish","type":"product","link":"https:\/\/stileuropa.com\/de\/produkt\/kairos-sessel-weiss-design\/","title":{"rendered":"Kairos Sessel, Wei\u00df Design"},"content":{"rendered":"<p>Das umfangreiche Produktsortiment von Stileuropa vereint Stil und Komfort und spricht jeden Wohnbereich an. Luxuri\u00f6se Sofas, Betten, Bettk\u00e4sten, Kleiderschr\u00e4nke und Tische werden aus hochwertigen Materialien hergestellt und zeichnen sich durch ihre langlebige Haltbarkeit aus. Unsere Produkte werden auf Bestellung gefertigt, in dem Bewusstsein, dass jede Bestellung eine neue Reise bedeutet. Alle unsere Produkte werden innerhalb von 3-5 Wochen nach Ihrer Bestellung mit kostenlosem Versand und Montage direkt zu Ihnen nach Hause geliefert. Bei Stileuropa sind wir stolz darauf, die besten Materialien und Designs anzubieten, um Ihre Wohnr\u00e4ume zu versch\u00f6nern.<\/p>\n","protected":false},"excerpt":{"rendered":"<p>Die luxuri\u00f6sen Produkte von Stileuropa vereinen Komfort und \u00c4sthetik und bereichern Ihre modernen Wohnr\u00e4ume. Unsere Produkte werden auf Bestellung gefertigt und innerhalb von 3-5 Wochen mit kostenlosem Versand und Montage direkt zu Ihnen nach Hause geliefert.<\/p>\n","protected":false},"featured_media":7849,"comment_status":"open","ping_status":"open","template":"","meta":[],"product_brand":[],"product_cat":[353,352],"product_tag":[],"class_list":{"0":"post-13727","1":"product","2":"type-product","3":"status-publish","4":"has-post-thumbnail","6":"product_cat-sessel-einzelsofa","7":"product_cat-wohnzimmer","8":"pa_marke-saga","10":"first","11":"instock","12":"purchasable","13":"product-type-simple"},"yoast_head":"<!-- This site is optimized with the Yoast SEO plugin v24.9 - https:\/\/yoast.com\/wordpress\/plugins\/seo\/ -->\n<title>Kairos Sessel, Wei\u00df Design - StilEuropa<\/title>\n<meta name=\"robots\" content=\"index, follow, max-snippet:-1, max-image-preview:large, max-video-preview:-1\" \/>\n<link rel=\"canonical\" href=\"https:\/\/stileuropa.com\/de\/produkt\/kairos-sessel-weiss-design\/\" \/>\n<meta property=\"og:locale\" content=\"de_DE\" \/>\n<meta property=\"og:type\" content=\"article\" \/>\n<meta property=\"og:title\" content=\"Kairos Sessel, Wei\u00df Design - StilEuropa\" \/>\n<meta property=\"og:description\" content=\"Die luxuri\u00f6sen Produkte von Stileuropa vereinen Komfort und \u00c4sthetik und bereichern Ihre modernen Wohnr\u00e4ume. Unsere Produkte werden auf Bestellung gefertigt und innerhalb von 3-5 Wochen mit kostenlosem Versand und Montage direkt zu Ihnen nach Hause geliefert.\" \/>\n<meta property=\"og:url\" content=\"https:\/\/stileuropa.com\/de\/produkt\/kairos-sessel-weiss-design\/\" \/>\n<meta property=\"og:site_name\" content=\"StilEuropa\" \/>\n<meta property=\"article:modified_time\" content=\"2025-11-18T22:53:29+00:00\" \/>\n<meta property=\"og:image\" content=\"https:\/\/stileuropa.com\/wp-content\/uploads\/2024\/10\/SEC000007-1.webp\" \/>\n\t<meta property=\"og:image:width\" content=\"1203\" \/>\n\t<meta property=\"og:image:height\" content=\"1600\" \/>\n\t<meta property=\"og:image:type\" content=\"image\/webp\" \/>\n<meta name=\"twitter:card\" content=\"summary_large_image\" \/>\n<script type=\"application\/ld+json\" class=\"yoast-schema-graph\">{\"@context\":\"https:\/\/schema.org\",\"@graph\":[{\"@type\":\"WebPage\",\"@id\":\"https:\/\/stileuropa.com\/de\/produkt\/kairos-sessel-weiss-design\/\",\"url\":\"https:\/\/stileuropa.com\/de\/produkt\/kairos-sessel-weiss-design\/\",\"name\":\"Kairos Sessel, Wei\u00df Design - StilEuropa\",\"isPartOf\":{\"@id\":\"https:\/\/stileuropa.com\/#website\"},\"primaryImageOfPage\":{\"@id\":\"https:\/\/stileuropa.com\/de\/produkt\/kairos-sessel-weiss-design\/#primaryimage\"},\"image\":{\"@id\":\"https:\/\/stileuropa.com\/de\/produkt\/kairos-sessel-weiss-design\/#primaryimage\"},\"thumbnailUrl\":\"https:\/\/stileuropa.com\/wp-content\/uploads\/2024\/10\/SEC000007-1.webp\",\"datePublished\":\"2025-11-18T20:33:54+00:00\",\"dateModified\":\"2025-11-18T22:53:29+00:00\",\"breadcrumb\":{\"@id\":\"https:\/\/stileuropa.com\/de\/produkt\/kairos-sessel-weiss-design\/#breadcrumb\"},\"inLanguage\":\"de\",\"potentialAction\":[{\"@type\":\"ReadAction\",\"target\":[\"https:\/\/stileuropa.com\/de\/produkt\/kairos-sessel-weiss-design\/\"]}]},{\"@type\":\"ImageObject\",\"inLanguage\":\"de\",\"@id\":\"https:\/\/stileuropa.com\/de\/produkt\/kairos-sessel-weiss-design\/#primaryimage\",\"url\":\"https:\/\/stileuropa.com\/wp-content\/uploads\/2024\/10\/SEC000007-1.webp\",\"contentUrl\":\"https:\/\/stileuropa.com\/wp-content\/uploads\/2024\/10\/SEC000007-1.webp\",\"width\":1203,\"height\":1600},{\"@type\":\"BreadcrumbList\",\"@id\":\"https:\/\/stileuropa.com\/de\/produkt\/kairos-sessel-weiss-design\/#breadcrumb\",\"itemListElement\":[{\"@type\":\"ListItem\",\"position\":1,\"name\":\"Home\",\"item\":\"https:\/\/stileuropa.com\/\"},{\"@type\":\"ListItem\",\"position\":2,\"name\":\"Shop\",\"item\":\"https:\/\/stileuropa.com\/de\/shop\/\"},{\"@type\":\"ListItem\",\"position\":3,\"name\":\"Kairos Sessel, Wei\u00df Design\"}]},{\"@type\":\"WebSite\",\"@id\":\"https:\/\/stileuropa.com\/#website\",\"url\":\"https:\/\/stileuropa.com\/\",\"name\":\"StilEuropa\",\"description\":\"\",\"publisher\":{\"@id\":\"https:\/\/stileuropa.com\/#organization\"},\"potentialAction\":[{\"@type\":\"SearchAction\",\"target\":{\"@type\":\"EntryPoint\",\"urlTemplate\":\"https:\/\/stileuropa.com\/?s={search_term_string}\"},\"query-input\":{\"@type\":\"PropertyValueSpecification\",\"valueRequired\":true,\"valueName\":\"search_term_string\"}}],\"inLanguage\":\"de\"},{\"@type\":\"Organization\",\"@id\":\"https:\/\/stileuropa.com\/#organization\",\"name\":\"StilEuropa\",\"url\":\"https:\/\/stileuropa.com\/\",\"logo\":{\"@type\":\"ImageObject\",\"inLanguage\":\"de\",\"@id\":\"https:\/\/stileuropa.com\/#\/schema\/logo\/image\/\",\"url\":\"https:\/\/stileuropa.com\/wp-content\/uploads\/2024\/08\/styleuropa-logo-black.webp\",\"contentUrl\":\"https:\/\/stileuropa.com\/wp-content\/uploads\/2024\/08\/styleuropa-logo-black.webp\",\"width\":501,\"height\":53,\"caption\":\"StilEuropa\"},\"image\":{\"@id\":\"https:\/\/stileuropa.com\/#\/schema\/logo\/image\/\"}}]}<\/script>\n<!-- \/ Yoast SEO plugin. -->","yoast_head_json":{"title":"Kairos Sessel, Wei\u00df Design - StilEuropa","robots":{"index":"index","follow":"follow","max-snippet":"max-snippet:-1","max-image-preview":"max-image-preview:large","max-video-preview":"max-video-preview:-1"},"canonical":"https:\/\/stileuropa.com\/de\/produkt\/kairos-sessel-weiss-design\/","og_locale":"de_DE","og_type":"article","og_title":"Kairos Sessel, Wei\u00df Design - StilEuropa","og_description":"Die luxuri\u00f6sen Produkte von Stileuropa vereinen Komfort und \u00c4sthetik und bereichern Ihre modernen Wohnr\u00e4ume. Unsere Produkte werden auf Bestellung gefertigt und innerhalb von 3-5 Wochen mit kostenlosem Versand und Montage direkt zu Ihnen nach Hause geliefert.","og_url":"https:\/\/stileuropa.com\/de\/produkt\/kairos-sessel-weiss-design\/","og_site_name":"StilEuropa","article_modified_time":"2025-11-18T22:53:29+00:00","og_image":[{"width":1203,"height":1600,"url":"https:\/\/stileuropa.com\/wp-content\/uploads\/2024\/10\/SEC000007-1.webp","type":"image\/webp"}],"twitter_card":"summary_large_image","schema":{"@context":"https:\/\/schema.org","@graph":[{"@type":"WebPage","@id":"https:\/\/stileuropa.com\/de\/produkt\/kairos-sessel-weiss-design\/","url":"https:\/\/stileuropa.com\/de\/produkt\/kairos-sessel-weiss-design\/","name":"Kairos Sessel, Wei\u00df Design - StilEuropa","isPartOf":{"@id":"https:\/\/stileuropa.com\/#website"},"primaryImageOfPage":{"@id":"https:\/\/stileuropa.com\/de\/produkt\/kairos-sessel-weiss-design\/#primaryimage"},"image":{"@id":"https:\/\/stileuropa.com\/de\/produkt\/kairos-sessel-weiss-design\/#primaryimage"},"thumbnailUrl":"https:\/\/stileuropa.com\/wp-content\/uploads\/2024\/10\/SEC000007-1.webp","datePublished":"2025-11-18T20:33:54+00:00","dateModified":"2025-11-18T22:53:29+00:00","breadcrumb":{"@id":"https:\/\/stileuropa.com\/de\/produkt\/kairos-sessel-weiss-design\/#breadcrumb"},"inLanguage":"de","potentialAction":[{"@type":"ReadAction","target":["https:\/\/stileuropa.com\/de\/produkt\/kairos-sessel-weiss-design\/"]}]},{"@type":"ImageObject","inLanguage":"de","@id":"https:\/\/stileuropa.com\/de\/produkt\/kairos-sessel-weiss-design\/#primaryimage","url":"https:\/\/stileuropa.com\/wp-content\/uploads\/2024\/10\/SEC000007-1.webp","contentUrl":"https:\/\/stileuropa.com\/wp-content\/uploads\/2024\/10\/SEC000007-1.webp","width":1203,"height":1600},{"@type":"BreadcrumbList","@id":"https:\/\/stileuropa.com\/de\/produkt\/kairos-sessel-weiss-design\/#breadcrumb","itemListElement":[{"@type":"ListItem","position":1,"name":"Home","item":"https:\/\/stileuropa.com\/"},{"@type":"ListItem","position":2,"name":"Shop","item":"https:\/\/stileuropa.com\/de\/shop\/"},{"@type":"ListItem","position":3,"name":"Kairos Sessel, Wei\u00df Design"}]},{"@type":"WebSite","@id":"https:\/\/stileuropa.com\/#website","url":"https:\/\/stileuropa.com\/","name":"StilEuropa","description":"","publisher":{"@id":"https:\/\/stileuropa.com\/#organization"},"potentialAction":[{"@type":"SearchAction","target":{"@type":"EntryPoint","urlTemplate":"https:\/\/stileuropa.com\/?s={search_term_string}"},"query-input":{"@type":"PropertyValueSpecification","valueRequired":true,"valueName":"search_term_string"}}],"inLanguage":"de"},{"@type":"Organization","@id":"https:\/\/stileuropa.com\/#organization","name":"StilEuropa","url":"https:\/\/stileuropa.com\/","logo":{"@type":"ImageObject","inLanguage":"de","@id":"https:\/\/stileuropa.com\/#\/schema\/logo\/image\/","url":"https:\/\/stileuropa.com\/wp-content\/uploads\/2024\/08\/styleuropa-logo-black.webp","contentUrl":"https:\/\/stileuropa.com\/wp-content\/uploads\/2024\/08\/styleuropa-logo-black.webp","width":501,"height":53,"caption":"StilEuropa"},"image":{"@id":"https:\/\/stileuropa.com\/#\/schema\/logo\/image\/"}}]}},"_links":{"self":[{"href":"https:\/\/stileuropa.com\/de\/wp-json\/wp\/v2\/product\/13727","targetHints":{"allow":["GET"]}}],"collection":[{"href":"https:\/\/stileuropa.com\/de\/wp-json\/wp\/v2\/product"}],"about":[{"href":"https:\/\/stileuropa.com\/de\/wp-json\/wp\/v2\/types\/product"}],"replies":[{"embeddable":true,"href":"https:\/\/stileuropa.com\/de\/wp-json\/wp\/v2\/comments?post=13727"}],"wp:featuredmedia":[{"embeddable":true,"href":"https:\/\/stileuropa.com\/de\/wp-json\/wp\/v2\/media\/7849"}],"wp:attachment":[{"href":"https:\/\/stileuropa.com\/de\/wp-json\/wp\/v2\/media?parent=13727"}],"wp:term":[{"taxonomy":"product_brand","embeddable":true,"href":"https:\/\/stileuropa.com\/de\/wp-json\/wp\/v2\/product_brand?post=13727"},{"taxonomy":"product_cat","embeddable":true,"href":"https:\/\/stileuropa.com\/de\/wp-json\/wp\/v2\/product_cat?post=13727"},{"taxonomy":"product_tag","embeddable":true,"href":"https:\/\/stileuropa.com\/de\/wp-json\/wp\/v2\/product_tag?post=13727"}],"curies":[{"name":"wp","href":"https:\/\/api.w.org\/{rel}","templated":true}]}}