{"id":13970,"date":"2024-07-09T04:40:59","date_gmt":"2024-07-09T01:40:59","guid":{"rendered":"https:\/\/stileuropa.com\/zahlung\/"},"modified":"2024-11-21T15:54:58","modified_gmt":"2024-11-21T12:54:58","slug":"zahlung","status":"publish","type":"page","link":"https:\/\/stileuropa.com\/de\/zahlung\/","title":{"rendered":"Zahlung"},"content":{"rendered":"\t\t<div data-elementor-type=\"wp-page\" data-elementor-id=\"13970\" class=\"elementor elementor-13970 elementor-670\" data-elementor-post-type=\"page\">\n\t\t\t\t<div class=\"elementor-element elementor-element-d0c2313 e-flex e-con-boxed e-con e-parent\" data-id=\"d0c2313\" data-element_type=\"container\" data-settings=\"{&quot;background_background&quot;:&quot;classic&quot;}\">\n\t\t\t\t\t<div class=\"e-con-inner\">\n\t\t\t\t<div class=\"elementor-element elementor-element-f09dabe elementor-widget elementor-widget-heading\" data-id=\"f09dabe\" data-element_type=\"widget\" data-widget_type=\"heading.default\">\n\t\t\t\t<div class=\"elementor-widget-container\">\n\t\t\t\t\t<h1 class=\"elementor-heading-title elementor-size-default\">Zahlung<\/h1>\t\t\t\t<\/div>\n\t\t\t\t<\/div>\n\t\t\t\t\t<\/div>\n\t\t\t\t<\/div>\n\t\t<div class=\"elementor-element elementor-element-afc449d e-flex e-con-boxed e-con e-child\" data-id=\"afc449d\" data-element_type=\"container\">\n\t\t\t\t\t<div class=\"e-con-inner\">\n\t\t<div class=\"elementor-element elementor-element-9fb5890 e-con-full e-flex e-con e-child\" data-id=\"9fb5890\" data-element_type=\"container\">\n\t\t\t\t<div class=\"elementor-element elementor-element-fa361c5 elementor-widget elementor-widget-text-editor\" data-id=\"fa361c5\" data-element_type=\"widget\" data-widget_type=\"text-editor.default\">\n\t\t\t\t<div class=\"elementor-widget-container\">\n\t\t\t\t\t\t\t\t\t<p>Bei Stileuropa bem\u00fchen wir uns, Ihr Einkaufserlebnis so reibungslos und sicher wie m\u00f6glich zu gestalten. Diese Zahlungsrichtlinie beschreibt die akzeptierten Zahlungsmethoden, die Zahlungsabwicklung und die damit verbundenen Bedingungen f\u00fcr Eink\u00e4ufe auf unserer Website <a href=\"http:\/\/www.stileuropa.com\" target=\"_new\" rel=\"noreferrer\">stileuropa.com<\/a>. <\/p>\n\t\t\t\t\t\t\t\t<\/div>\n\t\t\t\t<\/div>\n\t\t\t\t<div class=\"elementor-element elementor-element-10a15d4 elementor-widget elementor-widget-heading\" data-id=\"10a15d4\" data-element_type=\"widget\" data-widget_type=\"heading.default\">\n\t\t\t\t<div class=\"elementor-widget-container\">\n\t\t\t\t\t<h2 class=\"elementor-heading-title elementor-size-default\"><b>Akzeptierte Zahlungsmethoden<\/b><\/h2>\t\t\t\t<\/div>\n\t\t\t\t<\/div>\n\t\t\t\t<div class=\"elementor-element elementor-element-7040ad3 elementor-widget elementor-widget-text-editor\" data-id=\"7040ad3\" data-element_type=\"widget\" data-widget_type=\"text-editor.default\">\n\t\t\t\t<div class=\"elementor-widget-container\">\n\t\t\t\t\t\t\t\t\t<p>Wir akzeptieren die folgenden Zahlungsmethoden:<\/p>\n<ul>\n<li><strong>Kredit-\/Debitkarten:<\/strong> Visa, MasterCard, American Express und andere g\u00e4ngige Kredit- und Debitkarten.<\/li>\n<li><strong>PayPal:<\/strong> Sichere Bezahlung \u00fcber Ihr PayPal-Konto.<\/li>\n<li><strong>Bank\u00fcberweisungen:<\/strong> Direkte Bank\u00fcberweisungen (Details werden beim Checkout bereitgestellt).<\/li>\n<li><strong>Andere Methoden:<\/strong> Je nach Standort bieten wir m\u00f6glicherweise zus\u00e4tzliche lokale Zahlungsm\u00f6glichkeiten an.<\/li>\n<\/ul>\n\t\t\t\t\t\t\t\t<\/div>\n\t\t\t\t<\/div>\n\t\t\t\t<div class=\"elementor-element elementor-element-e40f070 elementor-widget elementor-widget-heading\" data-id=\"e40f070\" data-element_type=\"widget\" data-widget_type=\"heading.default\">\n\t\t\t\t<div class=\"elementor-widget-container\">\n\t\t\t\t\t<h2 class=\"elementor-heading-title elementor-size-default\"><b>Zahlungsabwicklung<\/b><\/h2>\t\t\t\t<\/div>\n\t\t\t\t<\/div>\n\t\t\t\t<div class=\"elementor-element elementor-element-9927561 elementor-widget elementor-widget-text-editor\" data-id=\"9927561\" data-element_type=\"widget\" data-widget_type=\"text-editor.default\">\n\t\t\t\t<div class=\"elementor-widget-container\">\n\t\t\t\t\t\t\t\t\t<ul>\n<li><strong>Sichere Transaktionen:<\/strong> Alle Transaktionen werden \u00fcber sichere Zahlungsportale verarbeitet, um sicherzustellen, dass Ihre Finanzinformationen gesch\u00fctzt sind.<\/li>\n<li><strong>Sofortige Zahlung:<\/strong> Die Zahlung muss zum Zeitpunkt des Kaufs erfolgen. Bestellungen werden erst bearbeitet, wenn die vollst\u00e4ndige Zahlung eingegangen ist. <\/li>\n<li><strong>W\u00e4hrung: <\/strong>Alle Preise werden in Euro (\u20ac) angegeben. Wenn Sie au\u00dferhalb der Eurozone einkaufen, wird Ihre Zahlung von Ihrem Zahlungsanbieter zum aktuellen Wechselkurs in Euro umgerechnet. <\/li>\n<\/ul>\n\t\t\t\t\t\t\t\t<\/div>\n\t\t\t\t<\/div>\n\t\t\t\t<div class=\"elementor-element elementor-element-70cadc1 elementor-widget elementor-widget-heading\" data-id=\"70cadc1\" data-element_type=\"widget\" data-widget_type=\"heading.default\">\n\t\t\t\t<div class=\"elementor-widget-container\">\n\t\t\t\t\t<h2 class=\"elementor-heading-title elementor-size-default\"><b>Zahlungsbest\u00e4tigung<\/b><\/h2>\t\t\t\t<\/div>\n\t\t\t\t<\/div>\n\t\t\t\t<div class=\"elementor-element elementor-element-e7f79a1 elementor-widget elementor-widget-text-editor\" data-id=\"e7f79a1\" data-element_type=\"widget\" data-widget_type=\"text-editor.default\">\n\t\t\t\t<div class=\"elementor-widget-container\">\n\t\t\t\t\t\t\t\t\t<ul>\n<li>Nach erfolgreicher Verarbeitung Ihrer Zahlung erhalten Sie eine Best\u00e4tigungs-E-Mail mit Ihren Bestelldetails und Ihrer Zahlungsquittung.<\/li>\n<li>Sollte es Probleme mit Ihrer Zahlung geben, wird sich unser Kundenservice mit Ihnen in Verbindung setzen, um das Problem zu l\u00f6sen.<\/li>\n<\/ul>\n\t\t\t\t\t\t\t\t<\/div>\n\t\t\t\t<\/div>\n\t\t\t\t<div class=\"elementor-element elementor-element-5145418 elementor-widget elementor-widget-heading\" data-id=\"5145418\" data-element_type=\"widget\" data-widget_type=\"heading.default\">\n\t\t\t\t<div class=\"elementor-widget-container\">\n\t\t\t\t\t<h2 class=\"elementor-heading-title elementor-size-default\"><b>Zahlungssicherheit<\/b><\/h2>\t\t\t\t<\/div>\n\t\t\t\t<\/div>\n\t\t\t\t<div class=\"elementor-element elementor-element-17f1774 elementor-widget elementor-widget-text-editor\" data-id=\"17f1774\" data-element_type=\"widget\" data-widget_type=\"text-editor.default\">\n\t\t\t\t<div class=\"elementor-widget-container\">\n\t\t\t\t\t\t\t\t\t<ul>\n<li>Wir verwenden branchen\u00fcbliche Verschl\u00fcsselungsprotokolle (SSL\/TLS), um Ihre Zahlungsinformationen w\u00e4hrend der \u00dcbertragung zu sch\u00fctzen.<\/li>\n<li>Unsere Zahlungsportale entsprechen den PCI DSS (Payment Card Industry Data Security Standard), um eine sichere Handhabung von Kredit- und Debitkarteninformationen zu gew\u00e4hrleisten.<\/li>\n<\/ul>\n\t\t\t\t\t\t\t\t<\/div>\n\t\t\t\t<\/div>\n\t\t\t\t<div class=\"elementor-element elementor-element-13f4a4a elementor-widget elementor-widget-heading\" data-id=\"13f4a4a\" data-element_type=\"widget\" data-widget_type=\"heading.default\">\n\t\t\t\t<div class=\"elementor-widget-container\">\n\t\t\t\t\t<h2 class=\"elementor-heading-title elementor-size-default\"><b>Steuern und Abgaben<\/b><\/h2>\t\t\t\t<\/div>\n\t\t\t\t<\/div>\n\t\t\t\t<div class=\"elementor-element elementor-element-29e7385 elementor-widget elementor-widget-text-editor\" data-id=\"29e7385\" data-element_type=\"widget\" data-widget_type=\"text-editor.default\">\n\t\t\t\t<div class=\"elementor-widget-container\">\n\t\t\t\t\t\t\t\t\t<ul>\n<li><strong>Mehrwertsteuer (MwSt.): <\/strong>Alle Preise enthalten die Mehrwertsteuer (MwSt.) zum geltenden Satz.<\/li>\n<li><strong>Zollgeb\u00fchren:<\/strong> F\u00fcr internationale Bestellungen au\u00dferhalb der Eurozone k\u00f6nnen zus\u00e4tzliche Zollgeb\u00fchren, Steuern und Abgaben anfallen, die bei der Lieferung zu entrichten sind. Diese Geb\u00fchren sind nicht im Kaufpreis enthalten und m\u00fcssen vom Empf\u00e4nger bezahlt werden. <\/li>\n<\/ul>\n\t\t\t\t\t\t\t\t<\/div>\n\t\t\t\t<\/div>\n\t\t\t\t<div class=\"elementor-element elementor-element-5e0ac2c elementor-widget elementor-widget-heading\" data-id=\"5e0ac2c\" data-element_type=\"widget\" data-widget_type=\"heading.default\">\n\t\t\t\t<div class=\"elementor-widget-container\">\n\t\t\t\t\t<h2 class=\"elementor-heading-title elementor-size-default\"><b>R\u00fcckerstattungen<\/b><\/h2>\t\t\t\t<\/div>\n\t\t\t\t<\/div>\n\t\t\t\t<div class=\"elementor-element elementor-element-f7032f0 elementor-widget elementor-widget-text-editor\" data-id=\"f7032f0\" data-element_type=\"widget\" data-widget_type=\"text-editor.default\">\n\t\t\t\t<div class=\"elementor-widget-container\">\n\t\t\t\t\t\t\t\t\t<ul><li>R\u00fcckerstattungen werden auf die urspr\u00fcnglich beim Kauf verwendete Zahlungsmethode ausgestellt.<\/li><li>Weitere Informationen finden Sie auf unserer Seite <a href=\"https:\/\/stileuropa.com\/de\/rueckgaben-reklamationen\/\" rel=\"noreferrer\">R\u00fcckgaben &amp; Reklamationen.<\/a><\/li><\/ul>\t\t\t\t\t\t\t\t<\/div>\n\t\t\t\t<\/div>\n\t\t\t\t<div class=\"elementor-element elementor-element-5bcb2de elementor-widget elementor-widget-heading\" data-id=\"5bcb2de\" data-element_type=\"widget\" data-widget_type=\"heading.default\">\n\t\t\t\t<div class=\"elementor-widget-container\">\n\t\t\t\t\t<h2 class=\"elementor-heading-title elementor-size-default\"><b>Zahlungsprobleme<\/b><\/h2>\t\t\t\t<\/div>\n\t\t\t\t<\/div>\n\t\t\t\t<div class=\"elementor-element elementor-element-c6b9f42 elementor-widget elementor-widget-text-editor\" data-id=\"c6b9f42\" data-element_type=\"widget\" data-widget_type=\"text-editor.default\">\n\t\t\t\t<div class=\"elementor-widget-container\">\n\t\t\t\t\t\t\t\t\t<ul><li>Wenn Sie Probleme mit Ihrer Zahlung haben, kontaktieren Sie bitte unser Kundenserviceteam unter <a href=\"mailto:info@stileuropa.com\">info@stileuropa.com<\/a>.<\/li><li>H\u00e4ufige Probleme k\u00f6nnen abgelehnte Transaktionen, falsche Rechnungsinformationen oder Fehler im Zahlungsportal umfassen.<\/li><\/ul>\t\t\t\t\t\t\t\t<\/div>\n\t\t\t\t<\/div>\n\t\t\t\t<div class=\"elementor-element elementor-element-7b2542b elementor-widget elementor-widget-heading\" data-id=\"7b2542b\" data-element_type=\"widget\" data-widget_type=\"heading.default\">\n\t\t\t\t<div class=\"elementor-widget-container\">\n\t\t\t\t\t<h2 class=\"elementor-heading-title elementor-size-default\"><b>Betrugspr\u00e4vention<\/b><\/h2>\t\t\t\t<\/div>\n\t\t\t\t<\/div>\n\t\t\t\t<div class=\"elementor-element elementor-element-468d4df elementor-widget elementor-widget-text-editor\" data-id=\"468d4df\" data-element_type=\"widget\" data-widget_type=\"text-editor.default\">\n\t\t\t\t<div class=\"elementor-widget-container\">\n\t\t\t\t\t\t\t\t\t<p>Wir behalten uns das Recht vor, jede Bestellung zu stornieren, wenn ein Betrugsverdacht besteht. In solchen F\u00e4llen werden wir Sie kontaktieren, um Ihre Informationen zu \u00fcberpr\u00fcfen, bevor die Bestellung bearbeitet wird. <\/p>\n\t\t\t\t\t\t\t\t<\/div>\n\t\t\t\t<\/div>\n\t\t\t\t<div class=\"elementor-element elementor-element-a91a6f8 elementor-widget elementor-widget-heading\" data-id=\"a91a6f8\" data-element_type=\"widget\" data-widget_type=\"heading.default\">\n\t\t\t\t<div class=\"elementor-widget-container\">\n\t\t\t\t\t<h2 class=\"elementor-heading-title elementor-size-default\"><b>Kontaktieren Sie uns<\/b><\/h2>\t\t\t\t<\/div>\n\t\t\t\t<\/div>\n\t\t\t\t<div class=\"elementor-element elementor-element-c3505ef elementor-widget elementor-widget-text-editor\" data-id=\"c3505ef\" data-element_type=\"widget\" data-widget_type=\"text-editor.default\">\n\t\t\t\t<div class=\"elementor-widget-container\">\n\t\t\t\t\t\t\t\t\t<p>Wenn Sie Fragen oder Bedenken bez\u00fcglich unserer Zahlungsrichtlinie haben, kontaktieren Sie uns bitte unter:<\/p><p><a href=\"mailto:info@stileuropa.com\">info@stileuropa.com<\/a><\/p><p><a href=\"https:\/\/api.whatsapp.com\/send?phone=359895078348\"><span class=\"elementor-icon-list-text\">Whatsapp-Supportlinie<\/span><\/a><\/p>\t\t\t\t\t\t\t\t<\/div>\n\t\t\t\t<\/div>\n\t\t\t\t<\/div>\n\t\t\t\t\t<\/div>\n\t\t\t\t<\/div>\n\t\t\t\t<\/div>\n\t\t","protected":false},"excerpt":{"rendered":"<p>Zahlung Bei Stileuropa bem\u00fchen wir uns, Ihr Einkaufserlebnis so reibungslos und sicher wie m\u00f6glich zu gestalten. Diese Zahlungsrichtlinie beschreibt die akzeptierten Zahlungsmethoden, die Zahlungsabwicklung und die damit verbundenen Bedingungen f\u00fcr Eink\u00e4ufe auf unserer Website stileuropa.com. Akzeptierte Zahlungsmethoden Wir akzeptieren die folgenden Zahlungsmethoden: Kredit-\/Debitkarten: Visa, MasterCard, American Express und andere g\u00e4ngige Kredit- und Debitkarten. PayPal: Sichere [&hellip;]<\/p>\n","protected":false},"author":1,"featured_media":0,"parent":0,"menu_order":0,"comment_status":"closed","ping_status":"closed","template":"","meta":{"footnotes":""},"class_list":["post-13970","page","type-page","status-publish","hentry"],"yoast_head":"<!-- This site is optimized with the Yoast SEO plugin v24.9 - https:\/\/yoast.com\/wordpress\/plugins\/seo\/ -->\n<title>Zahlung - StilEuropa<\/title>\n<meta name=\"description\" content=\"Zahlung - Bei Stileuropa bem\u00fchen wir uns, Ihr Einkaufserlebnis so reibungslos und sicher wie m\u00f6glich zu gestalten. Diese Zahlungsrichtlinie beschreibt die akzeptierten Zahlungsmethoden, die Zahlungsabwicklung und die damit verbundenen Bedingungen f\u00fcr Eink\u00e4ufe auf unserer Website.\" \/>\n<meta name=\"robots\" content=\"index, follow, max-snippet:-1, max-image-preview:large, max-video-preview:-1\" \/>\n<link rel=\"canonical\" href=\"https:\/\/stileuropa.com\/payment\/\" \/>\n<meta property=\"og:locale\" content=\"de_DE\" \/>\n<meta property=\"og:type\" content=\"article\" \/>\n<meta property=\"og:title\" content=\"Zahlung - StilEuropa\" \/>\n<meta property=\"og:description\" content=\"Zahlung - Bei Stileuropa bem\u00fchen wir uns, Ihr Einkaufserlebnis so reibungslos und sicher wie m\u00f6glich zu gestalten. Diese Zahlungsrichtlinie beschreibt die akzeptierten Zahlungsmethoden, die Zahlungsabwicklung und die damit verbundenen Bedingungen f\u00fcr Eink\u00e4ufe auf unserer Website.\" \/>\n<meta property=\"og:url\" content=\"https:\/\/stileuropa.com\/payment\/\" \/>\n<meta property=\"og:site_name\" content=\"StilEuropa\" \/>\n<meta property=\"article:modified_time\" content=\"2024-11-21T12:54:58+00:00\" \/>\n<meta name=\"twitter:card\" content=\"summary_large_image\" \/>\n<meta name=\"twitter:label1\" content=\"Gesch\u00e4tzte Lesezeit\" \/>\n\t<meta name=\"twitter:data1\" content=\"3\u00a0Minuten\" \/>\n<script type=\"application\/ld+json\" class=\"yoast-schema-graph\">{\"@context\":\"https:\/\/schema.org\",\"@graph\":[{\"@type\":\"WebPage\",\"@id\":\"https:\/\/stileuropa.com\/payment\/\",\"url\":\"https:\/\/stileuropa.com\/payment\/\",\"name\":\"Zahlung - StilEuropa\",\"isPartOf\":{\"@id\":\"https:\/\/stileuropa.com\/#website\"},\"datePublished\":\"2024-07-09T01:40:59+00:00\",\"dateModified\":\"2024-11-21T12:54:58+00:00\",\"description\":\"Zahlung - Bei Stileuropa bem\u00fchen wir uns, Ihr Einkaufserlebnis so reibungslos und sicher wie m\u00f6glich zu gestalten. Diese Zahlungsrichtlinie beschreibt die akzeptierten Zahlungsmethoden, die Zahlungsabwicklung und die damit verbundenen Bedingungen f\u00fcr Eink\u00e4ufe auf unserer Website.\",\"breadcrumb\":{\"@id\":\"https:\/\/stileuropa.com\/payment\/#breadcrumb\"},\"inLanguage\":\"de\",\"potentialAction\":[{\"@type\":\"ReadAction\",\"target\":[\"https:\/\/stileuropa.com\/payment\/\"]}]},{\"@type\":\"BreadcrumbList\",\"@id\":\"https:\/\/stileuropa.com\/payment\/#breadcrumb\",\"itemListElement\":[{\"@type\":\"ListItem\",\"position\":1,\"name\":\"Home\",\"item\":\"https:\/\/stileuropa.com\/\"},{\"@type\":\"ListItem\",\"position\":2,\"name\":\"Zahlung\"}]},{\"@type\":\"WebSite\",\"@id\":\"https:\/\/stileuropa.com\/#website\",\"url\":\"https:\/\/stileuropa.com\/\",\"name\":\"StilEuropa\",\"description\":\"\",\"publisher\":{\"@id\":\"https:\/\/stileuropa.com\/#organization\"},\"potentialAction\":[{\"@type\":\"SearchAction\",\"target\":{\"@type\":\"EntryPoint\",\"urlTemplate\":\"https:\/\/stileuropa.com\/?s={search_term_string}\"},\"query-input\":{\"@type\":\"PropertyValueSpecification\",\"valueRequired\":true,\"valueName\":\"search_term_string\"}}],\"inLanguage\":\"de\"},{\"@type\":\"Organization\",\"@id\":\"https:\/\/stileuropa.com\/#organization\",\"name\":\"StilEuropa\",\"url\":\"https:\/\/stileuropa.com\/\",\"logo\":{\"@type\":\"ImageObject\",\"inLanguage\":\"de\",\"@id\":\"https:\/\/stileuropa.com\/#\/schema\/logo\/image\/\",\"url\":\"https:\/\/stileuropa.com\/wp-content\/uploads\/2024\/08\/styleuropa-logo-black.webp\",\"contentUrl\":\"https:\/\/stileuropa.com\/wp-content\/uploads\/2024\/08\/styleuropa-logo-black.webp\",\"width\":501,\"height\":53,\"caption\":\"StilEuropa\"},\"image\":{\"@id\":\"https:\/\/stileuropa.com\/#\/schema\/logo\/image\/\"}}]}<\/script>\n<!-- \/ Yoast SEO plugin. -->","yoast_head_json":{"title":"Zahlung - StilEuropa","description":"Zahlung - Bei Stileuropa bem\u00fchen wir uns, Ihr Einkaufserlebnis so reibungslos und sicher wie m\u00f6glich zu gestalten. Diese Zahlungsrichtlinie beschreibt die akzeptierten Zahlungsmethoden, die Zahlungsabwicklung und die damit verbundenen Bedingungen f\u00fcr Eink\u00e4ufe auf unserer Website.","robots":{"index":"index","follow":"follow","max-snippet":"max-snippet:-1","max-image-preview":"max-image-preview:large","max-video-preview":"max-video-preview:-1"},"canonical":"https:\/\/stileuropa.com\/payment\/","og_locale":"de_DE","og_type":"article","og_title":"Zahlung - StilEuropa","og_description":"Zahlung - Bei Stileuropa bem\u00fchen wir uns, Ihr Einkaufserlebnis so reibungslos und sicher wie m\u00f6glich zu gestalten. Diese Zahlungsrichtlinie beschreibt die akzeptierten Zahlungsmethoden, die Zahlungsabwicklung und die damit verbundenen Bedingungen f\u00fcr Eink\u00e4ufe auf unserer Website.","og_url":"https:\/\/stileuropa.com\/payment\/","og_site_name":"StilEuropa","article_modified_time":"2024-11-21T12:54:58+00:00","twitter_card":"summary_large_image","twitter_misc":{"Gesch\u00e4tzte Lesezeit":"3\u00a0Minuten"},"schema":{"@context":"https:\/\/schema.org","@graph":[{"@type":"WebPage","@id":"https:\/\/stileuropa.com\/payment\/","url":"https:\/\/stileuropa.com\/payment\/","name":"Zahlung - StilEuropa","isPartOf":{"@id":"https:\/\/stileuropa.com\/#website"},"datePublished":"2024-07-09T01:40:59+00:00","dateModified":"2024-11-21T12:54:58+00:00","description":"Zahlung - Bei Stileuropa bem\u00fchen wir uns, Ihr Einkaufserlebnis so reibungslos und sicher wie m\u00f6glich zu gestalten. Diese Zahlungsrichtlinie beschreibt die akzeptierten Zahlungsmethoden, die Zahlungsabwicklung und die damit verbundenen Bedingungen f\u00fcr Eink\u00e4ufe auf unserer Website.","breadcrumb":{"@id":"https:\/\/stileuropa.com\/payment\/#breadcrumb"},"inLanguage":"de","potentialAction":[{"@type":"ReadAction","target":["https:\/\/stileuropa.com\/payment\/"]}]},{"@type":"BreadcrumbList","@id":"https:\/\/stileuropa.com\/payment\/#breadcrumb","itemListElement":[{"@type":"ListItem","position":1,"name":"Home","item":"https:\/\/stileuropa.com\/"},{"@type":"ListItem","position":2,"name":"Zahlung"}]},{"@type":"WebSite","@id":"https:\/\/stileuropa.com\/#website","url":"https:\/\/stileuropa.com\/","name":"StilEuropa","description":"","publisher":{"@id":"https:\/\/stileuropa.com\/#organization"},"potentialAction":[{"@type":"SearchAction","target":{"@type":"EntryPoint","urlTemplate":"https:\/\/stileuropa.com\/?s={search_term_string}"},"query-input":{"@type":"PropertyValueSpecification","valueRequired":true,"valueName":"search_term_string"}}],"inLanguage":"de"},{"@type":"Organization","@id":"https:\/\/stileuropa.com\/#organization","name":"StilEuropa","url":"https:\/\/stileuropa.com\/","logo":{"@type":"ImageObject","inLanguage":"de","@id":"https:\/\/stileuropa.com\/#\/schema\/logo\/image\/","url":"https:\/\/stileuropa.com\/wp-content\/uploads\/2024\/08\/styleuropa-logo-black.webp","contentUrl":"https:\/\/stileuropa.com\/wp-content\/uploads\/2024\/08\/styleuropa-logo-black.webp","width":501,"height":53,"caption":"StilEuropa"},"image":{"@id":"https:\/\/stileuropa.com\/#\/schema\/logo\/image\/"}}]}},"_links":{"self":[{"href":"https:\/\/stileuropa.com\/de\/wp-json\/wp\/v2\/pages\/13970","targetHints":{"allow":["GET"]}}],"collection":[{"href":"https:\/\/stileuropa.com\/de\/wp-json\/wp\/v2\/pages"}],"about":[{"href":"https:\/\/stileuropa.com\/de\/wp-json\/wp\/v2\/types\/page"}],"author":[{"embeddable":true,"href":"https:\/\/stileuropa.com\/de\/wp-json\/wp\/v2\/users\/1"}],"replies":[{"embeddable":true,"href":"https:\/\/stileuropa.com\/de\/wp-json\/wp\/v2\/comments?post=13970"}],"version-history":[{"count":0,"href":"https:\/\/stileuropa.com\/de\/wp-json\/wp\/v2\/pages\/13970\/revisions"}],"wp:attachment":[{"href":"https:\/\/stileuropa.com\/de\/wp-json\/wp\/v2\/media?parent=13970"}],"curies":[{"name":"wp","href":"https:\/\/api.w.org\/{rel}","templated":true}]}}