{"id":13889,"date":"2024-07-09T04:02:53","date_gmt":"2024-07-09T01:02:53","guid":{"rendered":"https:\/\/stileuropa.com\/allgemeine-geschaeftsbedingungen\/"},"modified":"2025-01-07T19:04:24","modified_gmt":"2025-01-07T16:04:24","slug":"allgemeine-geschaeftsbedingungen","status":"publish","type":"page","link":"https:\/\/stileuropa.com\/de\/allgemeine-geschaeftsbedingungen\/","title":{"rendered":"Allgemeine Gesch\u00e4ftsbedingungen"},"content":{"rendered":"\t\t<div data-elementor-type=\"wp-page\" data-elementor-id=\"13889\" class=\"elementor elementor-13889 elementor-647\" data-elementor-post-type=\"page\">\n\t\t\t\t<div class=\"elementor-element elementor-element-c9e0e90 e-flex e-con-boxed e-con e-parent\" data-id=\"c9e0e90\" data-element_type=\"container\" data-settings=\"{&quot;background_background&quot;:&quot;classic&quot;}\">\n\t\t\t\t\t<div class=\"e-con-inner\">\n\t\t\t\t<div class=\"elementor-element elementor-element-4d0ca34 elementor-widget elementor-widget-heading\" data-id=\"4d0ca34\" data-element_type=\"widget\" data-widget_type=\"heading.default\">\n\t\t\t\t<div class=\"elementor-widget-container\">\n\t\t\t\t\t<h1 class=\"elementor-heading-title elementor-size-default\">Allgemeine Gesch\u00e4ftsbedingungen<\/h1>\t\t\t\t<\/div>\n\t\t\t\t<\/div>\n\t\t\t\t\t<\/div>\n\t\t\t\t<\/div>\n\t\t<div class=\"elementor-element elementor-element-d57af48 e-flex e-con-boxed e-con e-child\" data-id=\"d57af48\" data-element_type=\"container\">\n\t\t\t\t\t<div class=\"e-con-inner\">\n\t\t<div class=\"elementor-element elementor-element-202f445 e-con-full e-flex e-con e-child\" data-id=\"202f445\" data-element_type=\"container\">\n\t\t\t\t<div class=\"elementor-element elementor-element-3863ac2 elementor-widget elementor-widget-text-editor\" data-id=\"3863ac2\" data-element_type=\"widget\" data-widget_type=\"text-editor.default\">\n\t\t\t\t<div class=\"elementor-widget-container\">\n\t\t\t\t\t\t\t\t\t<p>Diese Allgemeinen Gesch\u00e4ftsbedingungen (AGB) regeln Ihre Nutzung unserer Website <a href=\"http:\/\/www.stileuropa.com\" target=\"_new\" rel=\"noreferrer\">stileuropa.com<\/a> und den Kauf von Produkten auf unserer Website. Mit dem Zugriff auf unsere Website oder deren Nutzung erkl\u00e4ren Sie sich mit diesen Bedingungen einverstanden.<\/p>\t\t\t\t\t\t\t\t<\/div>\n\t\t\t\t<\/div>\n\t\t\t\t<div class=\"elementor-element elementor-element-cf6f71f elementor-widget elementor-widget-heading\" data-id=\"cf6f71f\" data-element_type=\"widget\" data-widget_type=\"heading.default\">\n\t\t\t\t<div class=\"elementor-widget-container\">\n\t\t\t\t\t<h2 class=\"elementor-heading-title elementor-size-default\">Allgemeine Gesch\u00e4ftsbedingungen<\/h2>\t\t\t\t<\/div>\n\t\t\t\t<\/div>\n\t\t\t\t<div class=\"elementor-element elementor-element-7f12d16 elementor-widget elementor-widget-text-editor\" data-id=\"7f12d16\" data-element_type=\"widget\" data-widget_type=\"text-editor.default\">\n\t\t\t\t<div class=\"elementor-widget-container\">\n\t\t\t\t\t\t\t\t\t<ul>\n<li>Mit der Bestellung bei Stileuropa erkl\u00e4ren Sie sich mit diesen Allgemeinen Gesch\u00e4ftsbedingungen einverstanden.<\/li>\n<li>Sie m\u00fcssen mindestens 18 Jahre alt sein, um eine Bestellung auf unserer Website aufzugeben.<\/li>\n<li>Alle an uns \u00fcbermittelten pers\u00f6nlichen Daten m\u00fcssen korrekt, vollst\u00e4ndig und aktuell sein.<\/li>\n<\/ul>\n\t\t\t\t\t\t\t\t<\/div>\n\t\t\t\t<\/div>\n\t\t\t\t<div class=\"elementor-element elementor-element-6c60b5b elementor-widget elementor-widget-heading\" data-id=\"6c60b5b\" data-element_type=\"widget\" data-widget_type=\"heading.default\">\n\t\t\t\t<div class=\"elementor-widget-container\">\n\t\t\t\t\t<h2 class=\"elementor-heading-title elementor-size-default\">Bestellungen und Annahme\n<\/h2>\t\t\t\t<\/div>\n\t\t\t\t<\/div>\n\t\t\t\t<div class=\"elementor-element elementor-element-a961117 elementor-widget elementor-widget-text-editor\" data-id=\"a961117\" data-element_type=\"widget\" data-widget_type=\"text-editor.default\">\n\t\t\t\t<div class=\"elementor-widget-container\">\n\t\t\t\t\t\t\t\t\t<ul>\n<li>Alle Bestellungen unterliegen der Annahme und Verf\u00fcgbarkeit. Wir behalten uns das Recht vor, jede an uns gerichtete Bestellung abzulehnen. <\/li>\n<li>Sobald Sie Ihre Bestellung aufgegeben haben, erhalten Sie eine E-Mail-Best\u00e4tigung. Diese Best\u00e4tigung bedeutet nicht, dass wir Ihre Bestellung angenommen haben; es handelt sich lediglich um eine Best\u00e4tigung, dass wir Ihre Bestellung erhalten haben. <\/li>\n<li>Wir behalten uns das Recht vor, jede Bestellung nach eigenem Ermessen zu stornieren oder abzulehnen, einschlie\u00dflich, aber nicht beschr\u00e4nkt auf Bestellungen, die von H\u00e4ndlern, Wiederverk\u00e4ufern oder nicht autorisierten Parteien aufgegeben zu werden scheinen.<\/li>\n<\/ul>\n\t\t\t\t\t\t\t\t<\/div>\n\t\t\t\t<\/div>\n\t\t\t\t<div class=\"elementor-element elementor-element-b4ba8ce elementor-widget elementor-widget-heading\" data-id=\"b4ba8ce\" data-element_type=\"widget\" data-widget_type=\"heading.default\">\n\t\t\t\t<div class=\"elementor-widget-container\">\n\t\t\t\t\t<h2 class=\"elementor-heading-title elementor-size-default\">Preise und Zahlung\n<\/h2>\t\t\t\t<\/div>\n\t\t\t\t<\/div>\n\t\t\t\t<div class=\"elementor-element elementor-element-c935a1a elementor-widget elementor-widget-text-editor\" data-id=\"c935a1a\" data-element_type=\"widget\" data-widget_type=\"text-editor.default\">\n\t\t\t\t<div class=\"elementor-widget-container\">\n\t\t\t\t\t\t\t\t\t<ul><li>Alle Preise auf unserer Website verstehen sich inklusive Mehrwertsteuer und anderer anfallender Steuern.<\/li><li>Wir akzeptieren verschiedene Zahlungsmethoden, einschlie\u00dflich Kredit-\/Debitkarten und PayPal. Die Zahlung muss vollst\u00e4ndig vor dem Versand Ihrer Bestellung erfolgen.<\/li><li>Wir bem\u00fchen uns, sicherzustellen, dass alle Preise auf unserer Website korrekt sind. Es k\u00f6nnen jedoch Fehler auftreten. Sollten wir einen Fehler im Preis der von Ihnen bestellten Produkte feststellen, werden wir Sie so schnell wie m\u00f6glich informieren und Ihnen die M\u00f6glichkeit geben, Ihre Bestellung zum korrekten Preis zu best\u00e4tigen oder zu stornieren.<\/li><\/ul><p>Weitere Informationen finden Sie auf unserer <a href=\"https:\/\/stileuropa.com\/de\/zahlung\" rel=\"noreferrer\">Zahlung<\/a>.<\/p>\t\t\t\t\t\t\t\t<\/div>\n\t\t\t\t<\/div>\n\t\t\t\t<div class=\"elementor-element elementor-element-2014d58 elementor-widget elementor-widget-heading\" data-id=\"2014d58\" data-element_type=\"widget\" data-widget_type=\"heading.default\">\n\t\t\t\t<div class=\"elementor-widget-container\">\n\t\t\t\t\t<h2 class=\"elementor-heading-title elementor-size-default\">Lieferung\n<\/h2>\t\t\t\t<\/div>\n\t\t\t\t<\/div>\n\t\t\t\t<div class=\"elementor-element elementor-element-8ba376c elementor-widget elementor-widget-text-editor\" data-id=\"8ba376c\" data-element_type=\"widget\" data-widget_type=\"text-editor.default\">\n\t\t\t\t<div class=\"elementor-widget-container\">\n\t\t\t\t\t\t\t\t\t<ul><li>Wir bieten Liefer- und Montageservices in sechs L\u00e4ndern der Eurozone an: Deutschland, \u00d6sterreich, Belgien, Tschechien, die Niederlande und Rum\u00e4nien.<\/li><li>Die Lieferzeiten variieren je nach Zielort und Produktverf\u00fcgbarkeit. Bei Eink\u00e4ufen ab \u20ac1.000 sind Lieferung und Montage im Rahmen der Aktion kostenlos. Bei Eink\u00e4ufen unter \u20ac1.000<b>\u00a0<\/b>wird eine Liefer- und Montagegeb\u00fchr von \u20ac300<b>\u00a0<\/b>erhoben.<\/li><\/ul><p>Weitere Informationen finden Sie auf unserer<a href=\"https:\/\/stileuropa.com\/de\/versand-lieferung\/\" rel=\"noreferrer\"> Versand &amp; Lieferung.<\/a><\/p>\t\t\t\t\t\t\t\t<\/div>\n\t\t\t\t<\/div>\n\t\t\t\t<div class=\"elementor-element elementor-element-68b0702 elementor-widget elementor-widget-heading\" data-id=\"68b0702\" data-element_type=\"widget\" data-widget_type=\"heading.default\">\n\t\t\t\t<div class=\"elementor-widget-container\">\n\t\t\t\t\t<h2 class=\"elementor-heading-title elementor-size-default\">R\u00fccksendungen und R\u00fcckerstattungen<\/h2>\t\t\t\t<\/div>\n\t\t\t\t<\/div>\n\t\t\t\t<div class=\"elementor-element elementor-element-d2fac8e elementor-widget elementor-widget-text-editor\" data-id=\"d2fac8e\" data-element_type=\"widget\" data-widget_type=\"text-editor.default\">\n\t\t\t\t<div class=\"elementor-widget-container\">\n\t\t\t\t\t\t\t\t\t<p>Wenn Sie mit dem erhaltenen Produkt nicht zufrieden sind, k\u00f6nnen Sie es innerhalb von 7 Tagen nach Erhalt f\u00fcr eine vollst\u00e4ndige R\u00fcckerstattung zur\u00fccksenden, vorausgesetzt, es befindet sich im Originalzustand und in der Originalverpackung. Um eine R\u00fccksendung einzuleiten, kontaktieren Sie bitte unser Kundenservice-Team unter <a href=\"mailto:info@stileuropa.com\">info@stileuropa.com<\/a> mit Ihren Bestelldaten.<\/p><p>F\u00fcr weitere Informationen besuchen Sie bitte unsere Seite &#8220;<a href=\"https:\/\/stileuropa.com\/de\/rueckgaben-reklamationen\/\" rel=\"noreferrer\">R\u00fcckgaben &amp; Reklamationen&#8221;<\/a>.<\/p>\t\t\t\t\t\t\t\t<\/div>\n\t\t\t\t<\/div>\n\t\t\t\t<div class=\"elementor-element elementor-element-20e99a4 elementor-widget elementor-widget-heading\" data-id=\"20e99a4\" data-element_type=\"widget\" data-widget_type=\"heading.default\">\n\t\t\t\t<div class=\"elementor-widget-container\">\n\t\t\t\t\t<h2 class=\"elementor-heading-title elementor-size-default\">Garantie<\/h2>\t\t\t\t<\/div>\n\t\t\t\t<\/div>\n\t\t\t\t<div class=\"elementor-element elementor-element-6f3db4e elementor-widget elementor-widget-text-editor\" data-id=\"6f3db4e\" data-element_type=\"widget\" data-widget_type=\"text-editor.default\">\n\t\t\t\t<div class=\"elementor-widget-container\">\n\t\t\t\t\t\t\t\t\t<p>Unsere Produkte werden mit einer Standardgarantie von zwei Jahren gegen Herstellungsfehler geliefert. Die Garantiebedingungen k\u00f6nnen je nach Produkt variieren.<\/p><p>F\u00fcr weitere Informationen besuchen Sie bitte unsere <a href=\"https:\/\/stileuropa.com\/de\/garantie\/\" rel=\"noreferrer\">Garantie<\/a>.<\/p>\t\t\t\t\t\t\t\t<\/div>\n\t\t\t\t<\/div>\n\t\t\t\t<div class=\"elementor-element elementor-element-e787476 elementor-widget elementor-widget-heading\" data-id=\"e787476\" data-element_type=\"widget\" data-widget_type=\"heading.default\">\n\t\t\t\t<div class=\"elementor-widget-container\">\n\t\t\t\t\t<h2 class=\"elementor-heading-title elementor-size-default\">H\u00e4ufig gestellte Fragen (FAQ)<\/h2>\t\t\t\t<\/div>\n\t\t\t\t<\/div>\n\t\t\t\t<div class=\"elementor-element elementor-element-56ed821 elementor-widget elementor-widget-text-editor\" data-id=\"56ed821\" data-element_type=\"widget\" data-widget_type=\"text-editor.default\">\n\t\t\t\t<div class=\"elementor-widget-container\">\n\t\t\t\t\t\t\t\t\t<p>F\u00fcr h\u00e4ufig gestellte Fragen zu unseren Produkten und Dienstleistungen besuchen Sie bitte unsere <a href=\"https:\/\/stileuropa.com\/de\/haeufige-fragen\/\" rel=\"noreferrer\">H\u00e4ufige Fragen<\/a>.<\/p>\t\t\t\t\t\t\t\t<\/div>\n\t\t\t\t<\/div>\n\t\t\t\t<div class=\"elementor-element elementor-element-e640d3d elementor-widget elementor-widget-heading\" data-id=\"e640d3d\" data-element_type=\"widget\" data-widget_type=\"heading.default\">\n\t\t\t\t<div class=\"elementor-widget-container\">\n\t\t\t\t\t<h2 class=\"elementor-heading-title elementor-size-default\">Haftung<\/h2>\t\t\t\t<\/div>\n\t\t\t\t<\/div>\n\t\t\t\t<div class=\"elementor-element elementor-element-ef92b9a elementor-widget elementor-widget-text-editor\" data-id=\"ef92b9a\" data-element_type=\"widget\" data-widget_type=\"text-editor.default\">\n\t\t\t\t<div class=\"elementor-widget-container\">\n\t\t\t\t\t\t\t\t\t<p>Alle Inhalte auf unserer Website, einschlie\u00dflich Texte, Grafiken, Logos, Bilder und Software, sind Eigentum von Stileuropa oder seiner Lizenzgeber und durch Urheberrechte sowie andere Gesetze zum geistigen Eigentum gesch\u00fctzt. Sie d\u00fcrfen keine Inhalte auf unserer Website ohne unsere ausdr\u00fcckliche schriftliche Zustimmung reproduzieren, verbreiten oder abgeleitete Werke erstellen. <\/p>\n\t\t\t\t\t\t\t\t<\/div>\n\t\t\t\t<\/div>\n\t\t\t\t<div class=\"elementor-element elementor-element-fe600bc elementor-widget elementor-widget-heading\" data-id=\"fe600bc\" data-element_type=\"widget\" data-widget_type=\"heading.default\">\n\t\t\t\t<div class=\"elementor-widget-container\">\n\t\t\t\t\t<h2 class=\"elementor-heading-title elementor-size-default\">Geistiges Eigentum<\/h2>\t\t\t\t<\/div>\n\t\t\t\t<\/div>\n\t\t\t\t<div class=\"elementor-element elementor-element-daa849f elementor-widget elementor-widget-text-editor\" data-id=\"daa849f\" data-element_type=\"widget\" data-widget_type=\"text-editor.default\">\n\t\t\t\t<div class=\"elementor-widget-container\">\n\t\t\t\t\t\t\t\t\t<p>Alle Inhalte auf dieser Website, einschlie\u00dflich Texte, Grafiken, Logos, Bilder und Software, sind Eigentum von Stileuropa oder seinen Lizenzgebern und sind durch Urheberrechts-, Marken- und andere Gesetze gesch\u00fctzt. Ohne die ausdr\u00fcckliche schriftliche Zustimmung von Stileuropa d\u00fcrfen Sie keine Inhalte dieser Website reproduzieren, verbreiten oder abgeleitete Werke daraus erstellen. <\/p>\n\t\t\t\t\t\t\t\t<\/div>\n\t\t\t\t<\/div>\n\t\t\t\t<div class=\"elementor-element elementor-element-fd86b22 elementor-widget elementor-widget-heading\" data-id=\"fd86b22\" data-element_type=\"widget\" data-widget_type=\"heading.default\">\n\t\t\t\t<div class=\"elementor-widget-container\">\n\t\t\t\t\t<h2 class=\"elementor-heading-title elementor-size-default\">Anwendbares Recht<\/h2>\t\t\t\t<\/div>\n\t\t\t\t<\/div>\n\t\t\t\t<div class=\"elementor-element elementor-element-f58c87a elementor-widget elementor-widget-text-editor\" data-id=\"f58c87a\" data-element_type=\"widget\" data-widget_type=\"text-editor.default\">\n\t\t\t\t<div class=\"elementor-widget-container\">\n\t\t\t\t\t\t\t\t\t<p>Diese Allgemeinen Gesch\u00e4ftsbedingungen unterliegen t\u00fcrkischem Recht und sind entsprechend auszulegen. Alle Streitigkeiten im Zusammenhang mit diesen Bedingungen unterliegen der ausschlie\u00dflichen Zust\u00e4ndigkeit der t\u00fcrkischen Gerichte.<\/p>\n\t\t\t\t\t\t\t\t<\/div>\n\t\t\t\t<\/div>\n\t\t\t\t<div class=\"elementor-element elementor-element-181b1f8 elementor-widget elementor-widget-heading\" data-id=\"181b1f8\" data-element_type=\"widget\" data-widget_type=\"heading.default\">\n\t\t\t\t<div class=\"elementor-widget-container\">\n\t\t\t\t\t<h2 class=\"elementor-heading-title elementor-size-default\">\u00c4nderungen der Allgemeinen Gesch\u00e4ftsbedingungen<\/h2>\t\t\t\t<\/div>\n\t\t\t\t<\/div>\n\t\t\t\t<div class=\"elementor-element elementor-element-cf82181 elementor-widget elementor-widget-text-editor\" data-id=\"cf82181\" data-element_type=\"widget\" data-widget_type=\"text-editor.default\">\n\t\t\t\t<div class=\"elementor-widget-container\">\n\t\t\t\t\t\t\t\t\t<p>Wir behalten uns das Recht vor, diese Allgemeinen Gesch\u00e4ftsbedingungen jederzeit ohne vorherige Ank\u00fcndigung zu aktualisieren oder zu \u00e4ndern. Ihre fortgesetzte Nutzung unserer Website nach solchen \u00c4nderungen bedeutet Ihre Zustimmung zu den neuen Bedingungen. <\/p>\n\t\t\t\t\t\t\t\t<\/div>\n\t\t\t\t<\/div>\n\t\t\t\t<\/div>\n\t\t\t\t\t<\/div>\n\t\t\t\t<\/div>\n\t\t\t\t<\/div>\n\t\t","protected":false},"excerpt":{"rendered":"<p>Allgemeine Gesch\u00e4ftsbedingungen Diese Allgemeinen Gesch\u00e4ftsbedingungen (AGB) regeln Ihre Nutzung unserer Website stileuropa.com und den Kauf von Produkten auf unserer Website. Mit dem Zugriff auf unsere Website oder deren Nutzung erkl\u00e4ren Sie sich mit diesen Bedingungen einverstanden. Allgemeine Gesch\u00e4ftsbedingungen Mit der Bestellung bei Stileuropa erkl\u00e4ren Sie sich mit diesen Allgemeinen Gesch\u00e4ftsbedingungen einverstanden. Sie m\u00fcssen mindestens 18 [&hellip;]<\/p>\n","protected":false},"author":1,"featured_media":0,"parent":0,"menu_order":0,"comment_status":"closed","ping_status":"closed","template":"","meta":{"footnotes":""},"class_list":["post-13889","page","type-page","status-publish","hentry"],"yoast_head":"<!-- This site is optimized with the Yoast SEO plugin v24.9 - https:\/\/yoast.com\/wordpress\/plugins\/seo\/ -->\n<title>Allgemeine Gesch\u00e4ftsbedingungen - StilEuropa<\/title>\n<meta name=\"description\" content=\"Diese Allgemeinen Gesch\u00e4ftsbedingungen (AGB) regeln Ihre Nutzung unserer Website stileuropa.com und den Kauf von Produkten auf unserer Website. Durch den Zugriff auf unsere Website oder deren Nutzung erkl\u00e4ren Sie sich mit diesen AGB einverstanden.\" \/>\n<meta name=\"robots\" content=\"index, follow, max-snippet:-1, max-image-preview:large, max-video-preview:-1\" \/>\n<link rel=\"canonical\" href=\"https:\/\/stileuropa.com\/tr\/sartlar-ve-kosullar\/\" \/>\n<meta property=\"og:locale\" content=\"de_DE\" \/>\n<meta property=\"og:type\" content=\"article\" \/>\n<meta property=\"og:title\" content=\"Allgemeine Gesch\u00e4ftsbedingungen - StilEuropa\" \/>\n<meta property=\"og:description\" content=\"Diese Allgemeinen Gesch\u00e4ftsbedingungen (AGB) regeln Ihre Nutzung unserer Website stileuropa.com und den Kauf von Produkten auf unserer Website. Durch den Zugriff auf unsere Website oder deren Nutzung erkl\u00e4ren Sie sich mit diesen AGB einverstanden.\" \/>\n<meta property=\"og:url\" content=\"https:\/\/stileuropa.com\/tr\/sartlar-ve-kosullar\/\" \/>\n<meta property=\"og:site_name\" content=\"StilEuropa\" \/>\n<meta property=\"article:modified_time\" content=\"2025-01-07T16:04:24+00:00\" \/>\n<meta name=\"twitter:card\" content=\"summary_large_image\" \/>\n<meta name=\"twitter:label1\" content=\"Gesch\u00e4tzte Lesezeit\" \/>\n\t<meta name=\"twitter:data1\" content=\"4\u00a0Minuten\" \/>\n<script type=\"application\/ld+json\" class=\"yoast-schema-graph\">{\"@context\":\"https:\/\/schema.org\",\"@graph\":[{\"@type\":\"WebPage\",\"@id\":\"https:\/\/stileuropa.com\/tr\/sartlar-ve-kosullar\/\",\"url\":\"https:\/\/stileuropa.com\/tr\/sartlar-ve-kosullar\/\",\"name\":\"Allgemeine Gesch\u00e4ftsbedingungen - StilEuropa\",\"isPartOf\":{\"@id\":\"https:\/\/stileuropa.com\/#website\"},\"datePublished\":\"2024-07-09T01:02:53+00:00\",\"dateModified\":\"2025-01-07T16:04:24+00:00\",\"description\":\"Diese Allgemeinen Gesch\u00e4ftsbedingungen (AGB) regeln Ihre Nutzung unserer Website stileuropa.com und den Kauf von Produkten auf unserer Website. Durch den Zugriff auf unsere Website oder deren Nutzung erkl\u00e4ren Sie sich mit diesen AGB einverstanden.\",\"breadcrumb\":{\"@id\":\"https:\/\/stileuropa.com\/tr\/sartlar-ve-kosullar\/#breadcrumb\"},\"inLanguage\":\"de\",\"potentialAction\":[{\"@type\":\"ReadAction\",\"target\":[\"https:\/\/stileuropa.com\/tr\/sartlar-ve-kosullar\/\"]}]},{\"@type\":\"BreadcrumbList\",\"@id\":\"https:\/\/stileuropa.com\/tr\/sartlar-ve-kosullar\/#breadcrumb\",\"itemListElement\":[{\"@type\":\"ListItem\",\"position\":1,\"name\":\"Home\",\"item\":\"https:\/\/stileuropa.com\/\"},{\"@type\":\"ListItem\",\"position\":2,\"name\":\"Allgemeine Gesch\u00e4ftsbedingungen\"}]},{\"@type\":\"WebSite\",\"@id\":\"https:\/\/stileuropa.com\/#website\",\"url\":\"https:\/\/stileuropa.com\/\",\"name\":\"StilEuropa\",\"description\":\"\",\"publisher\":{\"@id\":\"https:\/\/stileuropa.com\/#organization\"},\"potentialAction\":[{\"@type\":\"SearchAction\",\"target\":{\"@type\":\"EntryPoint\",\"urlTemplate\":\"https:\/\/stileuropa.com\/?s={search_term_string}\"},\"query-input\":{\"@type\":\"PropertyValueSpecification\",\"valueRequired\":true,\"valueName\":\"search_term_string\"}}],\"inLanguage\":\"de\"},{\"@type\":\"Organization\",\"@id\":\"https:\/\/stileuropa.com\/#organization\",\"name\":\"StilEuropa\",\"url\":\"https:\/\/stileuropa.com\/\",\"logo\":{\"@type\":\"ImageObject\",\"inLanguage\":\"de\",\"@id\":\"https:\/\/stileuropa.com\/#\/schema\/logo\/image\/\",\"url\":\"https:\/\/stileuropa.com\/wp-content\/uploads\/2024\/08\/styleuropa-logo-black.webp\",\"contentUrl\":\"https:\/\/stileuropa.com\/wp-content\/uploads\/2024\/08\/styleuropa-logo-black.webp\",\"width\":501,\"height\":53,\"caption\":\"StilEuropa\"},\"image\":{\"@id\":\"https:\/\/stileuropa.com\/#\/schema\/logo\/image\/\"}}]}<\/script>\n<!-- \/ Yoast SEO plugin. -->","yoast_head_json":{"title":"Allgemeine Gesch\u00e4ftsbedingungen - StilEuropa","description":"Diese Allgemeinen Gesch\u00e4ftsbedingungen (AGB) regeln Ihre Nutzung unserer Website stileuropa.com und den Kauf von Produkten auf unserer Website. Durch den Zugriff auf unsere Website oder deren Nutzung erkl\u00e4ren Sie sich mit diesen AGB einverstanden.","robots":{"index":"index","follow":"follow","max-snippet":"max-snippet:-1","max-image-preview":"max-image-preview:large","max-video-preview":"max-video-preview:-1"},"canonical":"https:\/\/stileuropa.com\/tr\/sartlar-ve-kosullar\/","og_locale":"de_DE","og_type":"article","og_title":"Allgemeine Gesch\u00e4ftsbedingungen - StilEuropa","og_description":"Diese Allgemeinen Gesch\u00e4ftsbedingungen (AGB) regeln Ihre Nutzung unserer Website stileuropa.com und den Kauf von Produkten auf unserer Website. Durch den Zugriff auf unsere Website oder deren Nutzung erkl\u00e4ren Sie sich mit diesen AGB einverstanden.","og_url":"https:\/\/stileuropa.com\/tr\/sartlar-ve-kosullar\/","og_site_name":"StilEuropa","article_modified_time":"2025-01-07T16:04:24+00:00","twitter_card":"summary_large_image","twitter_misc":{"Gesch\u00e4tzte Lesezeit":"4\u00a0Minuten"},"schema":{"@context":"https:\/\/schema.org","@graph":[{"@type":"WebPage","@id":"https:\/\/stileuropa.com\/tr\/sartlar-ve-kosullar\/","url":"https:\/\/stileuropa.com\/tr\/sartlar-ve-kosullar\/","name":"Allgemeine Gesch\u00e4ftsbedingungen - StilEuropa","isPartOf":{"@id":"https:\/\/stileuropa.com\/#website"},"datePublished":"2024-07-09T01:02:53+00:00","dateModified":"2025-01-07T16:04:24+00:00","description":"Diese Allgemeinen Gesch\u00e4ftsbedingungen (AGB) regeln Ihre Nutzung unserer Website stileuropa.com und den Kauf von Produkten auf unserer Website. Durch den Zugriff auf unsere Website oder deren Nutzung erkl\u00e4ren Sie sich mit diesen AGB einverstanden.","breadcrumb":{"@id":"https:\/\/stileuropa.com\/tr\/sartlar-ve-kosullar\/#breadcrumb"},"inLanguage":"de","potentialAction":[{"@type":"ReadAction","target":["https:\/\/stileuropa.com\/tr\/sartlar-ve-kosullar\/"]}]},{"@type":"BreadcrumbList","@id":"https:\/\/stileuropa.com\/tr\/sartlar-ve-kosullar\/#breadcrumb","itemListElement":[{"@type":"ListItem","position":1,"name":"Home","item":"https:\/\/stileuropa.com\/"},{"@type":"ListItem","position":2,"name":"Allgemeine Gesch\u00e4ftsbedingungen"}]},{"@type":"WebSite","@id":"https:\/\/stileuropa.com\/#website","url":"https:\/\/stileuropa.com\/","name":"StilEuropa","description":"","publisher":{"@id":"https:\/\/stileuropa.com\/#organization"},"potentialAction":[{"@type":"SearchAction","target":{"@type":"EntryPoint","urlTemplate":"https:\/\/stileuropa.com\/?s={search_term_string}"},"query-input":{"@type":"PropertyValueSpecification","valueRequired":true,"valueName":"search_term_string"}}],"inLanguage":"de"},{"@type":"Organization","@id":"https:\/\/stileuropa.com\/#organization","name":"StilEuropa","url":"https:\/\/stileuropa.com\/","logo":{"@type":"ImageObject","inLanguage":"de","@id":"https:\/\/stileuropa.com\/#\/schema\/logo\/image\/","url":"https:\/\/stileuropa.com\/wp-content\/uploads\/2024\/08\/styleuropa-logo-black.webp","contentUrl":"https:\/\/stileuropa.com\/wp-content\/uploads\/2024\/08\/styleuropa-logo-black.webp","width":501,"height":53,"caption":"StilEuropa"},"image":{"@id":"https:\/\/stileuropa.com\/#\/schema\/logo\/image\/"}}]}},"_links":{"self":[{"href":"https:\/\/stileuropa.com\/de\/wp-json\/wp\/v2\/pages\/13889","targetHints":{"allow":["GET"]}}],"collection":[{"href":"https:\/\/stileuropa.com\/de\/wp-json\/wp\/v2\/pages"}],"about":[{"href":"https:\/\/stileuropa.com\/de\/wp-json\/wp\/v2\/types\/page"}],"author":[{"embeddable":true,"href":"https:\/\/stileuropa.com\/de\/wp-json\/wp\/v2\/users\/1"}],"replies":[{"embeddable":true,"href":"https:\/\/stileuropa.com\/de\/wp-json\/wp\/v2\/comments?post=13889"}],"version-history":[{"count":0,"href":"https:\/\/stileuropa.com\/de\/wp-json\/wp\/v2\/pages\/13889\/revisions"}],"wp:attachment":[{"href":"https:\/\/stileuropa.com\/de\/wp-json\/wp\/v2\/media?parent=13889"}],"curies":[{"name":"wp","href":"https:\/\/api.w.org\/{rel}","templated":true}]}}