{"id":10302,"date":"2024-07-09T04:35:50","date_gmt":"2024-07-09T01:35:50","guid":{"rendered":"https:\/\/stileuropa.com\/garantie\/"},"modified":"2024-11-21T16:06:28","modified_gmt":"2024-11-21T13:06:28","slug":"garantie","status":"publish","type":"page","link":"https:\/\/stileuropa.com\/de\/garantie\/","title":{"rendered":"Garantie"},"content":{"rendered":"\t\t<div data-elementor-type=\"wp-page\" data-elementor-id=\"10302\" class=\"elementor elementor-10302 elementor-665\" data-elementor-post-type=\"page\">\n\t\t\t\t<div class=\"elementor-element elementor-element-9c123a2 e-flex e-con-boxed e-con e-parent\" data-id=\"9c123a2\" data-element_type=\"container\" data-settings=\"{&quot;background_background&quot;:&quot;classic&quot;}\">\n\t\t\t\t\t<div class=\"e-con-inner\">\n\t\t\t\t<div class=\"elementor-element elementor-element-fb902ae elementor-widget elementor-widget-heading\" data-id=\"fb902ae\" data-element_type=\"widget\" data-widget_type=\"heading.default\">\n\t\t\t\t<div class=\"elementor-widget-container\">\n\t\t\t\t\t<h1 class=\"elementor-heading-title elementor-size-default\">Garantie<\/h1>\t\t\t\t<\/div>\n\t\t\t\t<\/div>\n\t\t\t\t\t<\/div>\n\t\t\t\t<\/div>\n\t\t<div class=\"elementor-element elementor-element-11d5d7e e-flex e-con-boxed e-con e-child\" data-id=\"11d5d7e\" data-element_type=\"container\">\n\t\t\t\t\t<div class=\"e-con-inner\">\n\t\t<div class=\"elementor-element elementor-element-662a60d e-con-full e-flex e-con e-child\" data-id=\"662a60d\" data-element_type=\"container\">\n\t\t\t\t<div class=\"elementor-element elementor-element-4caa442 elementor-widget elementor-widget-text-editor\" data-id=\"4caa442\" data-element_type=\"widget\" data-widget_type=\"text-editor.default\">\n\t\t\t\t<div class=\"elementor-widget-container\">\n\t\t\t\t\t\t\t\t\t<p>Bei Stileuropa stehen wir hinter der Qualit\u00e4t unserer Produkte und setzen uns f\u00fcr Ihre Zufriedenheit ein. Unsere Garantiebedingungen sollen Ihnen Sicherheit geben, indem sie Ihnen die Qualit\u00e4t und Langlebigkeit unserer Produkte garantieren. <\/p>\n\t\t\t\t\t\t\t\t<\/div>\n\t\t\t\t<\/div>\n\t\t\t\t<div class=\"elementor-element elementor-element-a353e9a elementor-widget elementor-widget-heading\" data-id=\"a353e9a\" data-element_type=\"widget\" data-widget_type=\"heading.default\">\n\t\t\t\t<div class=\"elementor-widget-container\">\n\t\t\t\t\t<h2 class=\"elementor-heading-title elementor-size-default\"><b>Standardgarantie<\/b><\/h2>\t\t\t\t<\/div>\n\t\t\t\t<\/div>\n\t\t\t\t<div class=\"elementor-element elementor-element-90a4ecf elementor-widget elementor-widget-text-editor\" data-id=\"90a4ecf\" data-element_type=\"widget\" data-widget_type=\"text-editor.default\">\n\t\t\t\t<div class=\"elementor-widget-container\">\n\t\t\t\t\t\t\t\t\t<h3><b>Abdeckung<\/b><\/h3><ul><li>Unsere Standardgarantie deckt Herstellungsfehler und Verarbeitungsprobleme f\u00fcr einen Zeitraum von 24 Monaten ab Kaufdatum ab.<\/li><li>Die Garantie gilt f\u00fcr alle Produkte, die direkt bei Stileuropa oder autorisierten H\u00e4ndlern gekauft wurden.<\/li><li>Diese Garantie ist nicht \u00fcbertragbar und gilt nur f\u00fcr den urspr\u00fcnglichen K\u00e4ufer.<\/li><\/ul><h3><b>Was abgedeckt ist<\/b><\/h3><ul><li>Defekte in Material und Verarbeitung bei normalem Gebrauch.<\/li><li>Strukturelle Sch\u00e4den oder Ausf\u00e4lle aufgrund von Herstellungsfehlern.<\/li><li>Hardware-Komponenten wie Scharniere, Griffe und Schieber, wenn sie als defekt befunden werden.<\/li><\/ul><h3><b>Was nicht abgedeckt ist<\/b><\/h3><ul><li>Normale Abnutzung und Verschlei\u00df, einschlie\u00dflich, aber nicht beschr\u00e4nkt auf Kratzer, Dellen und kosmetische Sch\u00e4den.<\/li><li>Sch\u00e4den durch unsachgem\u00e4\u00dfe Handhabung, Missbrauch oder Vernachl\u00e4ssigung des Produkts.<\/li><li>Sch\u00e4den durch nicht autorisierte Reparaturen oder Modifikationen.<\/li><li>Produkte, die f\u00fcr kommerzielle Zwecke verwendet werden, sofern nicht ausdr\u00fccklich anders angegeben.<\/li><\/ul>\t\t\t\t\t\t\t\t<\/div>\n\t\t\t\t<\/div>\n\t\t\t\t<div class=\"elementor-element elementor-element-9f18cb5 elementor-widget elementor-widget-heading\" data-id=\"9f18cb5\" data-element_type=\"widget\" data-widget_type=\"heading.default\">\n\t\t\t\t<div class=\"elementor-widget-container\">\n\t\t\t\t\t<h2 class=\"elementor-heading-title elementor-size-default\"><b>So stellen Sie einen Garantieanspruch<\/b><\/h2>\t\t\t\t<\/div>\n\t\t\t\t<\/div>\n\t\t\t\t<div class=\"elementor-element elementor-element-f9dd8fe elementor-widget elementor-widget-text-editor\" data-id=\"f9dd8fe\" data-element_type=\"widget\" data-widget_type=\"text-editor.default\">\n\t\t\t\t<div class=\"elementor-widget-container\">\n\t\t\t\t\t\t\t\t\t<ol><li><strong>Kontaktieren Sie uns<\/strong>: Um einen Garantieanspruch geltend zu machen, wenden Sie sich bitte an unser Kundenserviceteam unter <a href=\"mailto:info@stileuropa.com\">info@stileuropa.com<\/a> mit Ihren Bestelldetails, einer Beschreibung des Problems und Fotos des defekten Produkts.<\/li><li><strong>\u00dcberpr\u00fcfung:<\/strong> Unser Team wird Ihren Anspruch pr\u00fcfen und m\u00f6glicherweise zus\u00e4tzliche Informationen oder Fotos anfordern, um das Problem zu bewerten.<\/li><li><strong>L\u00f6sung<\/strong>: Wenn Ihr Anspruch genehmigt wird, reparieren wir das Produkt, stellen einen Ersatz zur Verf\u00fcgung oder bieten nach unserem Ermessen eine R\u00fcckerstattung an.<\/li><\/ol>\t\t\t\t\t\t\t\t<\/div>\n\t\t\t\t<\/div>\n\t\t\t\t<div class=\"elementor-element elementor-element-6533c40 elementor-widget elementor-widget-heading\" data-id=\"6533c40\" data-element_type=\"widget\" data-widget_type=\"heading.default\">\n\t\t\t\t<div class=\"elementor-widget-container\">\n\t\t\t\t\t<h2 class=\"elementor-heading-title elementor-size-default\"><b>Garantieprozess<\/b><\/h2>\t\t\t\t<\/div>\n\t\t\t\t<\/div>\n\t\t\t\t<div class=\"elementor-element elementor-element-9c07400 elementor-widget elementor-widget-text-editor\" data-id=\"9c07400\" data-element_type=\"widget\" data-widget_type=\"text-editor.default\">\n\t\t\t\t<div class=\"elementor-widget-container\">\n\t\t\t\t\t\t\t\t\t<ul>\n<li><strong>Reparatur:<\/strong> Wenn das Problem durch eine Reparatur behoben werden kann, werden wir die notwendigen Reparaturen kostenlos f\u00fcr Sie arrangieren.<\/li>\n<li><strong>Ersatz<\/strong>: Wenn das Produkt nicht repariert werden kann, ersetzen wir es durch denselben Artikel oder einen vergleichbaren Artikel, falls das urspr\u00fcngliche Produkt nicht mehr verf\u00fcgbar ist.<\/li>\n<li><strong>R\u00fcckerstattung<\/strong>: In F\u00e4llen, in denen eine Reparatur oder ein Ersatz nicht m\u00f6glich ist, erstatten wir den urspr\u00fcnglichen Kaufpreis.<\/li>\n<\/ul>\n\t\t\t\t\t\t\t\t<\/div>\n\t\t\t\t<\/div>\n\t\t\t\t<div class=\"elementor-element elementor-element-f983080 elementor-widget elementor-widget-heading\" data-id=\"f983080\" data-element_type=\"widget\" data-widget_type=\"heading.default\">\n\t\t\t\t<div class=\"elementor-widget-container\">\n\t\t\t\t\t<h2 class=\"elementor-heading-title elementor-size-default\"><b>Zus\u00e4tzliche Informationen<\/b><\/h2>\t\t\t\t<\/div>\n\t\t\t\t<\/div>\n\t\t\t\t<div class=\"elementor-element elementor-element-98b791f elementor-widget elementor-widget-text-editor\" data-id=\"98b791f\" data-element_type=\"widget\" data-widget_type=\"text-editor.default\">\n\t\t\t\t<div class=\"elementor-widget-container\">\n\t\t\t\t\t\t\t\t\t<ul><li>Wir bieten eine erweiterte Garantie f\u00fcr bestimmte Produkte an, die den Deckungszeitraum \u00fcber die Standardgarantie hinaus verl\u00e4ngert. Bitte beachten Sie die Produktdetails oder kontaktieren Sie unser Kundenserviceteam f\u00fcr weitere Informationen zum Kauf einer erweiterten Garantie.<\/li><\/ul><h3><b>Garantie f\u00fcr Gewerbliche Nutzung<\/b><\/h3><ul><li>Einige unserer Produkte sind durch eine gewerbliche Garantie abgedeckt, wenn sie in einem gewerblichen Umfeld verwendet werden. Bitte kontaktieren Sie unser Kundenserviceteam, um zu \u00fcberpr\u00fcfen, ob Ihr Produkt f\u00fcr eine gewerbliche Garantie in Frage kommt.<\/li><\/ul><h3><b>Gesetzliche Rechte<\/b><\/h3><ul><li>Diese Garantie wird zus\u00e4tzlich gew\u00e4hrt und wirkt sich nicht auf Ihre gesetzlichen Rechte gem\u00e4\u00df den geltenden Verbraucherschutzgesetzen in der Eurozone aus.<\/li><\/ul>\t\t\t\t\t\t\t\t<\/div>\n\t\t\t\t<\/div>\n\t\t\t\t<div class=\"elementor-element elementor-element-3d1a722 elementor-widget elementor-widget-heading\" data-id=\"3d1a722\" data-element_type=\"widget\" data-widget_type=\"heading.default\">\n\t\t\t\t<div class=\"elementor-widget-container\">\n\t\t\t\t\t<h2 class=\"elementor-heading-title elementor-size-default\"><b>Kontaktieren Sie uns<\/b><\/h2>\t\t\t\t<\/div>\n\t\t\t\t<\/div>\n\t\t\t\t<div class=\"elementor-element elementor-element-ce8fe7c elementor-widget elementor-widget-text-editor\" data-id=\"ce8fe7c\" data-element_type=\"widget\" data-widget_type=\"text-editor.default\">\n\t\t\t\t<div class=\"elementor-widget-container\">\n\t\t\t\t\t\t\t\t\t<p>Wenn Sie Fragen haben oder weitere Unterst\u00fctzung zu unserer Garantiepolitik ben\u00f6tigen, kontaktieren Sie uns bitte unter:<\/p><p><a href=\"mailto:info@stileuropa.com\">info@stileuropa.com<\/a><\/p><p><a href=\"https:\/\/api.whatsapp.com\/send?phone=359895078348\"><span class=\"elementor-icon-list-text\">Whatsapp-Supportlinie<\/span><\/a><\/p>\t\t\t\t\t\t\t\t<\/div>\n\t\t\t\t<\/div>\n\t\t\t\t<\/div>\n\t\t\t\t\t<\/div>\n\t\t\t\t<\/div>\n\t\t\t\t<\/div>\n\t\t","protected":false},"excerpt":{"rendered":"<p>Garantie Bei Stileuropa stehen wir hinter der Qualit\u00e4t unserer Produkte und setzen uns f\u00fcr Ihre Zufriedenheit ein. Unsere Garantiebedingungen sollen Ihnen Sicherheit geben, indem sie Ihnen die Qualit\u00e4t und Langlebigkeit unserer Produkte garantieren. Standardgarantie Abdeckung Unsere Standardgarantie deckt Herstellungsfehler und Verarbeitungsprobleme f\u00fcr einen Zeitraum von 24 Monaten ab Kaufdatum ab. Die Garantie gilt f\u00fcr alle [&hellip;]<\/p>\n","protected":false},"author":1,"featured_media":0,"parent":0,"menu_order":0,"comment_status":"closed","ping_status":"closed","template":"","meta":{"footnotes":""},"class_list":["post-10302","page","type-page","status-publish","hentry"],"yoast_head":"<!-- This site is optimized with the Yoast SEO plugin v24.9 - https:\/\/yoast.com\/wordpress\/plugins\/seo\/ -->\n<title>Garantie - StilEuropa<\/title>\n<meta name=\"description\" content=\"Bei Stileuropa stehen wir hinter der Qualit\u00e4t unserer Produkte und setzen uns f\u00fcr Ihre Zufriedenheit ein. Unsere Garantiebedingungen sind...\" \/>\n<meta name=\"robots\" content=\"index, follow, max-snippet:-1, max-image-preview:large, max-video-preview:-1\" \/>\n<link rel=\"canonical\" href=\"https:\/\/stileuropa.com\/warranty\/\" \/>\n<meta property=\"og:locale\" content=\"de_DE\" \/>\n<meta property=\"og:type\" content=\"article\" \/>\n<meta property=\"og:title\" content=\"Garantie - StilEuropa\" \/>\n<meta property=\"og:description\" content=\"Bei Stileuropa stehen wir hinter der Qualit\u00e4t unserer Produkte und setzen uns f\u00fcr Ihre Zufriedenheit ein. Unsere Garantiebedingungen sind...\" \/>\n<meta property=\"og:url\" content=\"https:\/\/stileuropa.com\/warranty\/\" \/>\n<meta property=\"og:site_name\" content=\"StilEuropa\" \/>\n<meta property=\"article:modified_time\" content=\"2024-11-21T13:06:28+00:00\" \/>\n<meta name=\"twitter:card\" content=\"summary_large_image\" \/>\n<meta name=\"twitter:label1\" content=\"Gesch\u00e4tzte Lesezeit\" \/>\n\t<meta name=\"twitter:data1\" content=\"3\u00a0Minuten\" \/>\n<script type=\"application\/ld+json\" class=\"yoast-schema-graph\">{\"@context\":\"https:\/\/schema.org\",\"@graph\":[{\"@type\":\"WebPage\",\"@id\":\"https:\/\/stileuropa.com\/warranty\/\",\"url\":\"https:\/\/stileuropa.com\/warranty\/\",\"name\":\"Garantie - StilEuropa\",\"isPartOf\":{\"@id\":\"https:\/\/stileuropa.com\/#website\"},\"datePublished\":\"2024-07-09T01:35:50+00:00\",\"dateModified\":\"2024-11-21T13:06:28+00:00\",\"description\":\"Bei Stileuropa stehen wir hinter der Qualit\u00e4t unserer Produkte und setzen uns f\u00fcr Ihre Zufriedenheit ein. Unsere Garantiebedingungen sind...\",\"breadcrumb\":{\"@id\":\"https:\/\/stileuropa.com\/warranty\/#breadcrumb\"},\"inLanguage\":\"de\",\"potentialAction\":[{\"@type\":\"ReadAction\",\"target\":[\"https:\/\/stileuropa.com\/warranty\/\"]}]},{\"@type\":\"BreadcrumbList\",\"@id\":\"https:\/\/stileuropa.com\/warranty\/#breadcrumb\",\"itemListElement\":[{\"@type\":\"ListItem\",\"position\":1,\"name\":\"Home\",\"item\":\"https:\/\/stileuropa.com\/\"},{\"@type\":\"ListItem\",\"position\":2,\"name\":\"Garantie\"}]},{\"@type\":\"WebSite\",\"@id\":\"https:\/\/stileuropa.com\/#website\",\"url\":\"https:\/\/stileuropa.com\/\",\"name\":\"StilEuropa\",\"description\":\"\",\"publisher\":{\"@id\":\"https:\/\/stileuropa.com\/#organization\"},\"potentialAction\":[{\"@type\":\"SearchAction\",\"target\":{\"@type\":\"EntryPoint\",\"urlTemplate\":\"https:\/\/stileuropa.com\/?s={search_term_string}\"},\"query-input\":{\"@type\":\"PropertyValueSpecification\",\"valueRequired\":true,\"valueName\":\"search_term_string\"}}],\"inLanguage\":\"de\"},{\"@type\":\"Organization\",\"@id\":\"https:\/\/stileuropa.com\/#organization\",\"name\":\"StilEuropa\",\"url\":\"https:\/\/stileuropa.com\/\",\"logo\":{\"@type\":\"ImageObject\",\"inLanguage\":\"de\",\"@id\":\"https:\/\/stileuropa.com\/#\/schema\/logo\/image\/\",\"url\":\"https:\/\/stileuropa.com\/wp-content\/uploads\/2024\/08\/styleuropa-logo-black.webp\",\"contentUrl\":\"https:\/\/stileuropa.com\/wp-content\/uploads\/2024\/08\/styleuropa-logo-black.webp\",\"width\":501,\"height\":53,\"caption\":\"StilEuropa\"},\"image\":{\"@id\":\"https:\/\/stileuropa.com\/#\/schema\/logo\/image\/\"}}]}<\/script>\n<!-- \/ Yoast SEO plugin. -->","yoast_head_json":{"title":"Garantie - StilEuropa","description":"Bei Stileuropa stehen wir hinter der Qualit\u00e4t unserer Produkte und setzen uns f\u00fcr Ihre Zufriedenheit ein. Unsere Garantiebedingungen sind...","robots":{"index":"index","follow":"follow","max-snippet":"max-snippet:-1","max-image-preview":"max-image-preview:large","max-video-preview":"max-video-preview:-1"},"canonical":"https:\/\/stileuropa.com\/warranty\/","og_locale":"de_DE","og_type":"article","og_title":"Garantie - StilEuropa","og_description":"Bei Stileuropa stehen wir hinter der Qualit\u00e4t unserer Produkte und setzen uns f\u00fcr Ihre Zufriedenheit ein. Unsere Garantiebedingungen sind...","og_url":"https:\/\/stileuropa.com\/warranty\/","og_site_name":"StilEuropa","article_modified_time":"2024-11-21T13:06:28+00:00","twitter_card":"summary_large_image","twitter_misc":{"Gesch\u00e4tzte Lesezeit":"3\u00a0Minuten"},"schema":{"@context":"https:\/\/schema.org","@graph":[{"@type":"WebPage","@id":"https:\/\/stileuropa.com\/warranty\/","url":"https:\/\/stileuropa.com\/warranty\/","name":"Garantie - StilEuropa","isPartOf":{"@id":"https:\/\/stileuropa.com\/#website"},"datePublished":"2024-07-09T01:35:50+00:00","dateModified":"2024-11-21T13:06:28+00:00","description":"Bei Stileuropa stehen wir hinter der Qualit\u00e4t unserer Produkte und setzen uns f\u00fcr Ihre Zufriedenheit ein. Unsere Garantiebedingungen sind...","breadcrumb":{"@id":"https:\/\/stileuropa.com\/warranty\/#breadcrumb"},"inLanguage":"de","potentialAction":[{"@type":"ReadAction","target":["https:\/\/stileuropa.com\/warranty\/"]}]},{"@type":"BreadcrumbList","@id":"https:\/\/stileuropa.com\/warranty\/#breadcrumb","itemListElement":[{"@type":"ListItem","position":1,"name":"Home","item":"https:\/\/stileuropa.com\/"},{"@type":"ListItem","position":2,"name":"Garantie"}]},{"@type":"WebSite","@id":"https:\/\/stileuropa.com\/#website","url":"https:\/\/stileuropa.com\/","name":"StilEuropa","description":"","publisher":{"@id":"https:\/\/stileuropa.com\/#organization"},"potentialAction":[{"@type":"SearchAction","target":{"@type":"EntryPoint","urlTemplate":"https:\/\/stileuropa.com\/?s={search_term_string}"},"query-input":{"@type":"PropertyValueSpecification","valueRequired":true,"valueName":"search_term_string"}}],"inLanguage":"de"},{"@type":"Organization","@id":"https:\/\/stileuropa.com\/#organization","name":"StilEuropa","url":"https:\/\/stileuropa.com\/","logo":{"@type":"ImageObject","inLanguage":"de","@id":"https:\/\/stileuropa.com\/#\/schema\/logo\/image\/","url":"https:\/\/stileuropa.com\/wp-content\/uploads\/2024\/08\/styleuropa-logo-black.webp","contentUrl":"https:\/\/stileuropa.com\/wp-content\/uploads\/2024\/08\/styleuropa-logo-black.webp","width":501,"height":53,"caption":"StilEuropa"},"image":{"@id":"https:\/\/stileuropa.com\/#\/schema\/logo\/image\/"}}]}},"_links":{"self":[{"href":"https:\/\/stileuropa.com\/de\/wp-json\/wp\/v2\/pages\/10302","targetHints":{"allow":["GET"]}}],"collection":[{"href":"https:\/\/stileuropa.com\/de\/wp-json\/wp\/v2\/pages"}],"about":[{"href":"https:\/\/stileuropa.com\/de\/wp-json\/wp\/v2\/types\/page"}],"author":[{"embeddable":true,"href":"https:\/\/stileuropa.com\/de\/wp-json\/wp\/v2\/users\/1"}],"replies":[{"embeddable":true,"href":"https:\/\/stileuropa.com\/de\/wp-json\/wp\/v2\/comments?post=10302"}],"version-history":[{"count":0,"href":"https:\/\/stileuropa.com\/de\/wp-json\/wp\/v2\/pages\/10302\/revisions"}],"wp:attachment":[{"href":"https:\/\/stileuropa.com\/de\/wp-json\/wp\/v2\/media?parent=10302"}],"curies":[{"name":"wp","href":"https:\/\/api.w.org\/{rel}","templated":true}]}}