{"id":10295,"date":"2024-07-09T04:31:20","date_gmt":"2024-07-09T01:31:20","guid":{"rendered":"https:\/\/stileuropa.com\/rueckgaben-reklamationen\/"},"modified":"2024-12-01T10:25:21","modified_gmt":"2024-12-01T07:25:21","slug":"rueckgaben-reklamationen","status":"publish","type":"page","link":"https:\/\/stileuropa.com\/de\/rueckgaben-reklamationen\/","title":{"rendered":"R\u00fcckgaben &amp; Reklamationen"},"content":{"rendered":"\t\t<div data-elementor-type=\"wp-page\" data-elementor-id=\"10295\" class=\"elementor elementor-10295 elementor-660\" data-elementor-post-type=\"page\">\n\t\t\t\t<div class=\"elementor-element elementor-element-3c976df e-flex e-con-boxed e-con e-parent\" data-id=\"3c976df\" data-element_type=\"container\" data-settings=\"{&quot;background_background&quot;:&quot;classic&quot;}\">\n\t\t\t\t\t<div class=\"e-con-inner\">\n\t\t\t\t<div class=\"elementor-element elementor-element-c1637b4 elementor-widget elementor-widget-heading\" data-id=\"c1637b4\" data-element_type=\"widget\" data-widget_type=\"heading.default\">\n\t\t\t\t<div class=\"elementor-widget-container\">\n\t\t\t\t\t<h1 class=\"elementor-heading-title elementor-size-default\">R\u00fcckgaben &amp; Reklamationen<\/h1>\t\t\t\t<\/div>\n\t\t\t\t<\/div>\n\t\t\t\t\t<\/div>\n\t\t\t\t<\/div>\n\t\t<div class=\"elementor-element elementor-element-1281456 e-flex e-con-boxed e-con e-child\" data-id=\"1281456\" data-element_type=\"container\">\n\t\t\t\t\t<div class=\"e-con-inner\">\n\t\t<div class=\"elementor-element elementor-element-393f4e9 e-con-full e-flex e-con e-child\" data-id=\"393f4e9\" data-element_type=\"container\">\n\t\t\t\t<div class=\"elementor-element elementor-element-13e5963 elementor-widget elementor-widget-heading\" data-id=\"13e5963\" data-element_type=\"widget\" data-widget_type=\"heading.default\">\n\t\t\t\t<div class=\"elementor-widget-container\">\n\t\t\t\t\t<h2 class=\"elementor-heading-title elementor-size-default\">1. Stornierungen aufgrund von Meinungs\u00e4nderungen:<\/h2>\t\t\t\t<\/div>\n\t\t\t\t<\/div>\n\t\t\t\t<div class=\"elementor-element elementor-element-0331663 elementor-widget elementor-widget-text-editor\" data-id=\"0331663\" data-element_type=\"widget\" data-widget_type=\"text-editor.default\">\n\t\t\t\t<div class=\"elementor-widget-container\">\n\t\t\t\t\t\t\t\t\t<p>Sie k\u00f6nnen Ihre Bestellung jederzeit vor der Lieferung stornieren. Wenn Ihre Bestellung noch nicht versandt wurde, wird eine vollst\u00e4ndige R\u00fcckerstattung ohne Abz\u00fcge ausgestellt. Wenn Ihre Bestellung bereits versandt wurde, wird die Versandgeb\u00fchr nicht zur\u00fcckerstattet und Sie tragen die Kosten f\u00fcr die R\u00fccksendung.<\/p>\t\t\t\t\t\t\t\t<\/div>\n\t\t\t\t<\/div>\n\t\t\t\t<div class=\"elementor-element elementor-element-c6bc26a elementor-widget elementor-widget-heading\" data-id=\"c6bc26a\" data-element_type=\"widget\" data-widget_type=\"heading.default\">\n\t\t\t\t<div class=\"elementor-widget-container\">\n\t\t\t\t\t<h2 class=\"elementor-heading-title elementor-size-default\">2. R\u00fccksendungen aufgrund von Meinungs\u00e4nderungen: <\/h2>\t\t\t\t<\/div>\n\t\t\t\t<\/div>\n\t\t\t\t<div class=\"elementor-element elementor-element-ee76c75 elementor-widget elementor-widget-text-editor\" data-id=\"ee76c75\" data-element_type=\"widget\" data-widget_type=\"text-editor.default\">\n\t\t\t\t<div class=\"elementor-widget-container\">\n\t\t\t\t\t\t\t\t\t<p><span style=\"font-weight: 400;\">Wenn Sie sich entscheiden, Ihre Bestellung nach der Lieferung zur\u00fcckzusenden, m\u00fcssen alle Produkte in ihrer Originalverpackung und in wiederverkaufsf\u00e4higem Zustand zur\u00fcckgesendet werden.<\/span><\/p><p><span style=\"font-weight: 400;\">Sie k\u00f6nnen Ihre Produkte innerhalb von 7 Tagen nach Erhalt Ihrer Bestellung zur\u00fcckgeben. Um eine R\u00fccksendung einzuleiten, kontaktieren Sie bitte unser Team per E-Mail an <a href=\"mailto:info@stileuropa.com\">info@stileuropa.com<\/a>. <\/span><\/p>\t\t\t\t\t\t\t\t<\/div>\n\t\t\t\t<\/div>\n\t\t\t\t<div class=\"elementor-element elementor-element-db5dbfe elementor-widget elementor-widget-heading\" data-id=\"db5dbfe\" data-element_type=\"widget\" data-widget_type=\"heading.default\">\n\t\t\t\t<div class=\"elementor-widget-container\">\n\t\t\t\t\t<h2 class=\"elementor-heading-title elementor-size-default\">3. Defekte\/besch\u00e4digte\/ver\u00e4nderte\/nicht gelieferte Produkte:<\/h2>\t\t\t\t<\/div>\n\t\t\t\t<\/div>\n\t\t\t\t<div class=\"elementor-element elementor-element-14e18b3 elementor-widget elementor-widget-text-editor\" data-id=\"14e18b3\" data-element_type=\"widget\" data-widget_type=\"text-editor.default\">\n\t\t\t\t<div class=\"elementor-widget-container\">\n\t\t\t\t\t\t\t\t\t<p>Wenn Sie den Vertrag aufgrund von fehlerhaften, besch\u00e4digten, ver\u00e4nderten oder nicht gelieferten Produkten beenden, wird der Vertrag sofort gek\u00fcndigt und eine vollst\u00e4ndige R\u00fcckerstattung ohne Abz\u00fcge f\u00fcr alle nicht ordnungsgem\u00e4\u00df gelieferten Produkte erfolgt.<\/p><p><strong>Die Produkte m\u00fcssen bei der Lieferung, entweder im Gesch\u00e4ft oder bei der \u00dcbergabe zu Hause, sorgf\u00e4ltig \u00fcberpr\u00fcft werden. Alle M\u00e4ngel oder Sch\u00e4den m\u00fcssen zum Zeitpunkt der Lieferung festgestellt und dem Lieferpersonal gemeldet werden.<\/strong> Anspr\u00fcche f\u00fcr defekte oder besch\u00e4digte Produkte, die nicht bei der Lieferung gemeldet werden, k\u00f6nnen m\u00f6glicherweise nicht ber\u00fccksichtigt werden.<\/p><p>Wenn Sie den Vertrag aus anderen Gr\u00fcnden als einem Problem mit den Produkten k\u00fcndigen, wird ein angemessener Betrag abgezogen, um Verluste abzudecken, die uns durch Ihre Stornierung entstehen. Wenn ein Produkt speziell nach Ihren Vorgaben angefertigt wurde und nicht f\u00fcr den Verkauf an einen anderen Kunden geeignet ist, wird nach R\u00fccksprache mit unserem Kundenbetreuer eine R\u00fcckerstattung oder ein Produktaustausch durchgef\u00fchrt.<\/p>\t\t\t\t\t\t\t\t<\/div>\n\t\t\t\t<\/div>\n\t\t\t\t<div class=\"elementor-element elementor-element-3a3ec4e elementor-widget elementor-widget-heading\" data-id=\"3a3ec4e\" data-element_type=\"widget\" data-widget_type=\"heading.default\">\n\t\t\t\t<div class=\"elementor-widget-container\">\n\t\t\t\t\t<h2 class=\"elementor-heading-title elementor-size-default\">4. R\u00fccksendung von Produkten nach Vertragsbeendigung: <\/h2>\t\t\t\t<\/div>\n\t\t\t\t<\/div>\n\t\t\t\t<div class=\"elementor-element elementor-element-f5b64d8 elementor-widget elementor-widget-text-editor\" data-id=\"f5b64d8\" data-element_type=\"widget\" data-widget_type=\"text-editor.default\">\n\t\t\t\t<div class=\"elementor-widget-container\">\n\t\t\t\t\t\t\t\t\t<p><span style=\"font-weight: 400;\">Wenn Sie den Vertrag k\u00fcndigen, nachdem die Produkte versandt und an Sie geliefert wurden, m\u00fcssen Sie sie innerhalb einer angemessenen Frist an uns zur\u00fccksenden oder uns die Abholung erm\u00f6glichen. Wenn Sie den Vertrag aufgrund einer \u00c4nderung am Produkt, eines Preis- oder Beschreibungsfehlers, einer Lieferverz\u00f6gerung aufgrund von Ereignissen au\u00dferhalb unserer Kontrolle oder eines anderen Problems k\u00fcndigen, werden die R\u00fccksendekosten von uns \u00fcbernommen. In allen anderen F\u00e4llen tragen Sie die Kosten f\u00fcr die R\u00fccksendung.  <\/span><\/p>\n\t\t\t\t\t\t\t\t<\/div>\n\t\t\t\t<\/div>\n\t\t\t\t<div class=\"elementor-element elementor-element-af8405e elementor-widget elementor-widget-heading\" data-id=\"af8405e\" data-element_type=\"widget\" data-widget_type=\"heading.default\">\n\t\t\t\t<div class=\"elementor-widget-container\">\n\t\t\t\t\t<h2 class=\"elementor-heading-title elementor-size-default\">Kontaktieren Sie uns<\/h2>\t\t\t\t<\/div>\n\t\t\t\t<\/div>\n\t\t\t\t<div class=\"elementor-element elementor-element-3213d52 elementor-widget elementor-widget-text-editor\" data-id=\"3213d52\" data-element_type=\"widget\" data-widget_type=\"text-editor.default\">\n\t\t\t\t<div class=\"elementor-widget-container\">\n\t\t\t\t\t\t\t\t\t<p>Wenn Sie Fragen zu unserer R\u00fcckgabe- und Reklamationsrichtlinie haben, wenden Sie sich bitte an:<\/p><p><span style=\"font-weight: 400;\"><a href=\"mailto:info@stileuropa.com\">info@stileuropa.com<\/a><\/span><\/p><p><a href=\"https:\/\/api.whatsapp.com\/send?phone=359895078348\"><span class=\"elementor-icon-list-text\">Whatsapp-Supportlinie<\/span><\/a><\/p>\t\t\t\t\t\t\t\t<\/div>\n\t\t\t\t<\/div>\n\t\t\t\t<\/div>\n\t\t\t\t\t<\/div>\n\t\t\t\t<\/div>\n\t\t\t\t<\/div>\n\t\t","protected":false},"excerpt":{"rendered":"<p>R\u00fcckgaben &amp; Reklamationen 1. Stornierungen aufgrund von Meinungs\u00e4nderungen: Sie k\u00f6nnen Ihre Bestellung jederzeit vor der Lieferung stornieren. Wenn Ihre Bestellung noch nicht versandt wurde, wird eine vollst\u00e4ndige R\u00fcckerstattung ohne Abz\u00fcge ausgestellt. Wenn Ihre Bestellung bereits versandt wurde, wird die Versandgeb\u00fchr nicht zur\u00fcckerstattet und Sie tragen die Kosten f\u00fcr die R\u00fccksendung. 2. R\u00fccksendungen aufgrund von Meinungs\u00e4nderungen: [&hellip;]<\/p>\n","protected":false},"author":1,"featured_media":0,"parent":0,"menu_order":0,"comment_status":"closed","ping_status":"closed","template":"","meta":{"footnotes":""},"class_list":["post-10295","page","type-page","status-publish","hentry"],"yoast_head":"<!-- This site is optimized with the Yoast SEO plugin v24.9 - https:\/\/yoast.com\/wordpress\/plugins\/seo\/ -->\n<title>R\u00fcckgaben &amp; Reklamationen - StilEuropa<\/title>\n<meta name=\"description\" content=\"R\u00fcckgabeanspr\u00fcche - Sie k\u00f6nnen Ihre Bestellung jederzeit vor der Lieferung stornieren. Wenn Ihre Bestellung noch nicht versandt wurde, wird eine vollst\u00e4ndige R\u00fcckerstattung ausgestellt.\" \/>\n<meta name=\"robots\" content=\"index, follow, max-snippet:-1, max-image-preview:large, max-video-preview:-1\" \/>\n<link rel=\"canonical\" href=\"https:\/\/stileuropa.com\/returns-claims\/\" \/>\n<meta property=\"og:locale\" content=\"de_DE\" \/>\n<meta property=\"og:type\" content=\"article\" \/>\n<meta property=\"og:title\" content=\"R\u00fcckgaben &amp; Reklamationen - StilEuropa\" \/>\n<meta property=\"og:description\" content=\"R\u00fcckgabeanspr\u00fcche - Sie k\u00f6nnen Ihre Bestellung jederzeit vor der Lieferung stornieren. Wenn Ihre Bestellung noch nicht versandt wurde, wird eine vollst\u00e4ndige R\u00fcckerstattung ausgestellt.\" \/>\n<meta property=\"og:url\" content=\"https:\/\/stileuropa.com\/returns-claims\/\" \/>\n<meta property=\"og:site_name\" content=\"StilEuropa\" \/>\n<meta property=\"article:modified_time\" content=\"2024-12-01T07:25:21+00:00\" \/>\n<meta name=\"twitter:card\" content=\"summary_large_image\" \/>\n<meta name=\"twitter:label1\" content=\"Gesch\u00e4tzte Lesezeit\" \/>\n\t<meta name=\"twitter:data1\" content=\"2\u00a0Minuten\" \/>\n<script type=\"application\/ld+json\" class=\"yoast-schema-graph\">{\"@context\":\"https:\/\/schema.org\",\"@graph\":[{\"@type\":\"WebPage\",\"@id\":\"https:\/\/stileuropa.com\/returns-claims\/\",\"url\":\"https:\/\/stileuropa.com\/returns-claims\/\",\"name\":\"R\u00fcckgaben &amp; Reklamationen - StilEuropa\",\"isPartOf\":{\"@id\":\"https:\/\/stileuropa.com\/#website\"},\"datePublished\":\"2024-07-09T01:31:20+00:00\",\"dateModified\":\"2024-12-01T07:25:21+00:00\",\"description\":\"R\u00fcckgabeanspr\u00fcche - Sie k\u00f6nnen Ihre Bestellung jederzeit vor der Lieferung stornieren. Wenn Ihre Bestellung noch nicht versandt wurde, wird eine vollst\u00e4ndige R\u00fcckerstattung ausgestellt.\",\"breadcrumb\":{\"@id\":\"https:\/\/stileuropa.com\/returns-claims\/#breadcrumb\"},\"inLanguage\":\"de\",\"potentialAction\":[{\"@type\":\"ReadAction\",\"target\":[\"https:\/\/stileuropa.com\/returns-claims\/\"]}]},{\"@type\":\"BreadcrumbList\",\"@id\":\"https:\/\/stileuropa.com\/returns-claims\/#breadcrumb\",\"itemListElement\":[{\"@type\":\"ListItem\",\"position\":1,\"name\":\"Home\",\"item\":\"https:\/\/stileuropa.com\/\"},{\"@type\":\"ListItem\",\"position\":2,\"name\":\"R\u00fcckgaben &amp; Reklamationen\"}]},{\"@type\":\"WebSite\",\"@id\":\"https:\/\/stileuropa.com\/#website\",\"url\":\"https:\/\/stileuropa.com\/\",\"name\":\"StilEuropa\",\"description\":\"\",\"publisher\":{\"@id\":\"https:\/\/stileuropa.com\/#organization\"},\"potentialAction\":[{\"@type\":\"SearchAction\",\"target\":{\"@type\":\"EntryPoint\",\"urlTemplate\":\"https:\/\/stileuropa.com\/?s={search_term_string}\"},\"query-input\":{\"@type\":\"PropertyValueSpecification\",\"valueRequired\":true,\"valueName\":\"search_term_string\"}}],\"inLanguage\":\"de\"},{\"@type\":\"Organization\",\"@id\":\"https:\/\/stileuropa.com\/#organization\",\"name\":\"StilEuropa\",\"url\":\"https:\/\/stileuropa.com\/\",\"logo\":{\"@type\":\"ImageObject\",\"inLanguage\":\"de\",\"@id\":\"https:\/\/stileuropa.com\/#\/schema\/logo\/image\/\",\"url\":\"https:\/\/stileuropa.com\/wp-content\/uploads\/2024\/08\/styleuropa-logo-black.webp\",\"contentUrl\":\"https:\/\/stileuropa.com\/wp-content\/uploads\/2024\/08\/styleuropa-logo-black.webp\",\"width\":501,\"height\":53,\"caption\":\"StilEuropa\"},\"image\":{\"@id\":\"https:\/\/stileuropa.com\/#\/schema\/logo\/image\/\"}}]}<\/script>\n<!-- \/ Yoast SEO plugin. -->","yoast_head_json":{"title":"R\u00fcckgaben &amp; Reklamationen - StilEuropa","description":"R\u00fcckgabeanspr\u00fcche - Sie k\u00f6nnen Ihre Bestellung jederzeit vor der Lieferung stornieren. Wenn Ihre Bestellung noch nicht versandt wurde, wird eine vollst\u00e4ndige R\u00fcckerstattung ausgestellt.","robots":{"index":"index","follow":"follow","max-snippet":"max-snippet:-1","max-image-preview":"max-image-preview:large","max-video-preview":"max-video-preview:-1"},"canonical":"https:\/\/stileuropa.com\/returns-claims\/","og_locale":"de_DE","og_type":"article","og_title":"R\u00fcckgaben &amp; Reklamationen - StilEuropa","og_description":"R\u00fcckgabeanspr\u00fcche - Sie k\u00f6nnen Ihre Bestellung jederzeit vor der Lieferung stornieren. Wenn Ihre Bestellung noch nicht versandt wurde, wird eine vollst\u00e4ndige R\u00fcckerstattung ausgestellt.","og_url":"https:\/\/stileuropa.com\/returns-claims\/","og_site_name":"StilEuropa","article_modified_time":"2024-12-01T07:25:21+00:00","twitter_card":"summary_large_image","twitter_misc":{"Gesch\u00e4tzte Lesezeit":"2\u00a0Minuten"},"schema":{"@context":"https:\/\/schema.org","@graph":[{"@type":"WebPage","@id":"https:\/\/stileuropa.com\/returns-claims\/","url":"https:\/\/stileuropa.com\/returns-claims\/","name":"R\u00fcckgaben &amp; Reklamationen - StilEuropa","isPartOf":{"@id":"https:\/\/stileuropa.com\/#website"},"datePublished":"2024-07-09T01:31:20+00:00","dateModified":"2024-12-01T07:25:21+00:00","description":"R\u00fcckgabeanspr\u00fcche - Sie k\u00f6nnen Ihre Bestellung jederzeit vor der Lieferung stornieren. Wenn Ihre Bestellung noch nicht versandt wurde, wird eine vollst\u00e4ndige R\u00fcckerstattung ausgestellt.","breadcrumb":{"@id":"https:\/\/stileuropa.com\/returns-claims\/#breadcrumb"},"inLanguage":"de","potentialAction":[{"@type":"ReadAction","target":["https:\/\/stileuropa.com\/returns-claims\/"]}]},{"@type":"BreadcrumbList","@id":"https:\/\/stileuropa.com\/returns-claims\/#breadcrumb","itemListElement":[{"@type":"ListItem","position":1,"name":"Home","item":"https:\/\/stileuropa.com\/"},{"@type":"ListItem","position":2,"name":"R\u00fcckgaben &amp; Reklamationen"}]},{"@type":"WebSite","@id":"https:\/\/stileuropa.com\/#website","url":"https:\/\/stileuropa.com\/","name":"StilEuropa","description":"","publisher":{"@id":"https:\/\/stileuropa.com\/#organization"},"potentialAction":[{"@type":"SearchAction","target":{"@type":"EntryPoint","urlTemplate":"https:\/\/stileuropa.com\/?s={search_term_string}"},"query-input":{"@type":"PropertyValueSpecification","valueRequired":true,"valueName":"search_term_string"}}],"inLanguage":"de"},{"@type":"Organization","@id":"https:\/\/stileuropa.com\/#organization","name":"StilEuropa","url":"https:\/\/stileuropa.com\/","logo":{"@type":"ImageObject","inLanguage":"de","@id":"https:\/\/stileuropa.com\/#\/schema\/logo\/image\/","url":"https:\/\/stileuropa.com\/wp-content\/uploads\/2024\/08\/styleuropa-logo-black.webp","contentUrl":"https:\/\/stileuropa.com\/wp-content\/uploads\/2024\/08\/styleuropa-logo-black.webp","width":501,"height":53,"caption":"StilEuropa"},"image":{"@id":"https:\/\/stileuropa.com\/#\/schema\/logo\/image\/"}}]}},"_links":{"self":[{"href":"https:\/\/stileuropa.com\/de\/wp-json\/wp\/v2\/pages\/10295","targetHints":{"allow":["GET"]}}],"collection":[{"href":"https:\/\/stileuropa.com\/de\/wp-json\/wp\/v2\/pages"}],"about":[{"href":"https:\/\/stileuropa.com\/de\/wp-json\/wp\/v2\/types\/page"}],"author":[{"embeddable":true,"href":"https:\/\/stileuropa.com\/de\/wp-json\/wp\/v2\/users\/1"}],"replies":[{"embeddable":true,"href":"https:\/\/stileuropa.com\/de\/wp-json\/wp\/v2\/comments?post=10295"}],"version-history":[{"count":0,"href":"https:\/\/stileuropa.com\/de\/wp-json\/wp\/v2\/pages\/10295\/revisions"}],"wp:attachment":[{"href":"https:\/\/stileuropa.com\/de\/wp-json\/wp\/v2\/media?parent=10295"}],"curies":[{"name":"wp","href":"https:\/\/api.w.org\/{rel}","templated":true}]}}